{"id":7746,"date":"2025-09-07T14:49:15","date_gmt":"2025-09-07T06:49:15","guid":{"rendered":"https:\/\/tucbo.com\/?post_type=product&#038;p=7746"},"modified":"2025-09-07T14:53:22","modified_gmt":"2025-09-07T06:53:22","slug":"dornenkugel-rosa-silikon-g-punkt-rabbit-vibrator","status":"publish","type":"product","link":"https:\/\/tucbo.com\/de\/produkt\/dornenkugel-rosa-silikon-g-punkt-rabbit-vibrator\/","title":{"rendered":"Thorn Ball Pink Silikon-G-Punkt-Rabbit-Vibrator"},"content":{"rendered":"<table class=\"contacttbl\" cellspacing=\"0\">\n<tbody>\n<tr>\n<td>Farbe<\/td>\n<td>Rosa<\/td>\n<\/tr>\n<tr>\n<td>Material<\/td>\n<td>Silikon und ABS<\/td>\n<\/tr>\n<tr>\n<td>Funktionen<\/td>\n<td>10 Vibrationsgeschwindigkeiten, doppelter G-Punkt-Stimulator, Klitorisstimulator und komfortabler Griff<\/td>\n<\/tr>\n<tr>\n<td>Einf\u00fchrbare L\u00e4nge<\/td>\n<td>5 Zoll<\/td>\n<\/tr>\n<tr>\n<td>L\u00e4nge<\/td>\n<td>7 Zoll<\/td>\n<\/tr>\n<tr>\n<td>Durchmesser<\/td>\n<td>1,43 Zoll<\/td>\n<\/tr>\n<tr>\n<td>Wasserdicht?<\/td>\n<td>Spritzwassergesch\u00fctzt<\/td>\n<\/tr>\n<tr>\n<td>Strom<\/td>\n<td>3 x LR44-Batterien (im Lieferumfang enthalten)<\/td>\n<\/tr>\n<\/tbody>\n<\/table>","protected":false},"excerpt":{"rendered":"<p>\u2022 Der gerippte K\u00f6rper ist sanft gew\u00f6lbt, um eine G-Punkt-Massage zu erm\u00f6glichen.<\/p>\n<p>\u2022  Der externe Stimulator vibriert gegen Ihre Klitoris und sorgt so f\u00fcr doppeltes Vergn\u00fcgen.<\/p>\n<p>\u2022  Sie haben die Qual der Wahl zwischen 10 Vibrationseinstellungen<\/p>\n<p>\u2022  Samtig-weiches Silikon f\u00fchlt sich herrlich auf Ihrer Haut an.<\/p>\n<div><\/div>","protected":false},"featured_media":7749,"comment_status":"open","ping_status":"closed","template":"","meta":{"_seopress_robots_primary_cat":"none","_seopress_titles_title":"","_seopress_titles_desc":"","_seopress_robots_index":""},"product_brand":[],"product_cat":[15,191,133,115],"product_tag":[189,188,186,187,148,161],"class_list":{"0":"post-7746","1":"product","2":"type-product","3":"status-publish","4":"has-post-thumbnail","6":"product_cat-all-products","7":"product_cat-rabbit-vibrators","8":"product_cat-sex-toys","9":"product_cat-vibrators","10":"product_tag-all","11":"product_tag-couples","12":"product_tag-female","13":"product_tag-male","14":"product_tag-rabbit-vibrators","15":"product_tag-rechargeable","16":"pa_color-pink","18":"first","19":"instock","20":"sale","21":"taxable","22":"shipping-taxable","23":"purchasable","24":"product-type-simple"},"acf":[],"_links":{"self":[{"href":"https:\/\/tucbo.com\/de\/wp-json\/wp\/v2\/product\/7746","targetHints":{"allow":["GET"]}}],"collection":[{"href":"https:\/\/tucbo.com\/de\/wp-json\/wp\/v2\/product"}],"about":[{"href":"https:\/\/tucbo.com\/de\/wp-json\/wp\/v2\/types\/product"}],"replies":[{"embeddable":true,"href":"https:\/\/tucbo.com\/de\/wp-json\/wp\/v2\/comments?post=7746"}],"wp:featuredmedia":[{"embeddable":true,"href":"https:\/\/tucbo.com\/de\/wp-json\/wp\/v2\/media\/7749"}],"wp:attachment":[{"href":"https:\/\/tucbo.com\/de\/wp-json\/wp\/v2\/media?parent=7746"}],"wp:term":[{"taxonomy":"product_brand","embeddable":true,"href":"https:\/\/tucbo.com\/de\/wp-json\/wp\/v2\/product_brand?post=7746"},{"taxonomy":"product_cat","embeddable":true,"href":"https:\/\/tucbo.com\/de\/wp-json\/wp\/v2\/product_cat?post=7746"},{"taxonomy":"product_tag","embeddable":true,"href":"https:\/\/tucbo.com\/de\/wp-json\/wp\/v2\/product_tag?post=7746"}],"curies":[{"name":"wp","href":"https:\/\/api.w.org\/{rel}","templated":true}]}}