{"id":7649,"date":"2025-08-25T23:15:07","date_gmt":"2025-08-25T15:15:07","guid":{"rendered":"https:\/\/tucbo.com\/?post_type=product&#038;p=7649"},"modified":"2025-08-25T23:17:11","modified_gmt":"2025-08-25T15:17:11","slug":"come-hither-silikon-rotations-kaninchen-vibrator","status":"publish","type":"product","link":"https:\/\/tucbo.com\/de\/produkt\/come-hither-silikon-rotations-kaninchen-vibrator\/","title":{"rendered":"Come-Hither Silikon-Rotationsvibrator mit Rabbit-Aufsatz"},"content":{"rendered":"<table class=\"contacttbl\" cellspacing=\"0\">\n<tbody>\n<tr>\n<td>Farbe<\/td>\n<td>Lila und wei\u00df<\/td>\n<\/tr>\n<tr>\n<td>Material<\/td>\n<td>Silikon und ABS<\/td>\n<\/tr>\n<tr>\n<td>Funktionen<\/td>\n<td>3 Vibrationsgeschwindigkeiten und 4 Muster. Kraftvolle Hasenohren f\u00fcr aufregende \u00e4u\u00dfere Lustempfindungen. Rotierende Perlen drehen sich mit 3 verschiedenen Geschwindigkeiten, w\u00e4hrend sich die Spitze entsprechend dreht und f\u00fcr intensive innere Stimulation sorgt.<\/td>\n<\/tr>\n<tr>\n<td>Einf\u00fchrbare L\u00e4nge<\/td>\n<td>4,5 Zoll<\/td>\n<\/tr>\n<tr>\n<td>Gesamtl\u00e4nge<\/td>\n<td>8,5 Zoll<\/td>\n<\/tr>\n<tr>\n<td>Durchmesser<\/td>\n<td>1,27 Zoll an der breitesten Stelle<\/td>\n<\/tr>\n<tr>\n<td>Wasserdicht<\/td>\n<td>Spritzwassergesch\u00fctzt<\/td>\n<\/tr>\n<tr>\n<td>Strom<\/td>\n<td>USB-aufladbar mit dem mitgelieferten Magnetladeger\u00e4t.<\/td>\n<\/tr>\n<\/tbody>\n<\/table>","protected":false},"excerpt":{"rendered":"<p>\u2022 Dieser rotierende Rabbit-Vibrator wird Sie vor Lust um den Verstand bringen.<\/p>\n<p>\u2022 Entdecken Sie 3 Rotationsgeschwindigkeiten f\u00fcr die ultimative G-Punkt-Massage<\/p>\n<p>\u2022 7 Vibrationsmodi sorgen f\u00fcr ein intensives Gef\u00fchl durch den Rabbit-Klitorisstimulator und den festen Schaft.<\/p>\n<p>\u2022 Weiches, mattes Silikon sorgt f\u00fcr angenehmen Tragekomfort und l\u00e4sst sich leicht reinigen.<\/p>\n<p>\u2022 Weiches, mattes Silikon sorgt f\u00fcr angenehmen Tragekomfort und l\u00e4sst sich leicht reinigen.<\/p>","protected":false},"featured_media":7652,"comment_status":"open","ping_status":"closed","template":"","meta":{"_seopress_robots_primary_cat":"none","_seopress_titles_title":"","_seopress_titles_desc":"","_seopress_robots_index":""},"product_brand":[],"product_cat":[15,191,133,115],"product_tag":[189,188,186,148,161],"class_list":{"0":"post-7649","1":"product","2":"type-product","3":"status-publish","4":"has-post-thumbnail","6":"product_cat-all-products","7":"product_cat-rabbit-vibrators","8":"product_cat-sex-toys","9":"product_cat-vibrators","10":"product_tag-all","11":"product_tag-couples","12":"product_tag-female","13":"product_tag-rabbit-vibrators","14":"product_tag-rechargeable","15":"pa_color-purple","17":"first","18":"instock","19":"sale","20":"taxable","21":"shipping-taxable","22":"purchasable","23":"product-type-simple"},"acf":[],"_links":{"self":[{"href":"https:\/\/tucbo.com\/de\/wp-json\/wp\/v2\/product\/7649","targetHints":{"allow":["GET"]}}],"collection":[{"href":"https:\/\/tucbo.com\/de\/wp-json\/wp\/v2\/product"}],"about":[{"href":"https:\/\/tucbo.com\/de\/wp-json\/wp\/v2\/types\/product"}],"replies":[{"embeddable":true,"href":"https:\/\/tucbo.com\/de\/wp-json\/wp\/v2\/comments?post=7649"}],"wp:featuredmedia":[{"embeddable":true,"href":"https:\/\/tucbo.com\/de\/wp-json\/wp\/v2\/media\/7652"}],"wp:attachment":[{"href":"https:\/\/tucbo.com\/de\/wp-json\/wp\/v2\/media?parent=7649"}],"wp:term":[{"taxonomy":"product_brand","embeddable":true,"href":"https:\/\/tucbo.com\/de\/wp-json\/wp\/v2\/product_brand?post=7649"},{"taxonomy":"product_cat","embeddable":true,"href":"https:\/\/tucbo.com\/de\/wp-json\/wp\/v2\/product_cat?post=7649"},{"taxonomy":"product_tag","embeddable":true,"href":"https:\/\/tucbo.com\/de\/wp-json\/wp\/v2\/product_tag?post=7649"}],"curies":[{"name":"wp","href":"https:\/\/api.w.org\/{rel}","templated":true}]}}