{"id":7644,"date":"2025-08-25T23:06:42","date_gmt":"2025-08-25T15:06:42","guid":{"rendered":"https:\/\/tucbo.com\/?post_type=product&#038;p=7644"},"modified":"2025-08-25T23:07:14","modified_gmt":"2025-08-25T15:07:14","slug":"rosa-tapping-kaninchen-vibrator","status":"publish","type":"product","link":"https:\/\/tucbo.com\/de\/produkt\/rosa-tapping-kaninchen-vibrator\/","title":{"rendered":"Rosa Tapping Rabbit Vibrator"},"content":{"rendered":"<table class=\"contacttbl\" cellspacing=\"0\">\n<tbody>\n<tr>\n<td>Farbe<\/td>\n<td>Rosa<\/td>\n<\/tr>\n<tr>\n<td>Material<\/td>\n<td>Silikon mit ABS-Details<\/td>\n<\/tr>\n<tr>\n<td>Funktionen<\/td>\n<td>15-Funktionen-Rabbit-Vibrator mit zwei Motoren. Der Schaft verf\u00fcgt \u00fcber 5 Klopf- und Pulsfunktionen sowie verschiedene Vibrationsgeschwindigkeiten und -muster. Der Rabbit hat 10 Funktionen, um die perfekte Kombination f\u00fcr orgasmische Gl\u00fcckseligkeit zu schaffen.<\/td>\n<\/tr>\n<tr>\n<td>Gesamtl\u00e4nge<\/td>\n<td>20 cm<\/td>\n<\/tr>\n<tr>\n<td>Einf\u00fchrbare L\u00e4nge<\/td>\n<td>5,25 Zoll<\/td>\n<\/tr>\n<tr>\n<td>Durchmesser<\/td>\n<td>3,7 cm<\/td>\n<\/tr>\n<tr>\n<td>Wasserdicht?<\/td>\n<td>Ja<\/td>\n<\/tr>\n<tr>\n<td>Strom<\/td>\n<td>USB Wiederaufladbar<\/td>\n<\/tr>\n<\/tbody>\n<\/table>","protected":false},"excerpt":{"rendered":"<p>\u2022 Mit diesem innovativen Rabbit-Vibrator erleben Sie Orgasmen auf Knopfdruck.<\/p>\n<p>\u2022 Interner Stimulator ahmt Fingerspiele mit 5 Geschwindigkeitsstufen nach und erm\u00f6glicht so eine vollst\u00e4ndige Anpassung des H\u00f6hepunkts an Ihre Bed\u00fcrfnisse.<\/p>\n<p>\u2022 Zwei Motoren sorgen f\u00fcr 10 kraftvolle Vibrationseinstellungen entlang des schlanken Schafts und der Klitorisstimulation.<\/p>\n<p>\u2022 Der 5,3 Zoll lange Silikonschaft ist gebogen, um Ihren G-Punkt zu reizen und Ihnen ein himmlisches Erlebnis zu bescheren.<\/p>\n<p>\u2022 \u00dcber USB aufladbar und vollst\u00e4ndig wasserdicht f\u00fcr entspannende, hei\u00dfe Momente<\/p>","protected":false},"featured_media":7647,"comment_status":"open","ping_status":"closed","template":"","meta":{"_seopress_robots_primary_cat":"none","_seopress_titles_title":"","_seopress_titles_desc":"","_seopress_robots_index":""},"product_brand":[],"product_cat":[15,191,133,115],"product_tag":[189,188,186,148,161],"class_list":{"0":"post-7644","1":"product","2":"type-product","3":"status-publish","4":"has-post-thumbnail","6":"product_cat-all-products","7":"product_cat-rabbit-vibrators","8":"product_cat-sex-toys","9":"product_cat-vibrators","10":"product_tag-all","11":"product_tag-couples","12":"product_tag-female","13":"product_tag-rabbit-vibrators","14":"product_tag-rechargeable","15":"pa_color-pink","17":"first","18":"instock","19":"sale","20":"taxable","21":"shipping-taxable","22":"purchasable","23":"product-type-simple"},"acf":[],"_links":{"self":[{"href":"https:\/\/tucbo.com\/de\/wp-json\/wp\/v2\/product\/7644","targetHints":{"allow":["GET"]}}],"collection":[{"href":"https:\/\/tucbo.com\/de\/wp-json\/wp\/v2\/product"}],"about":[{"href":"https:\/\/tucbo.com\/de\/wp-json\/wp\/v2\/types\/product"}],"replies":[{"embeddable":true,"href":"https:\/\/tucbo.com\/de\/wp-json\/wp\/v2\/comments?post=7644"}],"wp:featuredmedia":[{"embeddable":true,"href":"https:\/\/tucbo.com\/de\/wp-json\/wp\/v2\/media\/7647"}],"wp:attachment":[{"href":"https:\/\/tucbo.com\/de\/wp-json\/wp\/v2\/media?parent=7644"}],"wp:term":[{"taxonomy":"product_brand","embeddable":true,"href":"https:\/\/tucbo.com\/de\/wp-json\/wp\/v2\/product_brand?post=7644"},{"taxonomy":"product_cat","embeddable":true,"href":"https:\/\/tucbo.com\/de\/wp-json\/wp\/v2\/product_cat?post=7644"},{"taxonomy":"product_tag","embeddable":true,"href":"https:\/\/tucbo.com\/de\/wp-json\/wp\/v2\/product_tag?post=7644"}],"curies":[{"name":"wp","href":"https:\/\/api.w.org\/{rel}","templated":true}]}}