{"id":7619,"date":"2025-08-23T15:26:30","date_gmt":"2025-08-23T07:26:30","guid":{"rendered":"https:\/\/tucbo.com\/?post_type=product&#038;p=7619"},"modified":"2025-08-23T15:26:30","modified_gmt":"2025-08-23T07:26:30","slug":"blau-rotierender-kaninchen-vibrator","status":"publish","type":"product","link":"https:\/\/tucbo.com\/de\/produkt\/blau-rotierender-kaninchen-vibrator\/","title":{"rendered":"Blauer rotierender Rabbit-Vibrator"},"content":{"rendered":"<table class=\"contacttbl\" cellspacing=\"0\">\n<tbody>\n<tr>\n<td>Farbe<\/td>\n<td>Blau<\/td>\n<\/tr>\n<tr>\n<td>Material<\/td>\n<td>Silikon<\/td>\n<\/tr>\n<tr>\n<td>Funktionen<\/td>\n<td>Mehrere Vibrationsmuster im Inneren des Rabbit und der vibrierende, gebogene Schaft mit \u201eCome Hither\u201c-Funktion, die beide \u00fcber separate Druckkn\u00f6pfe individuell bedient werden k\u00f6nnen und so verschiedene Kombinationen erm\u00f6glichen. Ergonomisch geformter Griff f\u00fcr komfortable und einfache Handhabung, hergestellt aus sehr glattem Silikon.<\/td>\n<\/tr>\n<tr>\n<td>Gesamtl\u00e4nge<\/td>\n<td>8,5 Zoll<\/td>\n<\/tr>\n<tr>\n<td>Einf\u00fchrbare L\u00e4nge<\/td>\n<td>4,8 Zoll<\/td>\n<\/tr>\n<tr>\n<td>Durchmesser<\/td>\n<td>1,4 Zoll<\/td>\n<\/tr>\n<tr>\n<td>Wasserdicht?<\/td>\n<td>Spritzwassergesch\u00fctzt<\/td>\n<\/tr>\n<tr>\n<td>Strom<\/td>\n<td>Magnetisch USB Wiederaufladbar<\/td>\n<\/tr>\n<\/tbody>\n<\/table>","protected":false},"excerpt":{"rendered":"<p>\u2022 Sp\u00fcren Sie ein Kribbeln der Zufriedenheit von innen und au\u00dfen mit diesem vibrierenden Rabbit.<\/p>\n<p>\u2022 Kombinieren Sie 5 atemberaubende Vibrationseinstellungen mit 10 Modi f\u00fcr \u201eCome Hither\u201d-Bewegungen.<\/p>\n<p>\u2022 Luxuri\u00f6s glattes Silikon ist k\u00f6rpervertr\u00e4glich, mit einer Kurve und Konturen, die auf den G-Punkt ausgerichtet sind.<\/p>\n<p>\u2022 Das magnetische USB-Laden ist praktisch, egal wo Sie sich befinden.<\/p>","protected":false},"featured_media":7637,"comment_status":"open","ping_status":"closed","template":"","meta":{"_seopress_robots_primary_cat":"none","_seopress_titles_title":"","_seopress_titles_desc":"","_seopress_robots_index":""},"product_brand":[],"product_cat":[15,191,133],"product_tag":[189,188,186,148,161],"class_list":{"0":"post-7619","1":"product","2":"type-product","3":"status-publish","4":"has-post-thumbnail","6":"product_cat-all-products","7":"product_cat-rabbit-vibrators","8":"product_cat-sex-toys","9":"product_tag-all","10":"product_tag-couples","11":"product_tag-female","12":"product_tag-rabbit-vibrators","13":"product_tag-rechargeable","14":"pa_color-blue","16":"first","17":"instock","18":"taxable","19":"shipping-taxable","20":"purchasable","21":"product-type-simple"},"acf":[],"_links":{"self":[{"href":"https:\/\/tucbo.com\/de\/wp-json\/wp\/v2\/product\/7619","targetHints":{"allow":["GET"]}}],"collection":[{"href":"https:\/\/tucbo.com\/de\/wp-json\/wp\/v2\/product"}],"about":[{"href":"https:\/\/tucbo.com\/de\/wp-json\/wp\/v2\/types\/product"}],"replies":[{"embeddable":true,"href":"https:\/\/tucbo.com\/de\/wp-json\/wp\/v2\/comments?post=7619"}],"wp:featuredmedia":[{"embeddable":true,"href":"https:\/\/tucbo.com\/de\/wp-json\/wp\/v2\/media\/7637"}],"wp:attachment":[{"href":"https:\/\/tucbo.com\/de\/wp-json\/wp\/v2\/media?parent=7619"}],"wp:term":[{"taxonomy":"product_brand","embeddable":true,"href":"https:\/\/tucbo.com\/de\/wp-json\/wp\/v2\/product_brand?post=7619"},{"taxonomy":"product_cat","embeddable":true,"href":"https:\/\/tucbo.com\/de\/wp-json\/wp\/v2\/product_cat?post=7619"},{"taxonomy":"product_tag","embeddable":true,"href":"https:\/\/tucbo.com\/de\/wp-json\/wp\/v2\/product_tag?post=7619"}],"curies":[{"name":"wp","href":"https:\/\/api.w.org\/{rel}","templated":true}]}}