{"id":7612,"date":"2025-08-23T14:57:04","date_gmt":"2025-08-23T06:57:04","guid":{"rendered":"https:\/\/tucbo.com\/?post_type=product&#038;p=7612"},"modified":"2025-08-23T15:20:27","modified_gmt":"2025-08-23T07:20:27","slug":"tiefrot-violett-warm-kaninchen-vibrator-warmender-kaninchen-vibrator","status":"publish","type":"product","link":"https:\/\/tucbo.com\/de\/produkt\/tiefrot-violett-warm-kaninchen-vibrator-warmender-kaninchen-vibrator\/","title":{"rendered":"Tiefrot\/violetter warmer Rabbit-Vibrator W\u00e4rmender Rabbit-Vibrator"},"content":{"rendered":"<table class=\"contacttbl\" cellspacing=\"0\">\n<tbody>\n<tr>\n<td>Farbe<\/td>\n<td>Violett und Tiefrot<\/td>\n<\/tr>\n<tr>\n<td>Material<\/td>\n<td>ABS und Silikon<\/td>\n<\/tr>\n<tr>\n<td>Funktionen<\/td>\n<td>Flexibler Schaft, 7 Vibrationsmodi, w\u00e4rmender Kern<\/td>\n<\/tr>\n<tr>\n<td>Gesamtl\u00e4nge<\/td>\n<td>7,5 Zoll<\/td>\n<\/tr>\n<tr>\n<td>Einf\u00fchrl\u00e4nge<\/td>\n<td>4 Zoll<\/td>\n<\/tr>\n<tr>\n<td>Durchmesser<\/td>\n<td>1,1 Zoll<\/td>\n<\/tr>\n<tr>\n<td>Strom<\/td>\n<td>Wiederaufladbar USB<\/td>\n<\/tr>\n<\/tbody>\n<\/table>","protected":false},"excerpt":{"rendered":"<p>\u2022 Mach es dir gem\u00fctlich mit diesem kurvigen H\u00e4schen mit orgasmusf\u00f6rdernder W\u00e4rmefunktion.<\/p>\n<p>\u2022 Entdecken Sie 7 Vibrationsmodi \u00fcber den flexiblen G-Punkt-Massageschaft.<\/p>\n<p>\u2022 Entspannende W\u00e4rme im Inneren weckt Ihre Erregung f\u00fcr st\u00e4rkere Orgasmen bei 35\u201345 \u00b0C.<\/p>\n<p>\u2022 Genie\u00dfen Sie eine wunderbar harmonische Stimulation durch den vibrierenden Klitorisstimulator.<\/p>\n<p>\u2022 K\u00f6rpervertr\u00e4gliches Silikon in samtig schwarzem Finish mit schicken Ros\u00e9gold-Akzenten<\/p>\n<p>\u2022 \u00dcber USB aufladbar, sodass Ihnen verw\u00f6hnendes Vergn\u00fcgen jederzeit zur Verf\u00fcgung steht!<\/p>","protected":false},"featured_media":7615,"comment_status":"open","ping_status":"closed","template":"","meta":{"_seopress_robots_primary_cat":"none","_seopress_titles_title":"","_seopress_titles_desc":"","_seopress_robots_index":""},"product_brand":[],"product_cat":[15,191,133,115],"product_tag":[189,188,186,148,161],"class_list":{"0":"post-7612","1":"product","2":"type-product","3":"status-publish","4":"has-post-thumbnail","6":"product_cat-all-products","7":"product_cat-rabbit-vibrators","8":"product_cat-sex-toys","9":"product_cat-vibrators","10":"product_tag-all","11":"product_tag-couples","12":"product_tag-female","13":"product_tag-rabbit-vibrators","14":"product_tag-rechargeable","15":"pa_color-purple","17":"first","18":"instock","19":"sale","20":"taxable","21":"shipping-taxable","22":"purchasable","23":"product-type-simple"},"acf":[],"_links":{"self":[{"href":"https:\/\/tucbo.com\/de\/wp-json\/wp\/v2\/product\/7612","targetHints":{"allow":["GET"]}}],"collection":[{"href":"https:\/\/tucbo.com\/de\/wp-json\/wp\/v2\/product"}],"about":[{"href":"https:\/\/tucbo.com\/de\/wp-json\/wp\/v2\/types\/product"}],"replies":[{"embeddable":true,"href":"https:\/\/tucbo.com\/de\/wp-json\/wp\/v2\/comments?post=7612"}],"wp:featuredmedia":[{"embeddable":true,"href":"https:\/\/tucbo.com\/de\/wp-json\/wp\/v2\/media\/7615"}],"wp:attachment":[{"href":"https:\/\/tucbo.com\/de\/wp-json\/wp\/v2\/media?parent=7612"}],"wp:term":[{"taxonomy":"product_brand","embeddable":true,"href":"https:\/\/tucbo.com\/de\/wp-json\/wp\/v2\/product_brand?post=7612"},{"taxonomy":"product_cat","embeddable":true,"href":"https:\/\/tucbo.com\/de\/wp-json\/wp\/v2\/product_cat?post=7612"},{"taxonomy":"product_tag","embeddable":true,"href":"https:\/\/tucbo.com\/de\/wp-json\/wp\/v2\/product_tag?post=7612"}],"curies":[{"name":"wp","href":"https:\/\/api.w.org\/{rel}","templated":true}]}}