{"id":7568,"date":"2025-08-19T15:44:25","date_gmt":"2025-08-19T07:44:25","guid":{"rendered":"https:\/\/tucbo.com\/?post_type=product&#038;p=7568"},"modified":"2025-08-23T15:21:22","modified_gmt":"2025-08-23T07:21:22","slug":"sex-sparks-schockwelle-silikon-elektro-sex-rabbit-vibrator","status":"publish","type":"product","link":"https:\/\/tucbo.com\/de\/produkt\/sex-sparks-schockwelle-silikon-elektro-sex-rabbit-vibrator\/","title":{"rendered":"Sex-Funken-Schockwelle-Silikon-Elektro-Sex-Rabbit-Vibrator"},"content":{"rendered":"<table class=\"contacttbl\" cellspacing=\"0\">\n<tbody>\n<tr>\n<td>Farbe<\/td>\n<td>Schwarz<\/td>\n<\/tr>\n<tr>\n<td>Material<\/td>\n<td>Conductive Silicone<\/td>\n<\/tr>\n<tr>\n<td>Funktionen<\/td>\n<td>5 Elektrostimulationsstufen, 10 Vibrationsstufen mit 2 leistungsstarken Motoren, geriffelter Schaft f\u00fcr zus\u00e4tzliches G-Punkt-Vergn\u00fcgen, externe Klitorisstimulation mit den Rabbit-Ohren<\/td>\n<\/tr>\n<tr>\n<td>Einf\u00fchrbare L\u00e4nge<\/td>\n<td>4 Zoll<\/td>\n<\/tr>\n<tr>\n<td>Gesamtl\u00e4nge<\/td>\n<td>7,5 Zoll<\/td>\n<\/tr>\n<tr>\n<td>Durchmesser<\/td>\n<td>1,4 Zoll<\/td>\n<\/tr>\n<tr>\n<td>Wasserdicht<\/td>\n<td>Ja<\/td>\n<\/tr>\n<tr>\n<td>Strom<\/td>\n<td>USB Wiederaufladbar<\/td>\n<\/tr>\n<tr>\n<td>Gut f\u00fcr<\/td>\n<td>Menschen, die unter einer geringen Empfindlichkeit leiden<\/td>\n<\/tr>\n<\/tbody>\n<\/table>","protected":false},"excerpt":{"rendered":"<p>\u2022 Erleben Sie den Nervenkitzel eines Elektro-Sex-Rabbit-Vibrators f\u00fcr schockierende Befriedigung.<\/p>\n<p>\u2022 Die gebogene Spitze und die Hasenohren stimulieren gleichzeitig den G-Punkt und die Klitoris.<\/p>\n<p>\u2022 5 Elektroschock-Einstellungen und 10 Vibrationsfunktionen werden von 2 robusten Motoren angetrieben.<\/p>\n<p>\u2022 Der k\u00f6rpervertr\u00e4gliche Silikon-Rabbit-Vibrator ist vollst\u00e4ndig wiederaufladbar.<\/p>\n<p>\u2022 Elektrostimulation eignet sich hervorragend f\u00fcr Anwender mit geringer Empfindlichkeit.<\/p>\n<p>USB-aufladbar \u2013 Keine Steuereinheit f\u00fcr den Betrieb erforderlich<\/p>","protected":false},"featured_media":7571,"comment_status":"open","ping_status":"closed","template":"","meta":{"_seopress_robots_primary_cat":"none","_seopress_titles_title":"","_seopress_titles_desc":"","_seopress_robots_index":""},"product_brand":[],"product_cat":[15,191,133,115],"product_tag":[189,188,186,148,161],"class_list":{"0":"post-7568","1":"product","2":"type-product","3":"status-publish","4":"has-post-thumbnail","6":"product_cat-all-products","7":"product_cat-rabbit-vibrators","8":"product_cat-sex-toys","9":"product_cat-vibrators","10":"product_tag-all","11":"product_tag-couples","12":"product_tag-female","13":"product_tag-rabbit-vibrators","14":"product_tag-rechargeable","15":"pa_color-black","17":"first","18":"instock","19":"taxable","20":"shipping-taxable","21":"purchasable","22":"product-type-simple"},"acf":[],"_links":{"self":[{"href":"https:\/\/tucbo.com\/de\/wp-json\/wp\/v2\/product\/7568","targetHints":{"allow":["GET"]}}],"collection":[{"href":"https:\/\/tucbo.com\/de\/wp-json\/wp\/v2\/product"}],"about":[{"href":"https:\/\/tucbo.com\/de\/wp-json\/wp\/v2\/types\/product"}],"replies":[{"embeddable":true,"href":"https:\/\/tucbo.com\/de\/wp-json\/wp\/v2\/comments?post=7568"}],"wp:featuredmedia":[{"embeddable":true,"href":"https:\/\/tucbo.com\/de\/wp-json\/wp\/v2\/media\/7571"}],"wp:attachment":[{"href":"https:\/\/tucbo.com\/de\/wp-json\/wp\/v2\/media?parent=7568"}],"wp:term":[{"taxonomy":"product_brand","embeddable":true,"href":"https:\/\/tucbo.com\/de\/wp-json\/wp\/v2\/product_brand?post=7568"},{"taxonomy":"product_cat","embeddable":true,"href":"https:\/\/tucbo.com\/de\/wp-json\/wp\/v2\/product_cat?post=7568"},{"taxonomy":"product_tag","embeddable":true,"href":"https:\/\/tucbo.com\/de\/wp-json\/wp\/v2\/product_tag?post=7568"}],"curies":[{"name":"wp","href":"https:\/\/api.w.org\/{rel}","templated":true}]}}