{"id":7552,"date":"2025-08-19T15:30:26","date_gmt":"2025-08-19T07:30:26","guid":{"rendered":"https:\/\/tucbo.com\/?post_type=product&#038;p=7552"},"modified":"2025-08-23T15:30:24","modified_gmt":"2025-08-23T07:30:24","slug":"perlmuttfarbener-violetter-stosender-kaninchen-vibrator","status":"publish","type":"product","link":"https:\/\/tucbo.com\/de\/produkt\/perlmuttfarbener-violetter-stosender-kaninchen-vibrator\/","title":{"rendered":"Perlmuttfarbener lila Rabbit-Vibrator"},"content":{"rendered":"<table class=\"contacttbl\" cellspacing=\"0\">\n<tbody>\n<tr>\n<td>Farbe<\/td>\n<td>Lila<\/td>\n<\/tr>\n<tr>\n<td>Material<\/td>\n<td>TPR-Welle, ABS-Sockel<\/td>\n<\/tr>\n<tr>\n<td>Funktionen<\/td>\n<td>Die Vibrationsintensit\u00e4t und Drehgeschwindigkeit lassen sich \u00fcber separate Regler steuern, die Drehrichtung kann mit der Drehrichtungstaste ge\u00e4ndert werden. Die Sto\u00dfbewegung bewegt sich auf und ab und sorgt f\u00fcr zus\u00e4tzliche Stimulation.<\/td>\n<\/tr>\n<tr>\n<td>Einf\u00fchrbare L\u00e4nge<\/td>\n<td>5 Zoll<\/td>\n<\/tr>\n<tr>\n<td>Gesamtl\u00e4nge<\/td>\n<td>10,25 Zoll<\/td>\n<\/tr>\n<tr>\n<td>Durchmesser<\/td>\n<td>1,5 Zoll<\/td>\n<\/tr>\n<tr>\n<td>Wasserdicht?<\/td>\n<td>Nein<\/td>\n<\/tr>\n<tr>\n<td>Strom<\/td>\n<td>4 x AA-Batterien (nicht im Lieferumfang enthalten)<\/td>\n<\/tr>\n<tr>\n<td>ABS und Silikon<\/td>\n<td>Dieses Produkt enth\u00e4lt weder Latex noch Phthalate<\/td>\n<\/tr>\n<tr>\n<td>Gut f\u00fcr<\/td>\n<td>People who require easy-to-grip toys<\/td>\n<\/tr>\n<\/tbody>\n<\/table>","protected":false},"excerpt":{"rendered":"<p>\u2022 Verlieren Sie sich in rotierendem, sto\u00dfendem, vibrierendem Vergn\u00fcgen<\/p>\n<p>\u2022 Multifunktionales Kaninchen mit drehbarem Perlenband<\/p>\n<p>\u2022 Sto\u00dffunktion f\u00fcr eine penetrierende Penetration<\/p>\n<p>\u2022 Die gro\u00dfe Basis ist griffig und liegt gut in der Hand.<\/p>","protected":false},"featured_media":7555,"comment_status":"open","ping_status":"closed","template":"","meta":{"_seopress_robots_primary_cat":"none","_seopress_titles_title":"","_seopress_titles_desc":"","_seopress_robots_index":""},"product_brand":[],"product_cat":[15,191,133,115],"product_tag":[189,163,188,186,148],"class_list":{"0":"post-7552","1":"product","2":"type-product","3":"status-publish","4":"has-post-thumbnail","6":"product_cat-all-products","7":"product_cat-rabbit-vibrators","8":"product_cat-sex-toys","9":"product_cat-vibrators","10":"product_tag-all","11":"product_tag-batteries","12":"product_tag-couples","13":"product_tag-female","14":"product_tag-rabbit-vibrators","15":"pa_color-purple","17":"first","18":"instock","19":"taxable","20":"shipping-taxable","21":"purchasable","22":"product-type-simple"},"acf":[],"_links":{"self":[{"href":"https:\/\/tucbo.com\/de\/wp-json\/wp\/v2\/product\/7552","targetHints":{"allow":["GET"]}}],"collection":[{"href":"https:\/\/tucbo.com\/de\/wp-json\/wp\/v2\/product"}],"about":[{"href":"https:\/\/tucbo.com\/de\/wp-json\/wp\/v2\/types\/product"}],"replies":[{"embeddable":true,"href":"https:\/\/tucbo.com\/de\/wp-json\/wp\/v2\/comments?post=7552"}],"wp:featuredmedia":[{"embeddable":true,"href":"https:\/\/tucbo.com\/de\/wp-json\/wp\/v2\/media\/7555"}],"wp:attachment":[{"href":"https:\/\/tucbo.com\/de\/wp-json\/wp\/v2\/media?parent=7552"}],"wp:term":[{"taxonomy":"product_brand","embeddable":true,"href":"https:\/\/tucbo.com\/de\/wp-json\/wp\/v2\/product_brand?post=7552"},{"taxonomy":"product_cat","embeddable":true,"href":"https:\/\/tucbo.com\/de\/wp-json\/wp\/v2\/product_cat?post=7552"},{"taxonomy":"product_tag","embeddable":true,"href":"https:\/\/tucbo.com\/de\/wp-json\/wp\/v2\/product_tag?post=7552"}],"curies":[{"name":"wp","href":"https:\/\/api.w.org\/{rel}","templated":true}]}}