{"id":7546,"date":"2025-08-19T15:28:41","date_gmt":"2025-08-19T07:28:41","guid":{"rendered":"https:\/\/tucbo.com\/?post_type=product&#038;p=7546"},"modified":"2025-08-27T00:27:54","modified_gmt":"2025-08-26T16:27:54","slug":"litschi-burst-thrusting-rabbit-vibrator","status":"publish","type":"product","link":"https:\/\/tucbo.com\/de\/produkt\/litschi-burst-thrusting-rabbit-vibrator\/","title":{"rendered":"Lychee Burst Sto\u00dfender Rabbit-Vibrator"},"content":{"rendered":"<table class=\"contacttbl\" cellspacing=\"0\">\n<tbody>\n<tr>\n<td>Farbe<\/td>\n<td>Rosa<\/td>\n<\/tr>\n<tr>\n<td>Material<\/td>\n<td>TPR-Welle, ABS-Sockel<\/td>\n<\/tr>\n<tr>\n<td>Functions<\/td>\n<td>Mehrstufige Vibrationen, benutzerfreundliche Scrollrad-Steuerung, drehbarer Kopf und Schaft, ergonomische Basis f\u00fcr verbesserte Griffigkeit<\/td>\n<\/tr>\n<tr>\n<td>Durchmesser<\/td>\n<td>1,5 Zoll<\/td>\n<\/tr>\n<tr>\n<td>Einf\u00fchrbare L\u00e4nge<\/td>\n<td>5 Zoll<\/td>\n<\/tr>\n<tr>\n<td>Gesamtl\u00e4nge<\/td>\n<td>10,25 Zoll<\/td>\n<\/tr>\n<tr>\n<td>Wasserdicht<\/td>\n<td>Spritzwassergesch\u00fctzt<\/td>\n<\/tr>\n<tr>\n<td>Strom<\/td>\n<td>4 x AA-Batterien (nicht im Lieferumfang enthalten)<\/td>\n<\/tr>\n<tr>\n<td>ABS und Silikon<\/td>\n<td>Dieses Produkt enth\u00e4lt weder Latex noch Phthalate<\/td>\n<\/tr>\n<\/tbody>\n<\/table>","protected":false},"excerpt":{"rendered":"<p>Erh\u00f6hen Sie die Intensit\u00e4t, w\u00e4hrend Sie mit den Funktionen f\u00fcr mehrere Geschwindigkeiten spielen.<\/p>\n<p>\u2022 Rotierende Perlenperlen massieren Ihre Vagina von innen.<\/p>\n<p>\u2022 Sto\u00dfbewegung mit wechselnden Richtungen auf Knopfdruck<\/p>\n<p>\u2022 Automatisches Sto\u00dfen ist auch f\u00fcr Menschen mit eingeschr\u00e4nkter Mobilit\u00e4t gut geeignet.<\/p>","protected":false},"featured_media":7549,"comment_status":"open","ping_status":"closed","template":"","meta":{"_seopress_robots_primary_cat":"none","_seopress_titles_title":"","_seopress_titles_desc":"","_seopress_robots_index":""},"product_brand":[],"product_cat":[15,191,133,115],"product_tag":[189,163,188,186,148],"class_list":{"0":"post-7546","1":"product","2":"type-product","3":"status-publish","4":"has-post-thumbnail","6":"product_cat-all-products","7":"product_cat-rabbit-vibrators","8":"product_cat-sex-toys","9":"product_cat-vibrators","10":"product_tag-all","11":"product_tag-batteries","12":"product_tag-couples","13":"product_tag-female","14":"product_tag-rabbit-vibrators","15":"pa_color-pink","17":"first","18":"instock","19":"taxable","20":"shipping-taxable","21":"purchasable","22":"product-type-simple"},"acf":[],"_links":{"self":[{"href":"https:\/\/tucbo.com\/de\/wp-json\/wp\/v2\/product\/7546","targetHints":{"allow":["GET"]}}],"collection":[{"href":"https:\/\/tucbo.com\/de\/wp-json\/wp\/v2\/product"}],"about":[{"href":"https:\/\/tucbo.com\/de\/wp-json\/wp\/v2\/types\/product"}],"replies":[{"embeddable":true,"href":"https:\/\/tucbo.com\/de\/wp-json\/wp\/v2\/comments?post=7546"}],"wp:featuredmedia":[{"embeddable":true,"href":"https:\/\/tucbo.com\/de\/wp-json\/wp\/v2\/media\/7549"}],"wp:attachment":[{"href":"https:\/\/tucbo.com\/de\/wp-json\/wp\/v2\/media?parent=7546"}],"wp:term":[{"taxonomy":"product_brand","embeddable":true,"href":"https:\/\/tucbo.com\/de\/wp-json\/wp\/v2\/product_brand?post=7546"},{"taxonomy":"product_cat","embeddable":true,"href":"https:\/\/tucbo.com\/de\/wp-json\/wp\/v2\/product_cat?post=7546"},{"taxonomy":"product_tag","embeddable":true,"href":"https:\/\/tucbo.com\/de\/wp-json\/wp\/v2\/product_tag?post=7546"}],"curies":[{"name":"wp","href":"https:\/\/api.w.org\/{rel}","templated":true}]}}