{"id":7539,"date":"2025-08-19T15:18:34","date_gmt":"2025-08-19T07:18:34","guid":{"rendered":"https:\/\/tucbo.com\/?post_type=product&#038;p=7539"},"modified":"2025-08-23T15:31:32","modified_gmt":"2025-08-23T07:31:32","slug":"pucker-up-purple-10-starke-pulsierender-klitorisstimulator","status":"publish","type":"product","link":"https:\/\/tucbo.com\/de\/produkt\/pucker-up-purple-10-starke-pulsierender-klitorisstimulator\/","title":{"rendered":"Pucker Up Purple 10 St\u00e4rke Pulsierender Klitorisstimulator"},"content":{"rendered":"<table class=\"contacttbl\" cellspacing=\"0\">\n<tbody>\n<tr>\n<td>Farbe<\/td>\n<td>Lila<\/td>\n<\/tr>\n<tr>\n<td>Material<\/td>\n<td>PU-beschichtetes ABS<\/td>\n<\/tr>\n<tr>\n<td>Funktionen<\/td>\n<td>10 Luftimpulsmodi f\u00fcr orgasmische Oralsex-Empfindungen<\/td>\n<\/tr>\n<tr>\n<td>Gesamtl\u00e4nge<\/td>\n<td>4,8 Zoll<\/td>\n<\/tr>\n<tr>\n<td>Durchmesser<\/td>\n<td>1,5 Zoll<\/td>\n<\/tr>\n<tr>\n<td>Wasserdicht?<\/td>\n<td>Nein<\/td>\n<\/tr>\n<tr>\n<td>Strom<\/td>\n<td>2 x AAA-Batterien (nicht im Lieferumfang enthalten)<\/td>\n<\/tr>\n<\/tbody>\n<\/table>","protected":false},"excerpt":{"rendered":"<p>\u2022 Dieser elegante Klitoris-Massager ist die perfekte Wahl f\u00fcr Anf\u00e4nger im Bereich Sexspielzeug.<\/p>\n<p>\u2022 Entdecken Sie 10 verschiedene pulsierende und vibrierende Modi f\u00fcr orgasmische \u201eOralsex\u201c-Empfindungen.<\/p>\n<p>\u2022 Intensivieren Sie Ihre Stimulation ganz einfach \u00fcber die Ein-Knopf-LED-Steuerung.<\/p>\n<p>\u2022 Extrem leichtg\u00e4ngig und leicht f\u00fcr Benutzer mit eingeschr\u00e4nkter Mobilit\u00e4t<\/p>","protected":false},"featured_media":7542,"comment_status":"open","ping_status":"closed","template":"","meta":{"_seopress_robots_primary_cat":"none","_seopress_titles_title":"","_seopress_titles_desc":"","_seopress_robots_index":""},"product_brand":[],"product_cat":[15,133,115],"product_tag":[189,163,141,188,186],"class_list":{"0":"post-7539","1":"product","2":"type-product","3":"status-publish","4":"has-post-thumbnail","6":"product_cat-all-products","7":"product_cat-sex-toys","8":"product_cat-vibrators","9":"product_tag-all","10":"product_tag-batteries","11":"product_tag-classic-vibrators","12":"product_tag-couples","13":"product_tag-female","14":"pa_color-purple","16":"first","17":"instock","18":"taxable","19":"shipping-taxable","20":"purchasable","21":"product-type-simple"},"acf":[],"_links":{"self":[{"href":"https:\/\/tucbo.com\/de\/wp-json\/wp\/v2\/product\/7539","targetHints":{"allow":["GET"]}}],"collection":[{"href":"https:\/\/tucbo.com\/de\/wp-json\/wp\/v2\/product"}],"about":[{"href":"https:\/\/tucbo.com\/de\/wp-json\/wp\/v2\/types\/product"}],"replies":[{"embeddable":true,"href":"https:\/\/tucbo.com\/de\/wp-json\/wp\/v2\/comments?post=7539"}],"wp:featuredmedia":[{"embeddable":true,"href":"https:\/\/tucbo.com\/de\/wp-json\/wp\/v2\/media\/7542"}],"wp:attachment":[{"href":"https:\/\/tucbo.com\/de\/wp-json\/wp\/v2\/media?parent=7539"}],"wp:term":[{"taxonomy":"product_brand","embeddable":true,"href":"https:\/\/tucbo.com\/de\/wp-json\/wp\/v2\/product_brand?post=7539"},{"taxonomy":"product_cat","embeddable":true,"href":"https:\/\/tucbo.com\/de\/wp-json\/wp\/v2\/product_cat?post=7539"},{"taxonomy":"product_tag","embeddable":true,"href":"https:\/\/tucbo.com\/de\/wp-json\/wp\/v2\/product_tag?post=7539"}],"curies":[{"name":"wp","href":"https:\/\/api.w.org\/{rel}","templated":true}]}}