{"id":7532,"date":"2025-08-19T15:13:44","date_gmt":"2025-08-19T07:13:44","guid":{"rendered":"https:\/\/tucbo.com\/?post_type=product&#038;p=7532"},"modified":"2025-08-23T15:31:52","modified_gmt":"2025-08-23T07:31:52","slug":"kristallklarer-rosa-kaninchen-vibrator-9-zoll","status":"publish","type":"product","link":"https:\/\/tucbo.com\/de\/produkt\/kristallklarer-rosa-kaninchen-vibrator-9-zoll\/","title":{"rendered":"Kristallklarer rosa Rabbit-Vibrator \u2013 9 Zoll"},"content":{"rendered":"<table class=\"contacttbl\" cellspacing=\"0\">\n<tbody>\n<tr>\n<td>Farbe<\/td>\n<td>Clear Pink<\/td>\n<\/tr>\n<tr>\n<td>Material<\/td>\n<td>Kristallklares TPE<\/td>\n<\/tr>\n<tr>\n<td>Funktionen<\/td>\n<td>Variable Vibrationsgeschwindigkeit, klitorisstimulierende Hasenohren und gerippter Schaft f\u00fcr zus\u00e4tzliche Stimulation<\/td>\n<\/tr>\n<tr>\n<td>Einf\u00fchrbare L\u00e4nge<\/td>\n<td>5 Zoll<\/td>\n<\/tr>\n<tr>\n<td>L\u00e4nge<\/td>\n<td>9 Inches<\/td>\n<\/tr>\n<tr>\n<td>Durchmesser<\/td>\n<td>1,75 Zoll<\/td>\n<\/tr>\n<tr>\n<td>Wasserdicht?<\/td>\n<td>Ja<\/td>\n<\/tr>\n<tr>\n<td>Strom<\/td>\n<td>2 x AA-Batterien (nicht im Lieferumfang enthalten)<\/td>\n<\/tr>\n<tr>\n<td>ABS und Silikon<\/td>\n<td>Dieses Produkt enth\u00e4lt weder Latex noch Phthalate<\/td>\n<\/tr>\n<\/tbody>\n<\/table>","protected":false},"excerpt":{"rendered":"<p>\u2022 Machen Sie Platz f\u00fcr diesen wundersch\u00f6nen, durchsichtigen Rabbit-Vibrator.<\/p>\n<p>\u2022 Entwickelt, um gleichzeitig Ihre Klitoris und Vagina zu stimulieren.<\/p>\n<p>\u2022 Massieren Sie Ihre empfindlichen Nervenenden mit Vibrationen in verschiedenen Geschwindigkeitsstufen.<\/p>\n<p>\u2022 Wasserdicht f\u00fcr Spa\u00df in und au\u00dferhalb der Dusche.<\/p>","protected":false},"featured_media":7535,"comment_status":"open","ping_status":"closed","template":"","meta":{"_seopress_robots_primary_cat":"none","_seopress_titles_title":"","_seopress_titles_desc":"","_seopress_robots_index":""},"product_brand":[],"product_cat":[15,133,115],"product_tag":[189,163,141,188,186],"class_list":{"0":"post-7532","1":"product","2":"type-product","3":"status-publish","4":"has-post-thumbnail","6":"product_cat-all-products","7":"product_cat-sex-toys","8":"product_cat-vibrators","9":"product_tag-all","10":"product_tag-batteries","11":"product_tag-classic-vibrators","12":"product_tag-couples","13":"product_tag-female","14":"pa_color-pink","16":"first","17":"instock","18":"sale","19":"taxable","20":"shipping-taxable","21":"purchasable","22":"product-type-simple"},"acf":[],"_links":{"self":[{"href":"https:\/\/tucbo.com\/de\/wp-json\/wp\/v2\/product\/7532","targetHints":{"allow":["GET"]}}],"collection":[{"href":"https:\/\/tucbo.com\/de\/wp-json\/wp\/v2\/product"}],"about":[{"href":"https:\/\/tucbo.com\/de\/wp-json\/wp\/v2\/types\/product"}],"replies":[{"embeddable":true,"href":"https:\/\/tucbo.com\/de\/wp-json\/wp\/v2\/comments?post=7532"}],"wp:featuredmedia":[{"embeddable":true,"href":"https:\/\/tucbo.com\/de\/wp-json\/wp\/v2\/media\/7535"}],"wp:attachment":[{"href":"https:\/\/tucbo.com\/de\/wp-json\/wp\/v2\/media?parent=7532"}],"wp:term":[{"taxonomy":"product_brand","embeddable":true,"href":"https:\/\/tucbo.com\/de\/wp-json\/wp\/v2\/product_brand?post=7532"},{"taxonomy":"product_cat","embeddable":true,"href":"https:\/\/tucbo.com\/de\/wp-json\/wp\/v2\/product_cat?post=7532"},{"taxonomy":"product_tag","embeddable":true,"href":"https:\/\/tucbo.com\/de\/wp-json\/wp\/v2\/product_tag?post=7532"}],"curies":[{"name":"wp","href":"https:\/\/api.w.org\/{rel}","templated":true}]}}