{"id":7519,"date":"2025-08-19T15:02:03","date_gmt":"2025-08-19T07:02:03","guid":{"rendered":"https:\/\/tucbo.com\/?post_type=product&#038;p=7519"},"modified":"2025-08-19T15:02:04","modified_gmt":"2025-08-19T07:02:04","slug":"privater-detektiv-groser-realistischer-vibrierender-dildo-8-zoll","status":"publish","type":"product","link":"https:\/\/tucbo.com\/de\/produkt\/privater-detektiv-groser-realistischer-vibrierender-dildo-8-zoll\/","title":{"rendered":"Private Dick Gro\u00dfer realistischer vibrierender Dildo \u2013 20 cm"},"content":{"rendered":"<table class=\"contacttbl\" cellspacing=\"0\">\n<tbody>\n<tr>\n<td>Farbe<\/td>\n<td>Light tone<\/td>\n<\/tr>\n<tr>\n<td>Material<\/td>\n<td>TPR<\/td>\n<\/tr>\n<tr>\n<td>Funktionen<\/td>\n<td>Einfache Steuerung der Vibrationsgeschwindigkeiten \u00fcber das Einstellrad an der Fernbedienung. Starker Saugnapf f\u00fcr freih\u00e4ndiges Vergn\u00fcgen. Geeignet f\u00fcr Strap-On-Harnesse. Realistische Adern entlang des Schafts und der Hoden.<\/td>\n<\/tr>\n<tr>\n<td>Einf\u00fchrbare L\u00e4nge<\/td>\n<td>7 Zoll<\/td>\n<\/tr>\n<tr>\n<td>Gesamtl\u00e4nge<\/td>\n<td>20 cm<\/td>\n<\/tr>\n<tr>\n<td>Durchmesser<\/td>\n<td>1,75 Zoll<\/td>\n<\/tr>\n<tr>\n<td>Wasserdicht?<\/td>\n<td>Spritzwassergesch\u00fctzt<\/td>\n<\/tr>\n<tr>\n<td>Strom<\/td>\n<td>2 x AA-Batterien (nicht im Lieferumfang enthalten)<\/td>\n<\/tr>\n<tr>\n<td>Allergens<\/td>\n<td>Latex and phthalate-free<\/td>\n<\/tr>\n<\/tbody>\n<\/table>","protected":false},"excerpt":{"rendered":"<p>\u2022 Private Dick verf\u00fcgt \u00fcber einen dicken, strukturierten, ge\u00e4derten Schaft mit einer wundersch\u00f6n gew\u00f6lbten Spitze.<\/p>\n<p>\u2022 Mit stabilem Saugnapf und ausgestellter Basis f\u00fcr freih\u00e4ndigen Spa\u00df<\/p>\n<p>\u2022 Genie\u00dfen Sie das Experimentieren mit den intensiven Vibrationen mit mehreren Geschwindigkeiten.<\/p>","protected":false},"featured_media":7522,"comment_status":"open","ping_status":"closed","template":"","meta":{"_seopress_robots_primary_cat":"none","_seopress_titles_title":"","_seopress_titles_desc":"","_seopress_robots_index":""},"product_brand":[],"product_cat":[15,194,133,115],"product_tag":[189,163,141,188,186],"class_list":{"0":"post-7519","1":"product","2":"type-product","3":"status-publish","4":"has-post-thumbnail","6":"product_cat-all-products","7":"product_cat-dildos","8":"product_cat-sex-toys","9":"product_cat-vibrators","10":"product_tag-all","11":"product_tag-batteries","12":"product_tag-classic-vibrators","13":"product_tag-couples","14":"product_tag-female","16":"first","17":"instock","18":"sale","19":"taxable","20":"shipping-taxable","21":"purchasable","22":"product-type-simple"},"acf":[],"_links":{"self":[{"href":"https:\/\/tucbo.com\/de\/wp-json\/wp\/v2\/product\/7519","targetHints":{"allow":["GET"]}}],"collection":[{"href":"https:\/\/tucbo.com\/de\/wp-json\/wp\/v2\/product"}],"about":[{"href":"https:\/\/tucbo.com\/de\/wp-json\/wp\/v2\/types\/product"}],"replies":[{"embeddable":true,"href":"https:\/\/tucbo.com\/de\/wp-json\/wp\/v2\/comments?post=7519"}],"wp:featuredmedia":[{"embeddable":true,"href":"https:\/\/tucbo.com\/de\/wp-json\/wp\/v2\/media\/7522"}],"wp:attachment":[{"href":"https:\/\/tucbo.com\/de\/wp-json\/wp\/v2\/media?parent=7519"}],"wp:term":[{"taxonomy":"product_brand","embeddable":true,"href":"https:\/\/tucbo.com\/de\/wp-json\/wp\/v2\/product_brand?post=7519"},{"taxonomy":"product_cat","embeddable":true,"href":"https:\/\/tucbo.com\/de\/wp-json\/wp\/v2\/product_cat?post=7519"},{"taxonomy":"product_tag","embeddable":true,"href":"https:\/\/tucbo.com\/de\/wp-json\/wp\/v2\/product_tag?post=7519"}],"curies":[{"name":"wp","href":"https:\/\/api.w.org\/{rel}","templated":true}]}}