{"id":7501,"date":"2025-08-17T15:02:33","date_gmt":"2025-08-17T07:02:33","guid":{"rendered":"https:\/\/tucbo.com\/?post_type=product&#038;p=7501"},"modified":"2025-08-23T15:32:54","modified_gmt":"2025-08-23T07:32:54","slug":"10-gang-g-punkt-feen-lila-klassischer-vibrator","status":"publish","type":"product","link":"https:\/\/tucbo.com\/de\/produkt\/10-gang-g-punkt-feen-lila-klassischer-vibrator\/","title":{"rendered":"10-Gang G-Punkt Fairy Purple Classic Vibrator"},"content":{"rendered":"<table class=\"contacttbl\" cellspacing=\"0\">\n<tbody>\n<tr>\n<td>Farbe<\/td>\n<td>Lila<\/td>\n<\/tr>\n<tr>\n<td>Material<\/td>\n<td>ABS<\/td>\n<\/tr>\n<tr>\n<td>Funktionen<\/td>\n<td>\u00a010 verschiedene Geschwindigkeiten mit 9 unterschiedlichen Mustern. Einf\u00fchrbare L\u00e4nge \u00fcber 4 Zoll und eine einzige Funktionstaste an der Basis des Vibrators.<\/td>\n<\/tr>\n<tr>\n<td>Gesamtl\u00e4nge<\/td>\n<td>6,25 Zoll<\/td>\n<\/tr>\n<tr>\n<td>Einf\u00fchrbare L\u00e4nge<\/td>\n<td>4,25 Zoll<\/td>\n<\/tr>\n<tr>\n<td>Durchmesser<\/td>\n<td>1 Zoll<\/td>\n<\/tr>\n<tr>\n<td>Wasserdicht?<\/td>\n<td>Nein<\/td>\n<\/tr>\n<tr>\n<td>Strom<\/td>\n<td>USB Wiederaufladbar<\/td>\n<\/tr>\n<\/tbody>\n<\/table>","protected":false},"excerpt":{"rendered":"<p>\u2022 Der klassische Vibrator mit Riffelung ist ein Muss f\u00fcr Ihre Sammlung!<\/p>\n<p>\u2022 Entdecken Sie 12 Vibrationsmodi, darunter 3 stetig ansteigende Geschwindigkeiten und 9 Muster.<\/p>\n<p>\u2022 Der 6,25 Zoll lange, mit Noppen versehene Schaft sorgt f\u00fcr intensive Stimulation Ihrer erogenen Zonen.<\/p>","protected":false},"featured_media":7504,"comment_status":"open","ping_status":"closed","template":"","meta":{"_seopress_robots_primary_cat":"none","_seopress_titles_title":"","_seopress_titles_desc":"","_seopress_robots_index":""},"product_brand":[],"product_cat":[15,133,115],"product_tag":[189,141,188,186,161],"class_list":{"0":"post-7501","1":"product","2":"type-product","3":"status-publish","4":"has-post-thumbnail","6":"product_cat-all-products","7":"product_cat-sex-toys","8":"product_cat-vibrators","9":"product_tag-all","10":"product_tag-classic-vibrators","11":"product_tag-couples","12":"product_tag-female","13":"product_tag-rechargeable","14":"pa_color-purple","16":"first","17":"instock","18":"sale","19":"taxable","20":"shipping-taxable","21":"purchasable","22":"product-type-simple"},"acf":[],"_links":{"self":[{"href":"https:\/\/tucbo.com\/de\/wp-json\/wp\/v2\/product\/7501","targetHints":{"allow":["GET"]}}],"collection":[{"href":"https:\/\/tucbo.com\/de\/wp-json\/wp\/v2\/product"}],"about":[{"href":"https:\/\/tucbo.com\/de\/wp-json\/wp\/v2\/types\/product"}],"replies":[{"embeddable":true,"href":"https:\/\/tucbo.com\/de\/wp-json\/wp\/v2\/comments?post=7501"}],"wp:featuredmedia":[{"embeddable":true,"href":"https:\/\/tucbo.com\/de\/wp-json\/wp\/v2\/media\/7504"}],"wp:attachment":[{"href":"https:\/\/tucbo.com\/de\/wp-json\/wp\/v2\/media?parent=7501"}],"wp:term":[{"taxonomy":"product_brand","embeddable":true,"href":"https:\/\/tucbo.com\/de\/wp-json\/wp\/v2\/product_brand?post=7501"},{"taxonomy":"product_cat","embeddable":true,"href":"https:\/\/tucbo.com\/de\/wp-json\/wp\/v2\/product_cat?post=7501"},{"taxonomy":"product_tag","embeddable":true,"href":"https:\/\/tucbo.com\/de\/wp-json\/wp\/v2\/product_tag?post=7501"}],"curies":[{"name":"wp","href":"https:\/\/api.w.org\/{rel}","templated":true}]}}