{"id":7439,"date":"2025-08-17T12:24:47","date_gmt":"2025-08-17T04:24:47","guid":{"rendered":"https:\/\/tucbo.com\/?post_type=product&#038;p=7439"},"modified":"2025-08-17T12:24:47","modified_gmt":"2025-08-17T04:24:47","slug":"auch-opulenter-burgunderroter-luxus-silikon-kaninchen-vibrator","status":"publish","type":"product","link":"https:\/\/tucbo.com\/de\/produkt\/auch-opulenter-burgunderroter-luxus-silikon-kaninchen-vibrator\/","title":{"rendered":"Lealso Opulent Burgundy Luxus-Silikon-Rabbit-Vibrator"},"content":{"rendered":"<table class=\"contacttbl\" cellspacing=\"0\">\n<tbody>\n<tr>\n<td>Farbe<\/td>\n<td>Burgund<\/td>\n<\/tr>\n<tr>\n<td>Material<\/td>\n<td>Silicone and ABS.<\/td>\n<\/tr>\n<tr>\n<td>Funktionen<\/td>\n<td>10 Vibrationsmuster, jedes mit 6 separaten Geschwindigkeitsreglern. Zwei Motoren in der Spitze und im Bunny. Anmutig geschwungen, um Ihren G-Punkt zu treffen. Ergonomisch gestaltet, damit es leichter zu greifen ist. Verriegelbare Bedienelemente (3 Sekunden lang dr\u00fccken und halten \u2013 &amp; + zum Verriegeln oder Entriegeln)<\/td>\n<\/tr>\n<tr>\n<td>Einf\u00fchrbare L\u00e4nge<\/td>\n<td>4 Zoll<\/td>\n<\/tr>\n<tr>\n<td>Gesamtl\u00e4nge<\/td>\n<td>7,5 Zoll<\/td>\n<\/tr>\n<tr>\n<td>Durchmesser<\/td>\n<td>1,35 Zoll<\/td>\n<\/tr>\n<tr>\n<td>Wasserdicht<\/td>\n<td>Spritzwassergesch\u00fctzt<\/td>\n<\/tr>\n<tr>\n<td>Strom<\/td>\n<td>USB Wiederaufladbar<\/td>\n<\/tr>\n<tr>\n<td>ABS und Silikon<\/td>\n<td>Dieses Produkt enth\u00e4lt weder Latex noch Phthalate<\/td>\n<\/tr>\n<\/tbody>\n<\/table>","protected":false},"excerpt":{"rendered":"<p>\u2022 Mit diesem eleganten und formsch\u00f6nen Vibrator sind gl\u00fcckselige, gemischte Orgasmen nur noch wenige Augenblicke entfernt.<\/p>\n<p>\u2022 Entdecken Sie 10 kr\u00e4ftige Vibrationsmuster mit 6 Geschwindigkeitsstufen f\u00fcr h\u00f6chste Befriedigung. Die abschlie\u00dfbaren Bedienelemente sorgen f\u00fcr Diskretion zwischen Ihren Sitzungen.<\/p>\n<p>\u2022 Gebogen f\u00fcr pr\u00e4zises G-Punkt-Vergn\u00fcgen, w\u00e4hrend weiche Hasenohren an Ihrer Klitoris flattern.<\/p>\n<p>\u2022 Luxuri\u00f6ses, k\u00f6rpersicheres Silikon sieht genauso gut aus, wie es sich anf\u00fchlt, mit einem ergonomischen Griff und einer stilvollen silbernen Einlage.<\/p>\n<p>\u2022 Spritzwassergesch\u00fctzt und \u00fcber USB aufladbar f\u00fcr unbegrenzten Genuss zu Hause oder unterwegs<\/p>","protected":false},"featured_media":7443,"comment_status":"open","ping_status":"closed","template":"","meta":{"_seopress_robots_primary_cat":"","_seopress_titles_title":"","_seopress_titles_desc":"","_seopress_robots_index":""},"product_brand":[],"product_cat":[15,133,115],"product_tag":[189,141,188,186,148,161],"class_list":{"0":"post-7439","1":"product","2":"type-product","3":"status-publish","4":"has-post-thumbnail","6":"product_cat-all-products","7":"product_cat-sex-toys","8":"product_cat-vibrators","9":"product_tag-all","10":"product_tag-classic-vibrators","11":"product_tag-couples","12":"product_tag-female","13":"product_tag-rabbit-vibrators","14":"product_tag-rechargeable","15":"pa_color-burgundy","17":"first","18":"instock","19":"sale","20":"taxable","21":"shipping-taxable","22":"purchasable","23":"product-type-simple"},"acf":[],"_links":{"self":[{"href":"https:\/\/tucbo.com\/de\/wp-json\/wp\/v2\/product\/7439","targetHints":{"allow":["GET"]}}],"collection":[{"href":"https:\/\/tucbo.com\/de\/wp-json\/wp\/v2\/product"}],"about":[{"href":"https:\/\/tucbo.com\/de\/wp-json\/wp\/v2\/types\/product"}],"replies":[{"embeddable":true,"href":"https:\/\/tucbo.com\/de\/wp-json\/wp\/v2\/comments?post=7439"}],"wp:featuredmedia":[{"embeddable":true,"href":"https:\/\/tucbo.com\/de\/wp-json\/wp\/v2\/media\/7443"}],"wp:attachment":[{"href":"https:\/\/tucbo.com\/de\/wp-json\/wp\/v2\/media?parent=7439"}],"wp:term":[{"taxonomy":"product_brand","embeddable":true,"href":"https:\/\/tucbo.com\/de\/wp-json\/wp\/v2\/product_brand?post=7439"},{"taxonomy":"product_cat","embeddable":true,"href":"https:\/\/tucbo.com\/de\/wp-json\/wp\/v2\/product_cat?post=7439"},{"taxonomy":"product_tag","embeddable":true,"href":"https:\/\/tucbo.com\/de\/wp-json\/wp\/v2\/product_tag?post=7439"}],"curies":[{"name":"wp","href":"https:\/\/api.w.org\/{rel}","templated":true}]}}