{"id":7430,"date":"2025-08-15T22:04:35","date_gmt":"2025-08-15T14:04:35","guid":{"rendered":"https:\/\/tucbo.com\/?post_type=product&#038;p=7430"},"modified":"2025-08-15T22:16:42","modified_gmt":"2025-08-15T14:16:42","slug":"lila-verfuhrung-silikon-g-punkt-vibrator","status":"publish","type":"product","link":"https:\/\/tucbo.com\/de\/produkt\/lila-verfuhrung-silikon-g-punkt-vibrator\/","title":{"rendered":"Lila Versuchung Silikon-G-Punkt-Vibrator"},"content":{"rendered":"<table class=\"contacttbl\" cellspacing=\"0\">\n<tbody>\n<tr>\n<td>Farbe<\/td>\n<td>Flieder<\/td>\n<\/tr>\n<tr>\n<td>Material<\/td>\n<td>Silikon<\/td>\n<\/tr>\n<tr>\n<td>Funktionen<\/td>\n<td>3 verschiedene Geschwindigkeiten und 7 verschiedene Vibrationsmuster. 2 Tasten zur Steuerung, mit einem flexiblen Schaft.<\/td>\n<\/tr>\n<tr>\n<td>Gesamtl\u00e4nge<\/td>\n<td>7,8 Zoll<\/td>\n<\/tr>\n<tr>\n<td>Einf\u00fchrbare L\u00e4nge<\/td>\n<td>5,3 Zoll<\/td>\n<\/tr>\n<tr>\n<td>Durchmesser<\/td>\n<td>1,5 Zoll<\/td>\n<\/tr>\n<tr>\n<td>Wasserdicht?<\/td>\n<td>Spritzwassergesch\u00fctzt<\/td>\n<\/tr>\n<tr>\n<td>Strom<\/td>\n<td>USB-Pin Wiederaufladbar<\/td>\n<\/tr>\n<\/tbody>\n<\/table>","protected":false},"excerpt":{"rendered":"<p>\u2022 Genie\u00dfen Sie genau dort, wo Sie es sich w\u00fcnschen, mit diesem 7,8 Zoll langen, biegsamen Vibrator.<\/p>\n<p>\u2022 Gebogen f\u00fcr G-Punkt-Vergn\u00fcgen mit einem gew\u00f6lbten Kopf mit einem Durchmesser von 1,5 Zoll<\/p>\n<p>\u2022 Mit atemberaubendem, seidigem lila Silikon \u00fcberzogen f\u00fcr k\u00f6rpervertr\u00e4glichen, flexiblen Spa\u00df<\/p>\n<p>\u2022 USB-Aufladung sorgt f\u00fcr schnelles und einfaches Aufladen; ideal f\u00fcr unterwegs!<\/p>","protected":false},"featured_media":7433,"comment_status":"open","ping_status":"closed","template":"","meta":{"_seopress_robots_primary_cat":"none","_seopress_titles_title":"","_seopress_titles_desc":"","_seopress_robots_index":""},"product_brand":[],"product_cat":[15,133,115],"product_tag":[189,141,188,186,161],"class_list":{"0":"post-7430","1":"product","2":"type-product","3":"status-publish","4":"has-post-thumbnail","6":"product_cat-all-products","7":"product_cat-sex-toys","8":"product_cat-vibrators","9":"product_tag-all","10":"product_tag-classic-vibrators","11":"product_tag-couples","12":"product_tag-female","13":"product_tag-rechargeable","14":"pa_color-purple","16":"first","17":"instock","18":"sale","19":"taxable","20":"shipping-taxable","21":"purchasable","22":"product-type-simple"},"acf":[],"_links":{"self":[{"href":"https:\/\/tucbo.com\/de\/wp-json\/wp\/v2\/product\/7430","targetHints":{"allow":["GET"]}}],"collection":[{"href":"https:\/\/tucbo.com\/de\/wp-json\/wp\/v2\/product"}],"about":[{"href":"https:\/\/tucbo.com\/de\/wp-json\/wp\/v2\/types\/product"}],"replies":[{"embeddable":true,"href":"https:\/\/tucbo.com\/de\/wp-json\/wp\/v2\/comments?post=7430"}],"wp:featuredmedia":[{"embeddable":true,"href":"https:\/\/tucbo.com\/de\/wp-json\/wp\/v2\/media\/7433"}],"wp:attachment":[{"href":"https:\/\/tucbo.com\/de\/wp-json\/wp\/v2\/media?parent=7430"}],"wp:term":[{"taxonomy":"product_brand","embeddable":true,"href":"https:\/\/tucbo.com\/de\/wp-json\/wp\/v2\/product_brand?post=7430"},{"taxonomy":"product_cat","embeddable":true,"href":"https:\/\/tucbo.com\/de\/wp-json\/wp\/v2\/product_cat?post=7430"},{"taxonomy":"product_tag","embeddable":true,"href":"https:\/\/tucbo.com\/de\/wp-json\/wp\/v2\/product_tag?post=7430"}],"curies":[{"name":"wp","href":"https:\/\/api.w.org\/{rel}","templated":true}]}}