{"id":7421,"date":"2025-08-15T21:45:26","date_gmt":"2025-08-15T13:45:26","guid":{"rendered":"https:\/\/tucbo.com\/?post_type=product&#038;p=7421"},"modified":"2025-08-15T21:46:33","modified_gmt":"2025-08-15T13:46:33","slug":"rosa-roter-silikon-klitoris-stimulator","status":"publish","type":"product","link":"https:\/\/tucbo.com\/de\/produkt\/rosa-roter-silikon-klitoris-stimulator\/","title":{"rendered":"Rosenroter Silikon-Klitorisstimulator zum Aufstecken"},"content":{"rendered":"<table class=\"contacttbl\" cellspacing=\"0\">\n<tbody>\n<tr>\n<td>Farbe<\/td>\n<td>Rose Red,Purple<\/td>\n<\/tr>\n<tr>\n<td>Material<\/td>\n<td>Silikon<\/td>\n<\/tr>\n<tr>\n<td>Funktionen<\/td>\n<td>Klitorisstimulator im Taschenformat, passt in Ihre Handfl\u00e4che und ist gleichzeitig reisefreundlich. Gebogener K\u00f6rper mit zahlreichen Geschwindigkeiten und Mustern zur Auswahl.<\/td>\n<\/tr>\n<tr>\n<td>Wasserdicht?<\/td>\n<td>Spritzwassergesch\u00fctzt<\/td>\n<\/tr>\n<tr>\n<td>Strom<\/td>\n<td>USB Wiederaufladbar<\/td>\n<\/tr>\n<\/tbody>\n<\/table>","protected":false},"excerpt":{"rendered":"<p>\u2022 Voller Lust \u2013 lassen Sie diesen Stimulator im Taschenformat Ihre Klitoris verw\u00f6hnen.<\/p>\n<p>\u2022 Wechseln Sie zwischen 7 Saugstufen f\u00fcr klitorale Lust mit atemberaubenden Ergebnissen.<\/p>\n<p>\u2022 Der geschwungene rote Silikonk\u00f6rper f\u00fchlt sich weich, glatt und angenehm in der Hand an.<\/p>\n<p>\u2022 \u00dcber USB aufladbar und mit selbstdichtendem Anschluss f\u00fcr sicheren, spritzwassergesch\u00fctzten Spa\u00df<\/p>","protected":false},"featured_media":7425,"comment_status":"open","ping_status":"closed","template":"","meta":{"_seopress_robots_primary_cat":"none","_seopress_titles_title":"","_seopress_titles_desc":"","_seopress_robots_index":""},"product_brand":[],"product_cat":[15,133,115],"product_tag":[189,141,188,186,151,161],"class_list":{"0":"post-7421","1":"product","2":"type-product","3":"status-publish","4":"has-post-thumbnail","6":"product_cat-all-products","7":"product_cat-sex-toys","8":"product_cat-vibrators","9":"product_tag-all","10":"product_tag-classic-vibrators","11":"product_tag-couples","12":"product_tag-female","13":"product_tag-quiet-vibrators","14":"product_tag-rechargeable","15":"pa_color-purple","16":"pa_color-red","18":"first","19":"instock","20":"taxable","21":"shipping-taxable","22":"purchasable","23":"product-type-variable","24":"wvs-archive-product-wrapper"},"acf":[],"_links":{"self":[{"href":"https:\/\/tucbo.com\/de\/wp-json\/wp\/v2\/product\/7421","targetHints":{"allow":["GET"]}}],"collection":[{"href":"https:\/\/tucbo.com\/de\/wp-json\/wp\/v2\/product"}],"about":[{"href":"https:\/\/tucbo.com\/de\/wp-json\/wp\/v2\/types\/product"}],"replies":[{"embeddable":true,"href":"https:\/\/tucbo.com\/de\/wp-json\/wp\/v2\/comments?post=7421"}],"wp:featuredmedia":[{"embeddable":true,"href":"https:\/\/tucbo.com\/de\/wp-json\/wp\/v2\/media\/7425"}],"wp:attachment":[{"href":"https:\/\/tucbo.com\/de\/wp-json\/wp\/v2\/media?parent=7421"}],"wp:term":[{"taxonomy":"product_brand","embeddable":true,"href":"https:\/\/tucbo.com\/de\/wp-json\/wp\/v2\/product_brand?post=7421"},{"taxonomy":"product_cat","embeddable":true,"href":"https:\/\/tucbo.com\/de\/wp-json\/wp\/v2\/product_cat?post=7421"},{"taxonomy":"product_tag","embeddable":true,"href":"https:\/\/tucbo.com\/de\/wp-json\/wp\/v2\/product_tag?post=7421"}],"curies":[{"name":"wp","href":"https:\/\/api.w.org\/{rel}","templated":true}]}}