{"id":7416,"date":"2025-08-15T19:35:48","date_gmt":"2025-08-15T11:35:48","guid":{"rendered":"https:\/\/tucbo.com\/?post_type=product&#038;p=7416"},"modified":"2025-08-15T19:35:49","modified_gmt":"2025-08-15T11:35:49","slug":"uneben-gluckseligkeit-grun-silikon-vibrierender-analplug","status":"publish","type":"product","link":"https:\/\/tucbo.com\/de\/produkt\/uneben-gluckseligkeit-grun-silikon-vibrierender-analplug\/","title":{"rendered":"Bumpy Bliss Gr\u00fcner Silikon-Vibrations-Analplug"},"content":{"rendered":"<table class=\"contacttbl\" cellspacing=\"0\">\n<tbody>\n<tr>\n<td>Farbe<\/td>\n<td>Gr\u00fcn<\/td>\n<\/tr>\n<tr>\n<td>Material<\/td>\n<td>Silikon und ABS<\/td>\n<\/tr>\n<tr>\n<td>Funktionen<\/td>\n<td>Gr\u00fcner Silikon-Analplug mit 12 leistungsstarken Vibrationsgeschwindigkeiten und -mustern<\/td>\n<\/tr>\n<tr>\n<td>Gesamtl\u00e4nge<\/td>\n<td>6,6 Zoll<\/td>\n<\/tr>\n<tr>\n<td>Gesamte einf\u00fchrbare L\u00e4nge<\/td>\n<td>4,5 Zoll<\/td>\n<\/tr>\n<tr>\n<td>Durchmesser<\/td>\n<td>1,5 Zoll<\/td>\n<\/tr>\n<tr>\n<td>Wasserdicht?<\/td>\n<td>Spritzwassergesch\u00fctzt<\/td>\n<\/tr>\n<tr>\n<td>Strom<\/td>\n<td>Wiederaufladbar USB<\/td>\n<\/tr>\n<\/tbody>\n<\/table>","protected":false},"excerpt":{"rendered":"<p>\u2022 Holen Sie sich mehr Spa\u00df beim Analverkehr mit diesem verlockend strukturierten Analvibrator!<\/p>\n<p>\u2022 Entdecken Sie 12 leistungsstarke Vibrationsmodi f\u00fcr extreme anale Stimulation.<\/p>\n<p>\u2022 Die sich verj\u00fcngende \u201ePleasure Dot\u201c-Struktur stimuliert Ihren Po und sorgt f\u00fcr intensive Empfindungen.<\/p>\n<p>\u2022 F\u00fchren Sie Ihre Stimulation mit dem eleganten Chromgriff.<\/p>\n<p>\u2022 \u00dcber USB aufladbar und wasserdicht f\u00fcr unbegrenztes Spielvergn\u00fcgen<\/p>\n<p>\u2022 Hygienisches, k\u00f6rpervertr\u00e4gliches Silikon mit seidigem, gr\u00fcnem Finish<\/p>","protected":false},"featured_media":7419,"comment_status":"open","ping_status":"closed","template":"","meta":{"_seopress_robots_primary_cat":"none","_seopress_titles_title":"","_seopress_titles_desc":"","_seopress_robots_index":""},"product_brand":[],"product_cat":[15,121,133,115],"product_tag":[189,141,188,186,187,161],"class_list":{"0":"post-7416","1":"product","2":"type-product","3":"status-publish","4":"has-post-thumbnail","6":"product_cat-all-products","7":"product_cat-butt-plugs","8":"product_cat-sex-toys","9":"product_cat-vibrators","10":"product_tag-all","11":"product_tag-classic-vibrators","12":"product_tag-couples","13":"product_tag-female","14":"product_tag-male","15":"product_tag-rechargeable","16":"pa_color-green","18":"first","19":"instock","20":"sale","21":"taxable","22":"shipping-taxable","23":"purchasable","24":"product-type-simple"},"acf":[],"_links":{"self":[{"href":"https:\/\/tucbo.com\/de\/wp-json\/wp\/v2\/product\/7416","targetHints":{"allow":["GET"]}}],"collection":[{"href":"https:\/\/tucbo.com\/de\/wp-json\/wp\/v2\/product"}],"about":[{"href":"https:\/\/tucbo.com\/de\/wp-json\/wp\/v2\/types\/product"}],"replies":[{"embeddable":true,"href":"https:\/\/tucbo.com\/de\/wp-json\/wp\/v2\/comments?post=7416"}],"wp:featuredmedia":[{"embeddable":true,"href":"https:\/\/tucbo.com\/de\/wp-json\/wp\/v2\/media\/7419"}],"wp:attachment":[{"href":"https:\/\/tucbo.com\/de\/wp-json\/wp\/v2\/media?parent=7416"}],"wp:term":[{"taxonomy":"product_brand","embeddable":true,"href":"https:\/\/tucbo.com\/de\/wp-json\/wp\/v2\/product_brand?post=7416"},{"taxonomy":"product_cat","embeddable":true,"href":"https:\/\/tucbo.com\/de\/wp-json\/wp\/v2\/product_cat?post=7416"},{"taxonomy":"product_tag","embeddable":true,"href":"https:\/\/tucbo.com\/de\/wp-json\/wp\/v2\/product_tag?post=7416"}],"curies":[{"name":"wp","href":"https:\/\/api.w.org\/{rel}","templated":true}]}}