{"id":7402,"date":"2025-08-15T15:10:04","date_gmt":"2025-08-15T07:10:04","guid":{"rendered":"https:\/\/tucbo.com\/?post_type=product&#038;p=7402"},"modified":"2025-08-15T15:13:14","modified_gmt":"2025-08-15T07:13:14","slug":"delight-schwarz-silikon-kaninchen-vibrator","status":"publish","type":"product","link":"https:\/\/tucbo.com\/de\/produkt\/delight-schwarz-silikon-kaninchen-vibrator\/","title":{"rendered":"Delight Black Silikon-Rabbit-Vibrator"},"content":{"rendered":"<table class=\"contacttbl\" cellspacing=\"0\">\n<tbody>\n<tr>\n<td>Farbe<\/td>\n<td>Schwarz<\/td>\n<\/tr>\n<tr>\n<td>Material<\/td>\n<td>Silikon und ABS<\/td>\n<\/tr>\n<tr>\n<td>Funktionen<\/td>\n<td>Mehrstufige Vibrationen, geriffelter Schaft und gew\u00f6lbter Kopf f\u00fcr zus\u00e4tzliche Stimulation, einfach zu bedienende Drehregler an der Basis<\/td>\n<\/tr>\n<tr>\n<td>Einf\u00fchrbare L\u00e4nge<\/td>\n<td>5 Zoll<\/td>\n<\/tr>\n<tr>\n<td>L\u00e4nge<\/td>\n<td>7 Zoll<\/td>\n<\/tr>\n<tr>\n<td>Durchmesser<\/td>\n<td>1,5 Zoll<\/td>\n<\/tr>\n<tr>\n<td>Wasserdicht?<\/td>\n<td>Spritzwassergesch\u00fctzt<\/td>\n<\/tr>\n<tr>\n<td>Strom<\/td>\n<td>1 x AA-Batterie (nicht enthalten)<\/td>\n<\/tr>\n<\/tbody>\n<\/table>","protected":false},"excerpt":{"rendered":"<p>\u2022  G\u00f6nnen Sie sich klitorale Stimulation und inneres Vergn\u00fcgen mit Unebenheiten und Erhebungen.<\/p>\n<p>\u2022  Mit den Vibrationen mit mehreren Geschwindigkeiten k\u00f6nnen Sie die Intensit\u00e4t einstellen.<\/p>\n<p>\u2022  Silikon sorgt f\u00fcr eine ultraglatte Oberfl\u00e4che.<\/p>","protected":false},"featured_media":7405,"comment_status":"open","ping_status":"closed","template":"","meta":{"_seopress_robots_primary_cat":"none","_seopress_titles_title":"","_seopress_titles_desc":"","_seopress_robots_index":""},"product_brand":[],"product_cat":[15,133,115],"product_tag":[189,163,141,188,186,148],"class_list":{"0":"post-7402","1":"product","2":"type-product","3":"status-publish","4":"has-post-thumbnail","6":"product_cat-all-products","7":"product_cat-sex-toys","8":"product_cat-vibrators","9":"product_tag-all","10":"product_tag-batteries","11":"product_tag-classic-vibrators","12":"product_tag-couples","13":"product_tag-female","14":"product_tag-rabbit-vibrators","15":"pa_color-black","17":"first","18":"instock","19":"sale","20":"taxable","21":"shipping-taxable","22":"purchasable","23":"product-type-simple"},"acf":[],"_links":{"self":[{"href":"https:\/\/tucbo.com\/de\/wp-json\/wp\/v2\/product\/7402","targetHints":{"allow":["GET"]}}],"collection":[{"href":"https:\/\/tucbo.com\/de\/wp-json\/wp\/v2\/product"}],"about":[{"href":"https:\/\/tucbo.com\/de\/wp-json\/wp\/v2\/types\/product"}],"replies":[{"embeddable":true,"href":"https:\/\/tucbo.com\/de\/wp-json\/wp\/v2\/comments?post=7402"}],"wp:featuredmedia":[{"embeddable":true,"href":"https:\/\/tucbo.com\/de\/wp-json\/wp\/v2\/media\/7405"}],"wp:attachment":[{"href":"https:\/\/tucbo.com\/de\/wp-json\/wp\/v2\/media?parent=7402"}],"wp:term":[{"taxonomy":"product_brand","embeddable":true,"href":"https:\/\/tucbo.com\/de\/wp-json\/wp\/v2\/product_brand?post=7402"},{"taxonomy":"product_cat","embeddable":true,"href":"https:\/\/tucbo.com\/de\/wp-json\/wp\/v2\/product_cat?post=7402"},{"taxonomy":"product_tag","embeddable":true,"href":"https:\/\/tucbo.com\/de\/wp-json\/wp\/v2\/product_tag?post=7402"}],"curies":[{"name":"wp","href":"https:\/\/api.w.org\/{rel}","templated":true}]}}