{"id":7366,"date":"2025-08-14T21:36:00","date_gmt":"2025-08-14T13:36:00","guid":{"rendered":"https:\/\/tucbo.com\/?post_type=product&#038;p=7366"},"modified":"2025-08-15T15:12:10","modified_gmt":"2025-08-15T07:12:10","slug":"pink-kiss-silikon-wiederaufladbarer-klitorisstimulator","status":"publish","type":"product","link":"https:\/\/tucbo.com\/de\/produkt\/pink-kiss-silikon-wiederaufladbarer-klitorisstimulator\/","title":{"rendered":"Pink Kiss Silikon-Klitorisstimulator, wiederaufladbar"},"content":{"rendered":"<table class=\"contacttbl\" cellspacing=\"0\">\n<tbody>\n<tr>\n<td>Farbe<\/td>\n<td>Rosa<\/td>\n<\/tr>\n<tr>\n<td>Material<\/td>\n<td>Silikon und ABS<\/td>\n<\/tr>\n<tr>\n<td>Funktionen<\/td>\n<td>Klimaxstimulierendes Spielzeug mit 10 Saugmodi<\/td>\n<\/tr>\n<tr>\n<td>Gesamtl\u00e4nge<\/td>\n<td>4,8 Zoll<\/td>\n<\/tr>\n<tr>\n<td>Durchmesser<\/td>\n<td>1,4 Zoll<\/td>\n<\/tr>\n<tr>\n<td>Wasserdicht?<\/td>\n<td>Spritzwassergesch\u00fctzt<\/td>\n<\/tr>\n<tr>\n<td>Strom<\/td>\n<td>Wiederaufladbar USB<\/td>\n<\/tr>\n<\/tbody>\n<\/table>","protected":false},"excerpt":{"rendered":"<p>\u2022 Entdecken Sie eine Vielzahl fl\u00fcsterleiser Stimulationen mit 10 Luftimpulsintensit\u00e4ten f\u00fcr orale Sexerlebnisse.<\/p>\n<p>\u2022 Luxuri\u00f6ses, k\u00f6rpersicheres Silikon in seidigem Pastell-Finish mit stilvollen Chromdetails<\/p>\n<p>\u2022 \u00dcber USB aufladbar f\u00fcr unbegrenzten, reisefreundlichen Genuss<\/p>","protected":false},"featured_media":7369,"comment_status":"open","ping_status":"closed","template":"","meta":{"_seopress_robots_primary_cat":"none","_seopress_titles_title":"","_seopress_titles_desc":"","_seopress_robots_index":""},"product_brand":[],"product_cat":[15,133,115],"product_tag":[189,141,188,186,187,161],"class_list":{"0":"post-7366","1":"product","2":"type-product","3":"status-publish","4":"has-post-thumbnail","6":"product_cat-all-products","7":"product_cat-sex-toys","8":"product_cat-vibrators","9":"product_tag-all","10":"product_tag-classic-vibrators","11":"product_tag-couples","12":"product_tag-female","13":"product_tag-male","14":"product_tag-rechargeable","15":"pa_color-pink","17":"first","18":"instock","19":"sale","20":"taxable","21":"shipping-taxable","22":"purchasable","23":"product-type-simple"},"acf":[],"_links":{"self":[{"href":"https:\/\/tucbo.com\/de\/wp-json\/wp\/v2\/product\/7366","targetHints":{"allow":["GET"]}}],"collection":[{"href":"https:\/\/tucbo.com\/de\/wp-json\/wp\/v2\/product"}],"about":[{"href":"https:\/\/tucbo.com\/de\/wp-json\/wp\/v2\/types\/product"}],"replies":[{"embeddable":true,"href":"https:\/\/tucbo.com\/de\/wp-json\/wp\/v2\/comments?post=7366"}],"wp:featuredmedia":[{"embeddable":true,"href":"https:\/\/tucbo.com\/de\/wp-json\/wp\/v2\/media\/7369"}],"wp:attachment":[{"href":"https:\/\/tucbo.com\/de\/wp-json\/wp\/v2\/media?parent=7366"}],"wp:term":[{"taxonomy":"product_brand","embeddable":true,"href":"https:\/\/tucbo.com\/de\/wp-json\/wp\/v2\/product_brand?post=7366"},{"taxonomy":"product_cat","embeddable":true,"href":"https:\/\/tucbo.com\/de\/wp-json\/wp\/v2\/product_cat?post=7366"},{"taxonomy":"product_tag","embeddable":true,"href":"https:\/\/tucbo.com\/de\/wp-json\/wp\/v2\/product_tag?post=7366"}],"curies":[{"name":"wp","href":"https:\/\/api.w.org\/{rel}","templated":true}]}}