{"id":6751,"date":"2025-07-08T22:55:39","date_gmt":"2025-07-08T14:55:39","guid":{"rendered":"https:\/\/tucbo.com\/?post_type=product&#038;p=6751"},"modified":"2025-08-08T15:50:58","modified_gmt":"2025-08-08T07:50:58","slug":"dinky-dick-black-rose-gold-bullet-vibrator-35-zoll","status":"publish","type":"product","link":"https:\/\/tucbo.com\/de\/produkt\/dinky-dick-black-rose-gold-bullet-vibrator-35-zoll\/","title":{"rendered":"Dinky Dick Schwarz &amp; Ros\u00e9gold Bullet Vibrator \u2013 3,5 Zoll"},"content":{"rendered":"<table class=\"contacttbl\" cellspacing=\"0\">\n<tbody>\n<tr>\n<td>Farbe<\/td>\n<td>Schwarz &amp; Ros\u00e9gold<\/td>\n<\/tr>\n<tr>\n<td>Material<\/td>\n<td>Silikon<\/td>\n<\/tr>\n<tr>\n<td>Funktionen<\/td>\n<td>10 Vibrationseinstellungen, darunter mehrere Geschwindigkeiten und Muster. Kompakte Gr\u00f6\u00dfe f\u00fcr einfachen Transport. Detaillierte Darstellung von Kopf, Hoden und Adern.<\/td>\n<\/tr>\n<tr>\n<td>Gesamtl\u00e4nge<\/td>\n<td>3,5 Zoll<\/td>\n<\/tr>\n<tr>\n<td>Umfang<\/td>\n<td>2,5 Zoll<\/td>\n<\/tr>\n<tr>\n<td>Strom<\/td>\n<td>USB-Pin Wiederaufladbar<\/td>\n<\/tr>\n<\/tbody>\n<\/table>","protected":false},"excerpt":{"rendered":"<p>\u2022 Dieser Dinky Dick ist mehr als nur kurz, er ist geradezu winzig! Mit winzigen Adern, Eichel und Hoden erweckt der Vibrator diesen Bullet zum Leben.<\/p>\n<p>\u2022 10 Vibrationsstufen zur Auswahl, mit 3 abnehmenden Geschwindigkeiten und 7 verschiedenen Mustern, die zum Orgasmus f\u00fchren<\/p>\n<p>\u2022 Kompaktes Design f\u00fcr das verdeckte Tragen am K\u00f6rper, unterwegs im Flugzeug, Zug oder Auto<\/p>\n<p>\u2022 \u00dcber USB wiederaufladbar f\u00fcr wiederholtes Spielen<\/p>","protected":false},"featured_media":6754,"comment_status":"open","ping_status":"closed","template":"","meta":{"_seopress_robots_primary_cat":"none","_seopress_titles_title":"","_seopress_titles_desc":"","_seopress_robots_index":""},"product_brand":[],"product_cat":[15,133,115],"product_tag":[189,139,186,187,161],"class_list":{"0":"post-6751","1":"product","2":"type-product","3":"status-publish","4":"has-post-thumbnail","6":"product_cat-all-products","7":"product_cat-sex-toys","8":"product_cat-vibrators","9":"product_tag-all","10":"product_tag-bullet-vibrators","11":"product_tag-female","12":"product_tag-male","13":"product_tag-rechargeable","14":"pa_color-black","16":"first","17":"instock","18":"taxable","19":"shipping-taxable","20":"purchasable","21":"product-type-variable","22":"wvs-archive-product-wrapper"},"acf":[],"_links":{"self":[{"href":"https:\/\/tucbo.com\/de\/wp-json\/wp\/v2\/product\/6751","targetHints":{"allow":["GET"]}}],"collection":[{"href":"https:\/\/tucbo.com\/de\/wp-json\/wp\/v2\/product"}],"about":[{"href":"https:\/\/tucbo.com\/de\/wp-json\/wp\/v2\/types\/product"}],"replies":[{"embeddable":true,"href":"https:\/\/tucbo.com\/de\/wp-json\/wp\/v2\/comments?post=6751"}],"wp:featuredmedia":[{"embeddable":true,"href":"https:\/\/tucbo.com\/de\/wp-json\/wp\/v2\/media\/6754"}],"wp:attachment":[{"href":"https:\/\/tucbo.com\/de\/wp-json\/wp\/v2\/media?parent=6751"}],"wp:term":[{"taxonomy":"product_brand","embeddable":true,"href":"https:\/\/tucbo.com\/de\/wp-json\/wp\/v2\/product_brand?post=6751"},{"taxonomy":"product_cat","embeddable":true,"href":"https:\/\/tucbo.com\/de\/wp-json\/wp\/v2\/product_cat?post=6751"},{"taxonomy":"product_tag","embeddable":true,"href":"https:\/\/tucbo.com\/de\/wp-json\/wp\/v2\/product_tag?post=6751"}],"curies":[{"name":"wp","href":"https:\/\/api.w.org\/{rel}","templated":true}]}}