{"id":6719,"date":"2025-07-07T22:53:22","date_gmt":"2025-07-07T14:53:22","guid":{"rendered":"https:\/\/tucbo.com\/?post_type=product&#038;p=6719"},"modified":"2025-08-08T15:55:24","modified_gmt":"2025-08-08T07:55:24","slug":"beruhrungsempfindlicher-wiederaufladbarer-fingervibrator","status":"publish","type":"product","link":"https:\/\/tucbo.com\/de\/produkt\/beruhrungsempfindlicher-wiederaufladbarer-fingervibrator\/","title":{"rendered":"Touchy Feely Wiederaufladbarer Finger-Vibrator"},"content":{"rendered":"<table class=\"contacttbl\" cellspacing=\"0\">\n<tbody>\n<tr>\n<td>Farbe<\/td>\n<td>Lila<\/td>\n<\/tr>\n<tr>\n<td>Material<\/td>\n<td>Silikon und silbernes ABS<\/td>\n<\/tr>\n<tr>\n<td>Funktionen<\/td>\n<td>Vibrierende Finger mit 10 Modi und unebener Textur, um die Stimulation zu intensivieren und Ihre Orgasmen noch angenehmer zu gestalten<\/td>\n<\/tr>\n<tr>\n<td>Gesamtl\u00e4nge<\/td>\n<td>3,6 Zoll<\/td>\n<\/tr>\n<tr>\n<td>Durchmesser<\/td>\n<td>1 Zoll<\/td>\n<\/tr>\n<tr>\n<td>Wasserdicht?<\/td>\n<td>Nein<\/td>\n<\/tr>\n<tr>\n<td>Strom<\/td>\n<td>Wiederaufladbar USB<\/td>\n<\/tr>\n<\/tbody>\n<\/table>","protected":false},"excerpt":{"rendered":"<p>- Das ultrastarke Klitorisspielzeug gibt dem Fingerspiel f\u00fcr Solo- und P\u00e4rchenspa\u00df den richtigen Schwung<\/p>\n<p>- Die gebogene Spitze fokussiert 10 intensive und dennoch leise Vibrationsmodi direkt auf Ihre Sweet Spots<\/p>\n<p>- Pleasure Bump Textur steigert die Stimulation in seidigem lila Silikon<\/p>\n<p>- Der dehnbare Ring l\u00e4sst sich f\u00fcr m\u00fchelose Kontrolle auf den Zeigefinger stecken<\/p>\n<p>- Diskret und \u00fcber USB aufladbar - perfekt f\u00fcr die Handtasche!<\/p>\n<p>- Starke Vibrationen sind ideal f\u00fcr Benutzer mit geringer Empfindlichkeit<\/p>","protected":false},"featured_media":6723,"comment_status":"open","ping_status":"closed","template":"","meta":{"_seopress_robots_primary_cat":"none","_seopress_titles_title":"","_seopress_titles_desc":"","_seopress_robots_index":""},"product_brand":[],"product_cat":[15,133,115],"product_tag":[189,139,186,187,161],"class_list":{"0":"post-6719","1":"product","2":"type-product","3":"status-publish","4":"has-post-thumbnail","6":"product_cat-all-products","7":"product_cat-sex-toys","8":"product_cat-vibrators","9":"product_tag-all","10":"product_tag-bullet-vibrators","11":"product_tag-female","12":"product_tag-male","13":"product_tag-rechargeable","14":"pa_color-purple","16":"first","17":"instock","18":"taxable","19":"shipping-taxable","20":"purchasable","21":"product-type-variable","22":"wvs-archive-product-wrapper"},"acf":[],"_links":{"self":[{"href":"https:\/\/tucbo.com\/de\/wp-json\/wp\/v2\/product\/6719","targetHints":{"allow":["GET"]}}],"collection":[{"href":"https:\/\/tucbo.com\/de\/wp-json\/wp\/v2\/product"}],"about":[{"href":"https:\/\/tucbo.com\/de\/wp-json\/wp\/v2\/types\/product"}],"replies":[{"embeddable":true,"href":"https:\/\/tucbo.com\/de\/wp-json\/wp\/v2\/comments?post=6719"}],"wp:featuredmedia":[{"embeddable":true,"href":"https:\/\/tucbo.com\/de\/wp-json\/wp\/v2\/media\/6723"}],"wp:attachment":[{"href":"https:\/\/tucbo.com\/de\/wp-json\/wp\/v2\/media?parent=6719"}],"wp:term":[{"taxonomy":"product_brand","embeddable":true,"href":"https:\/\/tucbo.com\/de\/wp-json\/wp\/v2\/product_brand?post=6719"},{"taxonomy":"product_cat","embeddable":true,"href":"https:\/\/tucbo.com\/de\/wp-json\/wp\/v2\/product_cat?post=6719"},{"taxonomy":"product_tag","embeddable":true,"href":"https:\/\/tucbo.com\/de\/wp-json\/wp\/v2\/product_tag?post=6719"}],"curies":[{"name":"wp","href":"https:\/\/api.w.org\/{rel}","templated":true}]}}