{"id":6711,"date":"2025-07-07T22:45:48","date_gmt":"2025-07-07T14:45:48","guid":{"rendered":"https:\/\/tucbo.com\/?post_type=product&#038;p=6711"},"modified":"2025-08-08T15:56:10","modified_gmt":"2025-08-08T07:56:10","slug":"tucbo-hop-to-it-mint-silikon-10-funktions-bullet-vibrator","status":"publish","type":"product","link":"https:\/\/tucbo.com\/de\/produkt\/tucbo-hop-to-it-mint-silikon-10-funktions-bullet-vibrator\/","title":{"rendered":"Tucbo Hop To It Mint Silikon 10 Funktion Bullet Vibrator"},"content":{"rendered":"<table class=\"contacttbl\" cellspacing=\"0\">\n<tbody>\n<tr>\n<td>Farbe<\/td>\n<td>Mintgr\u00fcn<\/td>\n<\/tr>\n<tr>\n<td>Material<\/td>\n<td>Silikon<\/td>\n<\/tr>\n<tr>\n<td>Funktionen<\/td>\n<td>Kugelvibrator mit 10 Funktionen und Kaninchenohren. Ideal f\u00fcr die Stimulation von Klitoris und Brustwarzen<\/td>\n<\/tr>\n<tr>\n<td>Gesamtl\u00e4nge<\/td>\n<td>3,07 Zoll<\/td>\n<\/tr>\n<tr>\n<td>Durchmesser<\/td>\n<td>0,9 Zoll<\/td>\n<\/tr>\n<tr>\n<td>Wasserdicht?<\/td>\n<td>Nein<\/td>\n<\/tr>\n<tr>\n<td>Strom<\/td>\n<td>3 x LR44-Batterien (nicht enthalten)<\/td>\n<\/tr>\n<\/tbody>\n<\/table>","protected":false},"excerpt":{"rendered":"<p>- Mit dieser surrenden Kugel wirst du sofort ins Bett springen wollen<\/p>\n<p>- Durchlaufen Sie 10 verschiedene Vibrationsstufen mit diesem H\u00f6hepunkt-induzierenden Baumwollschwanz<\/p>\n<p>- Weiche gr\u00fcne Silikon-Ohren sorgen f\u00fcr zus\u00e4tzliches Vergn\u00fcgen, wenn sie deine erogenen Zonen umschmeicheln<\/p>\n<p>- 3-Zoll-Vibrator im Miniformat; perfekt f\u00fcr das Vorspiel von Paaren oder als erstes Sexspielzeug<\/p>","protected":false},"featured_media":6715,"comment_status":"open","ping_status":"closed","template":"","meta":{"_seopress_robots_primary_cat":"none","_seopress_titles_title":"","_seopress_titles_desc":"","_seopress_robots_index":""},"product_brand":[],"product_cat":[15,133,115],"product_tag":[189,163,139,188,186,187],"class_list":{"0":"post-6711","1":"product","2":"type-product","3":"status-publish","4":"has-post-thumbnail","6":"product_cat-all-products","7":"product_cat-sex-toys","8":"product_cat-vibrators","9":"product_tag-all","10":"product_tag-batteries","11":"product_tag-bullet-vibrators","12":"product_tag-couples","13":"product_tag-female","14":"product_tag-male","15":"pa_color-green","17":"first","18":"instock","19":"taxable","20":"shipping-taxable","21":"purchasable","22":"product-type-variable","23":"wvs-archive-product-wrapper"},"acf":[],"_links":{"self":[{"href":"https:\/\/tucbo.com\/de\/wp-json\/wp\/v2\/product\/6711","targetHints":{"allow":["GET"]}}],"collection":[{"href":"https:\/\/tucbo.com\/de\/wp-json\/wp\/v2\/product"}],"about":[{"href":"https:\/\/tucbo.com\/de\/wp-json\/wp\/v2\/types\/product"}],"replies":[{"embeddable":true,"href":"https:\/\/tucbo.com\/de\/wp-json\/wp\/v2\/comments?post=6711"}],"wp:featuredmedia":[{"embeddable":true,"href":"https:\/\/tucbo.com\/de\/wp-json\/wp\/v2\/media\/6715"}],"wp:attachment":[{"href":"https:\/\/tucbo.com\/de\/wp-json\/wp\/v2\/media?parent=6711"}],"wp:term":[{"taxonomy":"product_brand","embeddable":true,"href":"https:\/\/tucbo.com\/de\/wp-json\/wp\/v2\/product_brand?post=6711"},{"taxonomy":"product_cat","embeddable":true,"href":"https:\/\/tucbo.com\/de\/wp-json\/wp\/v2\/product_cat?post=6711"},{"taxonomy":"product_tag","embeddable":true,"href":"https:\/\/tucbo.com\/de\/wp-json\/wp\/v2\/product_tag?post=6711"}],"curies":[{"name":"wp","href":"https:\/\/api.w.org\/{rel}","templated":true}]}}