{"id":6660,"date":"2025-07-06T15:06:16","date_gmt":"2025-07-06T07:06:16","guid":{"rendered":"https:\/\/tucbo.com\/?post_type=product&#038;p=6660"},"modified":"2025-08-08T16:03:13","modified_gmt":"2025-08-08T08:03:13","slug":"mon-amour-love-bomb-weis-aufladbare-vibrationskugel","status":"publish","type":"product","link":"https:\/\/tucbo.com\/de\/produkt\/mon-amour-love-bomb-weis-aufladbare-vibrationskugel\/","title":{"rendered":"Mon Amour Love Bomb White Rechargeable Bullet Vibe"},"content":{"rendered":"<table class=\"contacttbl\" cellspacing=\"0\">\n<tbody>\n<tr>\n<td>Farbe<\/td>\n<td>Wei\u00df<\/td>\n<\/tr>\n<tr>\n<td>Material<\/td>\n<td>ABS und Silikon<\/td>\n<\/tr>\n<tr>\n<td>ABS und Silikon<\/td>\n<td>Dieses Produkt enth\u00e4lt weder Latex noch Phthalate<\/td>\n<\/tr>\n<tr>\n<td>Funktionen<\/td>\n<td>16 verschiedene Vibrationsmuster, reisefreundliche Gr\u00f6\u00dfe<\/td>\n<\/tr>\n<tr>\n<td>Einf\u00fchrbare L\u00e4nge<\/td>\n<td>3 Zoll<\/td>\n<\/tr>\n<tr>\n<td>Gesamtl\u00e4nge<\/td>\n<td>4,6 Zoll<\/td>\n<\/tr>\n<tr>\n<td>Durchmesser<\/td>\n<td>1,25 Zoll<\/td>\n<\/tr>\n<tr>\n<td>Strom<\/td>\n<td>USB Wiederaufladbar<\/td>\n<\/tr>\n<tr>\n<td>Wasserdicht?<\/td>\n<td>Ja<\/td>\n<\/tr>\n<\/tbody>\n<\/table>","protected":false},"excerpt":{"rendered":"<p>- Der Vibrator im Taschenformat bringt kraftvolles Vergn\u00fcgen auf Knopfdruck<\/p>\n<p>- Weiche, abgewinkelte Spitze f\u00fcr Ihre Klitoris mit 16 leistungsstarken Modi<\/p>\n<p>- Unauff\u00e4llige Gr\u00f6\u00dfe mit reisefreundlichem USB-Ladeger\u00e4t f\u00fcr schnelles, bequemes Spielen<\/p>\n<p>- K\u00f6rpersicheres Silikon in samtweicher wei\u00dfer Ausf\u00fchrung<\/p>","protected":false},"featured_media":6663,"comment_status":"open","ping_status":"closed","template":"","meta":{"_seopress_robots_primary_cat":"none","_seopress_titles_title":"","_seopress_titles_desc":"","_seopress_robots_index":""},"product_brand":[],"product_cat":[15,133,115],"product_tag":[189,139,188,186,187,161],"class_list":{"0":"post-6660","1":"product","2":"type-product","3":"status-publish","4":"has-post-thumbnail","6":"product_cat-all-products","7":"product_cat-sex-toys","8":"product_cat-vibrators","9":"product_tag-all","10":"product_tag-bullet-vibrators","11":"product_tag-couples","12":"product_tag-female","13":"product_tag-male","14":"product_tag-rechargeable","15":"pa_color-white","17":"first","18":"instock","19":"taxable","20":"shipping-taxable","21":"purchasable","22":"product-type-variable","23":"wvs-archive-product-wrapper"},"acf":[],"_links":{"self":[{"href":"https:\/\/tucbo.com\/de\/wp-json\/wp\/v2\/product\/6660","targetHints":{"allow":["GET"]}}],"collection":[{"href":"https:\/\/tucbo.com\/de\/wp-json\/wp\/v2\/product"}],"about":[{"href":"https:\/\/tucbo.com\/de\/wp-json\/wp\/v2\/types\/product"}],"replies":[{"embeddable":true,"href":"https:\/\/tucbo.com\/de\/wp-json\/wp\/v2\/comments?post=6660"}],"wp:featuredmedia":[{"embeddable":true,"href":"https:\/\/tucbo.com\/de\/wp-json\/wp\/v2\/media\/6663"}],"wp:attachment":[{"href":"https:\/\/tucbo.com\/de\/wp-json\/wp\/v2\/media?parent=6660"}],"wp:term":[{"taxonomy":"product_brand","embeddable":true,"href":"https:\/\/tucbo.com\/de\/wp-json\/wp\/v2\/product_brand?post=6660"},{"taxonomy":"product_cat","embeddable":true,"href":"https:\/\/tucbo.com\/de\/wp-json\/wp\/v2\/product_cat?post=6660"},{"taxonomy":"product_tag","embeddable":true,"href":"https:\/\/tucbo.com\/de\/wp-json\/wp\/v2\/product_tag?post=6660"}],"curies":[{"name":"wp","href":"https:\/\/api.w.org\/{rel}","templated":true}]}}