{"id":6608,"date":"2025-07-05T15:51:44","date_gmt":"2025-07-05T07:51:44","guid":{"rendered":"https:\/\/tucbo.com\/?post_type=product&#038;p=6608"},"modified":"2025-08-08T21:02:36","modified_gmt":"2025-08-08T13:02:36","slug":"tucbo-clit-rider-silver-10-funktion-aufladbar-bullet-vibe","status":"publish","type":"product","link":"https:\/\/tucbo.com\/de\/produkt\/tucbo-clit-rider-silver-10-funktion-aufladbar-bullet-vibe\/","title":{"rendered":"Tucbo Clit-Rider Silber 10 Funktion Wiederaufladbar Bullet Vibe"},"content":{"rendered":"<table class=\"contacttbl\" cellspacing=\"0\">\n<tbody>\n<tr>\n<td>Farbe<\/td>\n<td>Silber<\/td>\n<\/tr>\n<tr>\n<td>Material<\/td>\n<td>ABS-Kunststoff<\/td>\n<\/tr>\n<tr>\n<td>Funktionen<\/td>\n<td>10 kraftvolle Vibrationsstufen, spitzes Ende f\u00fcr pr\u00e4zise externe Stimulation<\/td>\n<\/tr>\n<tr>\n<td>L\u00e4nge<\/td>\n<td>3,5 Zoll<\/td>\n<\/tr>\n<tr>\n<td>Durchmesser<\/td>\n<td>0,5 Zoll<\/td>\n<\/tr>\n<tr>\n<td>Wasserdicht<\/td>\n<td>Ja<\/td>\n<\/tr>\n<tr>\n<td>Strom<\/td>\n<td>Wiederaufladbar<\/td>\n<\/tr>\n<\/tbody>\n<\/table>","protected":false},"excerpt":{"rendered":"<p>Bullet-Vibrator f\u00fcr klitorale Stimulation oder k\u00f6stliches einf\u00fchrbares Vergn\u00fcgen<\/p>\n<p>- 10-Funktions-Vibrationen f\u00fcr langsame und sinnliche oder schnelle und kr\u00e4ftige<\/p>\n<p>- Stilvoll und diskret, mit dieser Kugel werden Sie nicht einmal wissen, was Sie getroffen hat<\/p>\n<p>- Vollst\u00e4ndig aufladbar und komplett wasserdicht f\u00fcr ausgedehnte Bade- oder Duschspiele<\/p>","protected":false},"featured_media":6611,"comment_status":"open","ping_status":"closed","template":"","meta":{"_seopress_robots_primary_cat":"none","_seopress_titles_title":"","_seopress_titles_desc":"","_seopress_robots_index":""},"product_brand":[],"product_cat":[15,133,115],"product_tag":[189,139,188,186,187,161],"class_list":{"0":"post-6608","1":"product","2":"type-product","3":"status-publish","4":"has-post-thumbnail","6":"product_cat-all-products","7":"product_cat-sex-toys","8":"product_cat-vibrators","9":"product_tag-all","10":"product_tag-bullet-vibrators","11":"product_tag-couples","12":"product_tag-female","13":"product_tag-male","14":"product_tag-rechargeable","15":"pa_color-silver","17":"first","18":"instock","19":"taxable","20":"shipping-taxable","21":"purchasable","22":"product-type-variable","23":"wvs-archive-product-wrapper"},"acf":[],"_links":{"self":[{"href":"https:\/\/tucbo.com\/de\/wp-json\/wp\/v2\/product\/6608","targetHints":{"allow":["GET"]}}],"collection":[{"href":"https:\/\/tucbo.com\/de\/wp-json\/wp\/v2\/product"}],"about":[{"href":"https:\/\/tucbo.com\/de\/wp-json\/wp\/v2\/types\/product"}],"replies":[{"embeddable":true,"href":"https:\/\/tucbo.com\/de\/wp-json\/wp\/v2\/comments?post=6608"}],"wp:featuredmedia":[{"embeddable":true,"href":"https:\/\/tucbo.com\/de\/wp-json\/wp\/v2\/media\/6611"}],"wp:attachment":[{"href":"https:\/\/tucbo.com\/de\/wp-json\/wp\/v2\/media?parent=6608"}],"wp:term":[{"taxonomy":"product_brand","embeddable":true,"href":"https:\/\/tucbo.com\/de\/wp-json\/wp\/v2\/product_brand?post=6608"},{"taxonomy":"product_cat","embeddable":true,"href":"https:\/\/tucbo.com\/de\/wp-json\/wp\/v2\/product_cat?post=6608"},{"taxonomy":"product_tag","embeddable":true,"href":"https:\/\/tucbo.com\/de\/wp-json\/wp\/v2\/product_tag?post=6608"}],"curies":[{"name":"wp","href":"https:\/\/api.w.org\/{rel}","templated":true}]}}