{"id":6586,"date":"2025-07-05T15:39:32","date_gmt":"2025-07-05T07:39:32","guid":{"rendered":"https:\/\/tucbo.com\/?post_type=product&#038;p=6586"},"modified":"2025-08-08T21:04:12","modified_gmt":"2025-08-08T13:04:12","slug":"rompette-pink-rabbit-nachladbarer-finger-vibrator","status":"publish","type":"product","link":"https:\/\/tucbo.com\/de\/produkt\/rompette-pink-rabbit-nachladbarer-finger-vibrator\/","title":{"rendered":"Rompette Pink Rabbit Wiederaufladbarer Finger-Vibrator"},"content":{"rendered":"<table class=\"contacttbl\" cellspacing=\"0\">\n<tbody>\n<tr>\n<td>Farbe<\/td>\n<td>Rosa<\/td>\n<\/tr>\n<tr>\n<td>Material<\/td>\n<td>Silikon und silbernes ABS<\/td>\n<\/tr>\n<tr>\n<td>Funktionen<\/td>\n<td>Klitoris- und Nippel-Fingervibrator mit 10 Vibrationsmodi f\u00fcr extra orgasmisches Vergn\u00fcgen<\/td>\n<\/tr>\n<tr>\n<td>Gesamtl\u00e4nge<\/td>\n<td>4,2 Zoll<\/td>\n<\/tr>\n<tr>\n<td>Durchmesser<\/td>\n<td>1,2 Zoll<\/td>\n<\/tr>\n<tr>\n<td>Wasserdicht?<\/td>\n<td>Nein<\/td>\n<\/tr>\n<tr>\n<td>Strom<\/td>\n<td>Wiederaufladbar USB<\/td>\n<\/tr>\n<\/tbody>\n<\/table>","protected":false},"excerpt":{"rendered":"<p>- Bringen Sie etwas Magie in die Selbstbefriedigung mit diesem m\u00e4chtigen Fingervibrator!<\/p>\n<p>- Summende Ohren und nuschelnde Nase lassen Ihre Klitoris und Brustwarzen mit 10 extrem starken Vibrationsmodi vibrieren<\/p>\n<p>- Seidiges, rosafarbenes Silikon sorgt f\u00fcr ein nahtloses Spiel mit den H\u00e4nden<\/p>\n<p>- Diskrete Gr\u00f6\u00dfe und USB-Aufladung f\u00fcr Orgasmen unterwegs<\/p>\n<p>- Starke Vibrationen sind perfekt f\u00fcr Benutzer mit geringer Empfindlichkeit<\/p>","protected":false},"featured_media":6590,"comment_status":"open","ping_status":"closed","template":"","meta":{"_seopress_robots_primary_cat":"none","_seopress_titles_title":"","_seopress_titles_desc":"","_seopress_robots_index":""},"product_brand":[],"product_cat":[15,133,115],"product_tag":[189,139,188,186,187,161],"class_list":{"0":"post-6586","1":"product","2":"type-product","3":"status-publish","4":"has-post-thumbnail","6":"product_cat-all-products","7":"product_cat-sex-toys","8":"product_cat-vibrators","9":"product_tag-all","10":"product_tag-bullet-vibrators","11":"product_tag-couples","12":"product_tag-female","13":"product_tag-male","14":"product_tag-rechargeable","15":"pa_color-pink","17":"first","18":"instock","19":"taxable","20":"shipping-taxable","21":"purchasable","22":"product-type-variable","23":"wvs-archive-product-wrapper"},"acf":[],"_links":{"self":[{"href":"https:\/\/tucbo.com\/de\/wp-json\/wp\/v2\/product\/6586","targetHints":{"allow":["GET"]}}],"collection":[{"href":"https:\/\/tucbo.com\/de\/wp-json\/wp\/v2\/product"}],"about":[{"href":"https:\/\/tucbo.com\/de\/wp-json\/wp\/v2\/types\/product"}],"replies":[{"embeddable":true,"href":"https:\/\/tucbo.com\/de\/wp-json\/wp\/v2\/comments?post=6586"}],"wp:featuredmedia":[{"embeddable":true,"href":"https:\/\/tucbo.com\/de\/wp-json\/wp\/v2\/media\/6590"}],"wp:attachment":[{"href":"https:\/\/tucbo.com\/de\/wp-json\/wp\/v2\/media?parent=6586"}],"wp:term":[{"taxonomy":"product_brand","embeddable":true,"href":"https:\/\/tucbo.com\/de\/wp-json\/wp\/v2\/product_brand?post=6586"},{"taxonomy":"product_cat","embeddable":true,"href":"https:\/\/tucbo.com\/de\/wp-json\/wp\/v2\/product_cat?post=6586"},{"taxonomy":"product_tag","embeddable":true,"href":"https:\/\/tucbo.com\/de\/wp-json\/wp\/v2\/product_tag?post=6586"}],"curies":[{"name":"wp","href":"https:\/\/api.w.org\/{rel}","templated":true}]}}