{"id":6521,"date":"2025-06-28T09:37:01","date_gmt":"2025-06-28T01:37:01","guid":{"rendered":"https:\/\/tucbo.com\/?post_type=product&#038;p=6521"},"modified":"2025-08-08T21:08:17","modified_gmt":"2025-08-08T13:08:17","slug":"un-leaf-able-mint-green-pointed-bullet-vibrator","status":"publish","type":"product","link":"https:\/\/tucbo.com\/de\/produkt\/un-leaf-able-mint-green-pointed-bullet-vibrator\/","title":{"rendered":"Unbeatable Mintgr\u00fcn-gepunkteter Kugelvibrator"},"content":{"rendered":"<table class=\"contacttbl\" cellspacing=\"0\">\n<tbody>\n<tr>\n<td>Farbe<\/td>\n<td>Mintgr\u00fcn<\/td>\n<\/tr>\n<tr>\n<td>Material<\/td>\n<td>Silikon<\/td>\n<\/tr>\n<tr>\n<td>Funktionen<\/td>\n<td>Starke Vibrationen mit zahlreichen Geschwindigkeiten und Mustern zur Auswahl. F\u00fcr Nippel oder Klitoris. Ideal f\u00fcr den Transport in der Handtasche dank seiner geringen Gr\u00f6\u00dfe. Wasserdicht und wiederaufladbar.<\/td>\n<\/tr>\n<tr>\n<td>Gesamtl\u00e4nge<\/td>\n<td>5 Zoll<\/td>\n<\/tr>\n<tr>\n<td>Durchmesser<\/td>\n<td>1,25 Zoll<\/td>\n<\/tr>\n<tr>\n<td>Wasserdicht?<\/td>\n<td>Ja<\/td>\n<\/tr>\n<tr>\n<td>Strom<\/td>\n<td>USB Wiederaufladbar<\/td>\n<\/tr>\n<\/tbody>\n<\/table>","protected":false},"excerpt":{"rendered":"<p>- Entdecken Sie Ihre nat\u00fcrliche Seite mit diesem bl\u00e4ttrigen, aber sch\u00f6nen Kugelvibrator<\/p>\n<p>- 10 Modi, um Ihr O von langsam und sinnlich bis hin zu zitternd intensiv zu gestalten<\/p>\n<p>- Der perfekte Reisebegleiter f\u00fcr unterwegs, wann und wo immer Sie ihn brauchen.<\/p>\n<p>- Vollst\u00e4ndig wiederaufladbar und wasserdicht f\u00fcr Spa\u00df in der Dusche<\/p>","protected":false},"featured_media":6525,"comment_status":"open","ping_status":"closed","template":"","meta":{"_seopress_robots_primary_cat":"none","_seopress_titles_title":"","_seopress_titles_desc":"","_seopress_robots_index":""},"product_brand":[],"product_cat":[15,133,115],"product_tag":[189,139,188,186,161],"class_list":{"0":"post-6521","1":"product","2":"type-product","3":"status-publish","4":"has-post-thumbnail","6":"product_cat-all-products","7":"product_cat-sex-toys","8":"product_cat-vibrators","9":"product_tag-all","10":"product_tag-bullet-vibrators","11":"product_tag-couples","12":"product_tag-female","13":"product_tag-rechargeable","14":"pa_color-green","16":"first","17":"instock","18":"taxable","19":"shipping-taxable","20":"purchasable","21":"product-type-variable","22":"wvs-archive-product-wrapper"},"acf":[],"_links":{"self":[{"href":"https:\/\/tucbo.com\/de\/wp-json\/wp\/v2\/product\/6521","targetHints":{"allow":["GET"]}}],"collection":[{"href":"https:\/\/tucbo.com\/de\/wp-json\/wp\/v2\/product"}],"about":[{"href":"https:\/\/tucbo.com\/de\/wp-json\/wp\/v2\/types\/product"}],"replies":[{"embeddable":true,"href":"https:\/\/tucbo.com\/de\/wp-json\/wp\/v2\/comments?post=6521"}],"wp:featuredmedia":[{"embeddable":true,"href":"https:\/\/tucbo.com\/de\/wp-json\/wp\/v2\/media\/6525"}],"wp:attachment":[{"href":"https:\/\/tucbo.com\/de\/wp-json\/wp\/v2\/media?parent=6521"}],"wp:term":[{"taxonomy":"product_brand","embeddable":true,"href":"https:\/\/tucbo.com\/de\/wp-json\/wp\/v2\/product_brand?post=6521"},{"taxonomy":"product_cat","embeddable":true,"href":"https:\/\/tucbo.com\/de\/wp-json\/wp\/v2\/product_cat?post=6521"},{"taxonomy":"product_tag","embeddable":true,"href":"https:\/\/tucbo.com\/de\/wp-json\/wp\/v2\/product_tag?post=6521"}],"curies":[{"name":"wp","href":"https:\/\/api.w.org\/{rel}","templated":true}]}}