{"id":6481,"date":"2025-06-26T23:28:59","date_gmt":"2025-06-26T15:28:59","guid":{"rendered":"https:\/\/tucbo.com\/?post_type=product&#038;p=6481"},"modified":"2025-08-14T22:08:09","modified_gmt":"2025-08-14T14:08:09","slug":"silberner-weichmacher-aufladbarer-klassischer-vibrator","status":"publish","type":"product","link":"https:\/\/tucbo.com\/de\/produkt\/silberner-weichmacher-aufladbarer-klassischer-vibrator\/","title":{"rendered":"Silberner Schnuller Wiederaufladbarer klassischer Vibrator"},"content":{"rendered":"<table class=\"contacttbl\" cellspacing=\"0\">\n<tbody>\n<tr>\n<td>Farbe<\/td>\n<td>Silber<\/td>\n<\/tr>\n<tr>\n<td>Material<\/td>\n<td>ABS<\/td>\n<\/tr>\n<tr>\n<td>Funktionen<\/td>\n<td>10 Vibrationsmodi LED-Tastenvibrator<\/td>\n<\/tr>\n<tr>\n<td>Gesamtl\u00e4nge<\/td>\n<td>7,3 Zoll<\/td>\n<\/tr>\n<tr>\n<td>Durchmesser<\/td>\n<td>1 Zoll<\/td>\n<\/tr>\n<tr>\n<td>Wasserdicht?<\/td>\n<td>Nein<\/td>\n<\/tr>\n<tr>\n<td>Strom<\/td>\n<td>Wiederaufladbar USB<\/td>\n<\/tr>\n<\/tbody>\n<\/table>","protected":false},"excerpt":{"rendered":"<p>- Polieren Sie Ihr Vergn\u00fcgen mit diesem hochgl\u00e4nzenden Schaft f\u00fcr sanfte, intensive Stimulation auf.<\/p>\n<p>- Entdecken Sie 10 Vibrationsmodi f\u00fcr eine breite Palette von Geschwindigkeiten und Mustern<\/p>\n<p>- Hard-bodied, leichte vibe ist einf\u00fchrbar von 6,5-Zoll f\u00fcr tiefe, innere Freude<\/p>\n<p>- LED-Steuerung mit einer Taste f\u00fcr das Spielen im Dunkeln<\/p>\n<p>- \u00dcber USB aufladbar f\u00fcr unbegrenzte Zufriedenheit - zu Hause oder unterwegs!<\/p>","protected":false},"featured_media":6484,"comment_status":"open","ping_status":"closed","template":"","meta":{"_seopress_robots_primary_cat":"none","_seopress_titles_title":"","_seopress_titles_desc":"","_seopress_robots_index":""},"product_brand":[],"product_cat":[15,133,115],"product_tag":[189,139,141,188,186,187,161],"class_list":{"0":"post-6481","1":"product","2":"type-product","3":"status-publish","4":"has-post-thumbnail","6":"product_cat-all-products","7":"product_cat-sex-toys","8":"product_cat-vibrators","9":"product_tag-all","10":"product_tag-bullet-vibrators","11":"product_tag-classic-vibrators","12":"product_tag-couples","13":"product_tag-female","14":"product_tag-male","15":"product_tag-rechargeable","16":"pa_color-silver","18":"first","19":"instock","20":"taxable","21":"shipping-taxable","22":"purchasable","23":"product-type-variable","24":"wvs-archive-product-wrapper"},"acf":[],"_links":{"self":[{"href":"https:\/\/tucbo.com\/de\/wp-json\/wp\/v2\/product\/6481","targetHints":{"allow":["GET"]}}],"collection":[{"href":"https:\/\/tucbo.com\/de\/wp-json\/wp\/v2\/product"}],"about":[{"href":"https:\/\/tucbo.com\/de\/wp-json\/wp\/v2\/types\/product"}],"replies":[{"embeddable":true,"href":"https:\/\/tucbo.com\/de\/wp-json\/wp\/v2\/comments?post=6481"}],"wp:featuredmedia":[{"embeddable":true,"href":"https:\/\/tucbo.com\/de\/wp-json\/wp\/v2\/media\/6484"}],"wp:attachment":[{"href":"https:\/\/tucbo.com\/de\/wp-json\/wp\/v2\/media?parent=6481"}],"wp:term":[{"taxonomy":"product_brand","embeddable":true,"href":"https:\/\/tucbo.com\/de\/wp-json\/wp\/v2\/product_brand?post=6481"},{"taxonomy":"product_cat","embeddable":true,"href":"https:\/\/tucbo.com\/de\/wp-json\/wp\/v2\/product_cat?post=6481"},{"taxonomy":"product_tag","embeddable":true,"href":"https:\/\/tucbo.com\/de\/wp-json\/wp\/v2\/product_tag?post=6481"}],"curies":[{"name":"wp","href":"https:\/\/api.w.org\/{rel}","templated":true}]}}