{"id":6446,"date":"2025-06-26T01:51:30","date_gmt":"2025-06-25T17:51:30","guid":{"rendered":"https:\/\/tucbo.com\/?post_type=product&#038;p=6446"},"modified":"2025-08-08T21:13:10","modified_gmt":"2025-08-08T13:13:10","slug":"tucbo-pocket-pleasure-violett-bullet-vibe","status":"publish","type":"product","link":"https:\/\/tucbo.com\/de\/produkt\/tucbo-pocket-pleasure-violett-bullet-vibe\/","title":{"rendered":"Tucbo Pocket Pleasure Lila Bullet Vibe"},"content":{"rendered":"<table class=\"contacttbl\" cellspacing=\"0\">\n<tbody>\n<tr>\n<td>Farbe<\/td>\n<td>Lila<\/td>\n<\/tr>\n<tr>\n<td>Material<\/td>\n<td>ABS<\/td>\n<\/tr>\n<tr>\n<td>Funktionen<\/td>\n<td>Einzelne starke Vibrationsgeschwindigkeiten, gezielte Stimulation<\/td>\n<\/tr>\n<tr>\n<td>L\u00e4nge<\/td>\n<td>3,5 Zoll<\/td>\n<\/tr>\n<tr>\n<td>Durchmesser<\/td>\n<td>0,70 Zoll<\/td>\n<\/tr>\n<tr>\n<td>Wasserdicht?<\/td>\n<td>Spritzwassergesch\u00fctzt<\/td>\n<\/tr>\n<tr>\n<td>Strom<\/td>\n<td>1x AAA-Batterien<\/td>\n<\/tr>\n<\/tbody>\n<\/table>","protected":false},"excerpt":{"rendered":"<p>- Single-Speed-Vibrationen in einem auff\u00e4lligen Lila<\/p>\n<p>- Petite Gr\u00f6\u00dfe macht diese Kugel perfekt f\u00fcr diskrete Spiel<\/p>","protected":false},"featured_media":6449,"comment_status":"open","ping_status":"closed","template":"","meta":{"_seopress_robots_primary_cat":"none","_seopress_titles_title":"","_seopress_titles_desc":"","_seopress_robots_index":""},"product_brand":[],"product_cat":[15,133,115],"product_tag":[189,163,139,186],"class_list":{"0":"post-6446","1":"product","2":"type-product","3":"status-publish","4":"has-post-thumbnail","6":"product_cat-all-products","7":"product_cat-sex-toys","8":"product_cat-vibrators","9":"product_tag-all","10":"product_tag-batteries","11":"product_tag-bullet-vibrators","12":"product_tag-female","13":"pa_color-purple","15":"first","16":"instock","17":"taxable","18":"shipping-taxable","19":"purchasable","20":"product-type-variable","21":"wvs-archive-product-wrapper"},"acf":[],"_links":{"self":[{"href":"https:\/\/tucbo.com\/de\/wp-json\/wp\/v2\/product\/6446","targetHints":{"allow":["GET"]}}],"collection":[{"href":"https:\/\/tucbo.com\/de\/wp-json\/wp\/v2\/product"}],"about":[{"href":"https:\/\/tucbo.com\/de\/wp-json\/wp\/v2\/types\/product"}],"replies":[{"embeddable":true,"href":"https:\/\/tucbo.com\/de\/wp-json\/wp\/v2\/comments?post=6446"}],"wp:featuredmedia":[{"embeddable":true,"href":"https:\/\/tucbo.com\/de\/wp-json\/wp\/v2\/media\/6449"}],"wp:attachment":[{"href":"https:\/\/tucbo.com\/de\/wp-json\/wp\/v2\/media?parent=6446"}],"wp:term":[{"taxonomy":"product_brand","embeddable":true,"href":"https:\/\/tucbo.com\/de\/wp-json\/wp\/v2\/product_brand?post=6446"},{"taxonomy":"product_cat","embeddable":true,"href":"https:\/\/tucbo.com\/de\/wp-json\/wp\/v2\/product_cat?post=6446"},{"taxonomy":"product_tag","embeddable":true,"href":"https:\/\/tucbo.com\/de\/wp-json\/wp\/v2\/product_tag?post=6446"}],"curies":[{"name":"wp","href":"https:\/\/api.w.org\/{rel}","templated":true}]}}