{"id":6438,"date":"2025-06-26T01:48:19","date_gmt":"2025-06-25T17:48:19","guid":{"rendered":"https:\/\/tucbo.com\/?post_type=product&#038;p=6438"},"modified":"2025-08-08T21:13:35","modified_gmt":"2025-08-08T13:13:35","slug":"cosmopolitan-schwarz-aufladbar-lcd-bullet-vibrator","status":"publish","type":"product","link":"https:\/\/tucbo.com\/de\/produkt\/cosmopolitan-schwarz-aufladbar-lcd-bullet-vibrator\/","title":{"rendered":"Cosmopolitan Schwarz Wiederaufladbarer LCD Bullet Vibrator"},"content":{"rendered":"<table class=\"contacttbl\" cellspacing=\"0\">\n<tbody>\n<tr>\n<td>Farbe<\/td>\n<td>Schwarz<\/td>\n<\/tr>\n<tr>\n<td>Material<\/td>\n<td>ABS<\/td>\n<\/tr>\n<tr>\n<td>Funktionen<\/td>\n<td>9 Vibrationseinstellungen. Das LCD-Display zeigt den Batteriestand und die gew\u00e4hlte Einstellung an. Diskrete Form im Stil eines Lippenstifts und kompakte Gr\u00f6\u00dfe.<\/td>\n<\/tr>\n<tr>\n<td>Gesamtl\u00e4nge<\/td>\n<td>3,75 Zoll<\/td>\n<\/tr>\n<tr>\n<td>Durchmesser<\/td>\n<td>1 Zoll<\/td>\n<\/tr>\n<tr>\n<td>Wasserdicht?<\/td>\n<td>Spritzwassergesch\u00fctzt<\/td>\n<\/tr>\n<tr>\n<td>Strom<\/td>\n<td>Magnetisch USB Wiederaufladbar<\/td>\n<\/tr>\n<\/tbody>\n<\/table>","protected":false},"excerpt":{"rendered":"<p>- Der diskrete, elegante, lippenstift\u00e4hnliche Vibrator verf\u00fchrt Sie zum Vergn\u00fcgen<\/p>\n<p>- W\u00e4hlen Sie aus 9 Vibrationsmodi, um Ihre Klitoris zu stimulieren<\/p>\n<p>- Diskrete 3,75 Zoll mit einem Lippenstift-Etui f\u00fcr den Spa\u00df unterwegs<\/p>\n<p>- LCD-Display zur \u00dcberwachung der Akkulaufzeit und der Einstellungen und wiederaufladbar f\u00fcr mehr Solo-Spa\u00df<\/p>","protected":false},"featured_media":6441,"comment_status":"open","ping_status":"closed","template":"","meta":{"_seopress_robots_primary_cat":"none","_seopress_titles_title":"","_seopress_titles_desc":"","_seopress_robots_index":""},"product_brand":[],"product_cat":[15,133,115],"product_tag":[189,139,186,161],"class_list":{"0":"post-6438","1":"product","2":"type-product","3":"status-publish","4":"has-post-thumbnail","6":"product_cat-all-products","7":"product_cat-sex-toys","8":"product_cat-vibrators","9":"product_tag-all","10":"product_tag-bullet-vibrators","11":"product_tag-female","12":"product_tag-rechargeable","13":"pa_color-black","15":"first","16":"instock","17":"taxable","18":"shipping-taxable","19":"purchasable","20":"product-type-variable","21":"wvs-archive-product-wrapper"},"acf":[],"_links":{"self":[{"href":"https:\/\/tucbo.com\/de\/wp-json\/wp\/v2\/product\/6438","targetHints":{"allow":["GET"]}}],"collection":[{"href":"https:\/\/tucbo.com\/de\/wp-json\/wp\/v2\/product"}],"about":[{"href":"https:\/\/tucbo.com\/de\/wp-json\/wp\/v2\/types\/product"}],"replies":[{"embeddable":true,"href":"https:\/\/tucbo.com\/de\/wp-json\/wp\/v2\/comments?post=6438"}],"wp:featuredmedia":[{"embeddable":true,"href":"https:\/\/tucbo.com\/de\/wp-json\/wp\/v2\/media\/6441"}],"wp:attachment":[{"href":"https:\/\/tucbo.com\/de\/wp-json\/wp\/v2\/media?parent=6438"}],"wp:term":[{"taxonomy":"product_brand","embeddable":true,"href":"https:\/\/tucbo.com\/de\/wp-json\/wp\/v2\/product_brand?post=6438"},{"taxonomy":"product_cat","embeddable":true,"href":"https:\/\/tucbo.com\/de\/wp-json\/wp\/v2\/product_cat?post=6438"},{"taxonomy":"product_tag","embeddable":true,"href":"https:\/\/tucbo.com\/de\/wp-json\/wp\/v2\/product_tag?post=6438"}],"curies":[{"name":"wp","href":"https:\/\/api.w.org\/{rel}","templated":true}]}}