{"id":6410,"date":"2025-06-25T23:47:21","date_gmt":"2025-06-25T15:47:21","guid":{"rendered":"https:\/\/tucbo.com\/?post_type=product&#038;p=6410"},"modified":"2025-08-08T21:15:16","modified_gmt":"2025-08-08T13:15:16","slug":"o-glow-schwarz-aufladbar-bullet-vibrator","status":"publish","type":"product","link":"https:\/\/tucbo.com\/de\/produkt\/o-glow-schwarz-aufladbar-bullet-vibrator\/","title":{"rendered":"O-Glow Black Wiederaufladbarer Bullet Vibrator"},"content":{"rendered":"<table class=\"contacttbl\" cellspacing=\"0\">\n<tbody>\n<tr>\n<td>Farbe<\/td>\n<td>Schwarz<\/td>\n<\/tr>\n<tr>\n<td>Material<\/td>\n<td>PU-beschichtetes ABS<\/td>\n<\/tr>\n<tr>\n<td>Ausgew\u00e4hlt<\/td>\n<td>Verj\u00fcngte Spitze f\u00fcr pr\u00e4zise Stimulation mit 20 Vibrationsstufen<\/td>\n<\/tr>\n<tr>\n<td>Gesamtl\u00e4nge<\/td>\n<td>4 Zoll<\/td>\n<\/tr>\n<tr>\n<td>Durchmesser<\/td>\n<td>1 Zoll<\/td>\n<\/tr>\n<tr>\n<td>Strom<\/td>\n<td>Wiederaufladbar<\/td>\n<\/tr>\n<tr>\n<td>Wasserdicht?<\/td>\n<td>Ja<\/td>\n<\/tr>\n<\/tbody>\n<\/table>","protected":false},"excerpt":{"rendered":"<p>\/ O-Glow Black Wiederaufladbarer Bullet Vibrator<\/p>\n<p>- Erleben Sie 20 Rumpelintensit\u00e4ten und Vibrationsmuster<\/p>\n<p>- Abgewinkelte Spitze erregt Ihre Klitoris f\u00fcr eine feste, sanfte Stimulation in einem mattschwarzen Finish<\/p>\n<p>- Ultra-diskret, wiederaufladbar und wasserdicht f\u00fcr sofortiges, unbeschwertes Vergn\u00fcgen<\/p>","protected":false},"featured_media":6413,"comment_status":"open","ping_status":"closed","template":"","meta":{"_seopress_robots_primary_cat":"none","_seopress_titles_title":"","_seopress_titles_desc":"","_seopress_robots_index":""},"product_brand":[],"product_cat":[15,133,115],"product_tag":[189,139,186,161],"class_list":{"0":"post-6410","1":"product","2":"type-product","3":"status-publish","4":"has-post-thumbnail","6":"product_cat-all-products","7":"product_cat-sex-toys","8":"product_cat-vibrators","9":"product_tag-all","10":"product_tag-bullet-vibrators","11":"product_tag-female","12":"product_tag-rechargeable","13":"pa_color-black","15":"first","16":"instock","17":"taxable","18":"shipping-taxable","19":"purchasable","20":"product-type-variable","21":"wvs-archive-product-wrapper"},"acf":[],"_links":{"self":[{"href":"https:\/\/tucbo.com\/de\/wp-json\/wp\/v2\/product\/6410","targetHints":{"allow":["GET"]}}],"collection":[{"href":"https:\/\/tucbo.com\/de\/wp-json\/wp\/v2\/product"}],"about":[{"href":"https:\/\/tucbo.com\/de\/wp-json\/wp\/v2\/types\/product"}],"replies":[{"embeddable":true,"href":"https:\/\/tucbo.com\/de\/wp-json\/wp\/v2\/comments?post=6410"}],"wp:featuredmedia":[{"embeddable":true,"href":"https:\/\/tucbo.com\/de\/wp-json\/wp\/v2\/media\/6413"}],"wp:attachment":[{"href":"https:\/\/tucbo.com\/de\/wp-json\/wp\/v2\/media?parent=6410"}],"wp:term":[{"taxonomy":"product_brand","embeddable":true,"href":"https:\/\/tucbo.com\/de\/wp-json\/wp\/v2\/product_brand?post=6410"},{"taxonomy":"product_cat","embeddable":true,"href":"https:\/\/tucbo.com\/de\/wp-json\/wp\/v2\/product_cat?post=6410"},{"taxonomy":"product_tag","embeddable":true,"href":"https:\/\/tucbo.com\/de\/wp-json\/wp\/v2\/product_tag?post=6410"}],"curies":[{"name":"wp","href":"https:\/\/api.w.org\/{rel}","templated":true}]}}