{"id":6402,"date":"2025-06-25T23:38:46","date_gmt":"2025-06-25T15:38:46","guid":{"rendered":"https:\/\/tucbo.com\/?post_type=product&#038;p=6402"},"modified":"2025-08-08T21:16:13","modified_gmt":"2025-08-08T13:16:13","slug":"banana-bliss-silikon-wiederaufladbarer-vibrator","status":"publish","type":"product","link":"https:\/\/tucbo.com\/de\/produkt\/banana-bliss-silikon-wiederaufladbarer-vibrator\/","title":{"rendered":"Banana Bliss Silikon-Vibrator mit Akku"},"content":{"rendered":"<table class=\"contacttbl\" cellspacing=\"0\">\n<tbody>\n<tr>\n<td>Farbe<\/td>\n<td>Yellow<\/td>\n<\/tr>\n<tr>\n<td>Material<\/td>\n<td>Silikon<\/td>\n<\/tr>\n<tr>\n<td>Funktionen<\/td>\n<td>Fruchtiger Mini-Vibrator mit 7 Vibrationsmodi<\/td>\n<\/tr>\n<tr>\n<td>Gesamtl\u00e4nge<\/td>\n<td>4 Zoll<\/td>\n<\/tr>\n<tr>\n<td>Durchmesser<\/td>\n<td>1,4 Zoll<\/td>\n<\/tr>\n<tr>\n<td>Wasserdicht?<\/td>\n<td>Ja<\/td>\n<\/tr>\n<tr>\n<td>Strom<\/td>\n<td>Wiederaufladbar USB<\/td>\n<\/tr>\n<\/tbody>\n<\/table>","protected":false},"excerpt":{"rendered":"<p>- Haben Sie Ihre empfohlenen t\u00e4glichen Orgasmen mit diesem lustigen und fruchtigen Vibrator!<\/p>\n<p>- Sieben kraftvolle Vibrationsmodi sorgen f\u00fcr k\u00f6stliches \u00e4u\u00dferes Vergn\u00fcgen<\/p>\n<p>- Erforschen Sie die verschiedenen Stimulationen vom breiten, rumpeligen K\u00f6rper bis zur intensiv fokussierten Spitze<\/p>\n<p>- K\u00f6rpersicheres Silikon hat eine ultraglatte gelbe Oberfl\u00e4che<\/p>\n<p>- Wasserdicht und per USB wiederaufladbar f\u00fcr unbegrenztes Spielen<\/p>","protected":false},"featured_media":6405,"comment_status":"open","ping_status":"closed","template":"","meta":{"_seopress_robots_primary_cat":"none","_seopress_titles_title":"","_seopress_titles_desc":"","_seopress_robots_index":""},"product_brand":[],"product_cat":[15,133],"product_tag":[189,139,188,186,187,161],"class_list":{"0":"post-6402","1":"product","2":"type-product","3":"status-publish","4":"has-post-thumbnail","6":"product_cat-all-products","7":"product_cat-sex-toys","8":"product_tag-all","9":"product_tag-bullet-vibrators","10":"product_tag-couples","11":"product_tag-female","12":"product_tag-male","13":"product_tag-rechargeable","14":"pa_color-yellow","16":"first","17":"instock","18":"taxable","19":"shipping-taxable","20":"purchasable","21":"product-type-variable","22":"wvs-archive-product-wrapper"},"acf":[],"_links":{"self":[{"href":"https:\/\/tucbo.com\/de\/wp-json\/wp\/v2\/product\/6402","targetHints":{"allow":["GET"]}}],"collection":[{"href":"https:\/\/tucbo.com\/de\/wp-json\/wp\/v2\/product"}],"about":[{"href":"https:\/\/tucbo.com\/de\/wp-json\/wp\/v2\/types\/product"}],"replies":[{"embeddable":true,"href":"https:\/\/tucbo.com\/de\/wp-json\/wp\/v2\/comments?post=6402"}],"wp:featuredmedia":[{"embeddable":true,"href":"https:\/\/tucbo.com\/de\/wp-json\/wp\/v2\/media\/6405"}],"wp:attachment":[{"href":"https:\/\/tucbo.com\/de\/wp-json\/wp\/v2\/media?parent=6402"}],"wp:term":[{"taxonomy":"product_brand","embeddable":true,"href":"https:\/\/tucbo.com\/de\/wp-json\/wp\/v2\/product_brand?post=6402"},{"taxonomy":"product_cat","embeddable":true,"href":"https:\/\/tucbo.com\/de\/wp-json\/wp\/v2\/product_cat?post=6402"},{"taxonomy":"product_tag","embeddable":true,"href":"https:\/\/tucbo.com\/de\/wp-json\/wp\/v2\/product_tag?post=6402"}],"curies":[{"name":"wp","href":"https:\/\/api.w.org\/{rel}","templated":true}]}}