{"id":6393,"date":"2025-06-25T23:33:11","date_gmt":"2025-06-25T15:33:11","guid":{"rendered":"https:\/\/tucbo.com\/?post_type=product&#038;p=6393"},"modified":"2025-08-08T21:16:40","modified_gmt":"2025-08-08T13:16:40","slug":"honig-haschen-lila-silikon-finger-vibrator","status":"publish","type":"product","link":"https:\/\/tucbo.com\/de\/produkt\/honig-haschen-lila-silikon-finger-vibrator\/","title":{"rendered":"Honey Bunny Lila Silikon Finger Vibrator"},"content":{"rendered":"<table class=\"contacttbl\" cellspacing=\"0\">\n<tbody>\n<tr>\n<td>Farbe<\/td>\n<td>Lila<\/td>\n<\/tr>\n<tr>\n<td>Material<\/td>\n<td>Silikon und silbernes ABS<\/td>\n<\/tr>\n<tr>\n<td>Funktionen<\/td>\n<td>Bunny-Finger-Vibrator f\u00fcr orgasmisches Vergn\u00fcgen beim Solo- oder P\u00e4rchenspiel<\/td>\n<\/tr>\n<tr>\n<td>Gesamtl\u00e4nge<\/td>\n<td>4,8 Zoll<\/td>\n<\/tr>\n<tr>\n<td>Durchmesser<\/td>\n<td>1 Zoll<\/td>\n<\/tr>\n<tr>\n<td>Wasserdicht?<\/td>\n<td>Nein<\/td>\n<\/tr>\n<tr>\n<td>Strom<\/td>\n<td>3 x LR44-Batterien (enthalten)<\/td>\n<\/tr>\n<\/tbody>\n<\/table>","protected":false},"excerpt":{"rendered":"<p>- Der Finger-Vibrator legt die Macht der Lust in Ihre H\u00e4nde!<\/p>\n<p>- Brummende Ohren und streichelnde Nase massieren Klitoris und Brustwarzen<\/p>\n<p>- Der Silikonring l\u00e4sst sich leicht aufstecken und erm\u00f6glicht ein nahtloses, spielerisches Erlebnis<\/p>\n<p>- K\u00f6rpersicheres Silikon hat eine seidige lila Oberfl\u00e4che<\/p>","protected":false},"featured_media":6396,"comment_status":"open","ping_status":"closed","template":"","meta":{"_seopress_robots_primary_cat":"none","_seopress_titles_title":"","_seopress_titles_desc":"","_seopress_robots_index":""},"product_brand":[],"product_cat":[15,133,115],"product_tag":[189,163,139,188,186,187,161],"class_list":{"0":"post-6393","1":"product","2":"type-product","3":"status-publish","4":"has-post-thumbnail","6":"product_cat-all-products","7":"product_cat-sex-toys","8":"product_cat-vibrators","9":"product_tag-all","10":"product_tag-batteries","11":"product_tag-bullet-vibrators","12":"product_tag-couples","13":"product_tag-female","14":"product_tag-male","15":"product_tag-rechargeable","16":"pa_color-purple","18":"first","19":"instock","20":"taxable","21":"shipping-taxable","22":"purchasable","23":"product-type-variable","24":"wvs-archive-product-wrapper"},"acf":[],"_links":{"self":[{"href":"https:\/\/tucbo.com\/de\/wp-json\/wp\/v2\/product\/6393","targetHints":{"allow":["GET"]}}],"collection":[{"href":"https:\/\/tucbo.com\/de\/wp-json\/wp\/v2\/product"}],"about":[{"href":"https:\/\/tucbo.com\/de\/wp-json\/wp\/v2\/types\/product"}],"replies":[{"embeddable":true,"href":"https:\/\/tucbo.com\/de\/wp-json\/wp\/v2\/comments?post=6393"}],"wp:featuredmedia":[{"embeddable":true,"href":"https:\/\/tucbo.com\/de\/wp-json\/wp\/v2\/media\/6396"}],"wp:attachment":[{"href":"https:\/\/tucbo.com\/de\/wp-json\/wp\/v2\/media?parent=6393"}],"wp:term":[{"taxonomy":"product_brand","embeddable":true,"href":"https:\/\/tucbo.com\/de\/wp-json\/wp\/v2\/product_brand?post=6393"},{"taxonomy":"product_cat","embeddable":true,"href":"https:\/\/tucbo.com\/de\/wp-json\/wp\/v2\/product_cat?post=6393"},{"taxonomy":"product_tag","embeddable":true,"href":"https:\/\/tucbo.com\/de\/wp-json\/wp\/v2\/product_tag?post=6393"}],"curies":[{"name":"wp","href":"https:\/\/api.w.org\/{rel}","templated":true}]}}