{"id":6362,"date":"2025-06-24T23:58:36","date_gmt":"2025-06-24T15:58:36","guid":{"rendered":"https:\/\/tucbo.com\/?post_type=product&#038;p=6362"},"modified":"2025-08-08T21:18:16","modified_gmt":"2025-08-08T13:18:16","slug":"lelo-ida-wave-coral-app-gesteuerter-dual-stimulations-vibrator","status":"publish","type":"product","link":"https:\/\/tucbo.com\/de\/produkt\/lelo-ida-wave-coral-app-gesteuerter-dual-stimulations-vibrator\/","title":{"rendered":"LELO Ida Wave Coral App-gesteuerter Doppel-Stimulationsvibrator"},"content":{"rendered":"<table class=\"contacttbl\" cellspacing=\"0\">\n<tbody>\n<tr>\n<td>Farbe<\/td>\n<td>Koralle<\/td>\n<\/tr>\n<tr>\n<td>Material<\/td>\n<td>Silikon<\/td>\n<\/tr>\n<tr>\n<td>Funktionen<\/td>\n<td>Freih\u00e4ndig zu bedienender Luxusvibrator mit zwei Motoren und doppelter Leistung. Wavemotion-Technologie und eine breite Palette von Intensit\u00e4tseinstellungen zur Auswahl.<\/td>\n<\/tr>\n<tr>\n<td>Wasserdicht?<\/td>\n<td>Ja<\/td>\n<\/tr>\n<tr>\n<td>Strom<\/td>\n<td>USB Wiederaufladbar<\/td>\n<\/tr>\n<\/tbody>\n<\/table>","protected":false},"excerpt":{"rendered":"<p>- Genie\u00dfen Sie die Stimulation von Klitoris und G-Punkt mit diesem luxuri\u00f6sen, App-gesteuerten Massageger\u00e4t<\/p>\n<p>- Die innovative WaveMotion\u2122 im Streichelarm sorgt f\u00fcr rhythmische, auf den G-Punkt ausgerichtete Streicheleinheiten<\/p>\n<p>- Duale Motoren bieten 10 tiefe, synchronisierte, intensiv befriedigende Vibrationsstufen<\/p>\n<p>- Vollst\u00e4ndig wasserdicht und \u00fcber USB wiederaufladbar, so dass er in Ihrem Koffer Platz findet, wenn Sie auf Reisen gehen<\/p>\n<p>- Registrieren Sie sich bei LELO f\u00fcr eine 1-j\u00e4hrige Garantie<\/p>","protected":false},"featured_media":6365,"comment_status":"open","ping_status":"closed","template":"","meta":{"_seopress_robots_primary_cat":"none","_seopress_titles_title":"","_seopress_titles_desc":"","_seopress_robots_index":""},"product_brand":[],"product_cat":[15,133,115],"product_tag":[189,138,186,161],"class_list":{"0":"post-6362","1":"product","2":"type-product","3":"status-publish","4":"has-post-thumbnail","6":"product_cat-all-products","7":"product_cat-sex-toys","8":"product_cat-vibrators","9":"product_tag-all","10":"product_tag-app-controlled-vibrators","11":"product_tag-female","12":"product_tag-rechargeable","13":"pa_color-coral","15":"first","16":"instock","17":"taxable","18":"shipping-taxable","19":"purchasable","20":"product-type-variable","21":"wvs-archive-product-wrapper"},"acf":[],"_links":{"self":[{"href":"https:\/\/tucbo.com\/de\/wp-json\/wp\/v2\/product\/6362","targetHints":{"allow":["GET"]}}],"collection":[{"href":"https:\/\/tucbo.com\/de\/wp-json\/wp\/v2\/product"}],"about":[{"href":"https:\/\/tucbo.com\/de\/wp-json\/wp\/v2\/types\/product"}],"replies":[{"embeddable":true,"href":"https:\/\/tucbo.com\/de\/wp-json\/wp\/v2\/comments?post=6362"}],"wp:featuredmedia":[{"embeddable":true,"href":"https:\/\/tucbo.com\/de\/wp-json\/wp\/v2\/media\/6365"}],"wp:attachment":[{"href":"https:\/\/tucbo.com\/de\/wp-json\/wp\/v2\/media?parent=6362"}],"wp:term":[{"taxonomy":"product_brand","embeddable":true,"href":"https:\/\/tucbo.com\/de\/wp-json\/wp\/v2\/product_brand?post=6362"},{"taxonomy":"product_cat","embeddable":true,"href":"https:\/\/tucbo.com\/de\/wp-json\/wp\/v2\/product_cat?post=6362"},{"taxonomy":"product_tag","embeddable":true,"href":"https:\/\/tucbo.com\/de\/wp-json\/wp\/v2\/product_tag?post=6362"}],"curies":[{"name":"wp","href":"https:\/\/api.w.org\/{rel}","templated":true}]}}