{"id":6347,"date":"2025-06-24T23:49:34","date_gmt":"2025-06-24T15:49:34","guid":{"rendered":"https:\/\/tucbo.com\/?post_type=product&#038;p=6347"},"modified":"2025-08-08T21:19:02","modified_gmt":"2025-08-08T13:19:02","slug":"we-vibe-moxie-schwarz-10-funktion-app-gesteuerter-klitoral-vibrator","status":"publish","type":"product","link":"https:\/\/tucbo.com\/de\/produkt\/we-vibe-moxie-schwarz-10-funktion-app-gesteuerter-klitoral-vibrator\/","title":{"rendered":"We-Vibe Moxie+ Schwarz 10 Funktionen App-gesteuerter Klitoris-Vibrator"},"content":{"rendered":"<table class=\"contacttbl\" cellspacing=\"0\">\n<tbody>\n<tr>\n<td>Farbe<\/td>\n<td>Schwarz<\/td>\n<\/tr>\n<tr>\n<td>Material<\/td>\n<td>Silikon<\/td>\n<\/tr>\n<tr>\n<td>Funktionen<\/td>\n<td>Extrem leiser Klitoris-Vibrator mit 10 Vibrationsst\u00e4rken. Ideal f\u00fcr Solo &amp; Paare, Steuerung \u00fcber die kleine Fernbedienung oder die We-Vibe App f\u00fcr mehr Spa\u00df auf Distanz.<\/td>\n<\/tr>\n<tr>\n<td>Gesamtl\u00e4nge<\/td>\n<td>3 Zoll<\/td>\n<\/tr>\n<tr>\n<td>Umfang<\/td>\n<td>3 Zoll<\/td>\n<\/tr>\n<tr>\n<td>Wasserdicht?<\/td>\n<td>Ja<\/td>\n<\/tr>\n<tr>\n<td>Strom<\/td>\n<td>Magnetisch USB Wiederaufladbar<\/td>\n<\/tr>\n<\/tbody>\n<\/table>","protected":false},"excerpt":{"rendered":"<p>- Tragen Sie diesen fl\u00fcsterleisen Klitorisvibrator f\u00fcr sinnliche Solosessions oder Partnerspiele aus der Ferne<\/p>\n<p>- Entdecken Sie zehn Vibrationsintensit\u00e4ten und -muster mit der eleganten, spritzwassergesch\u00fctzten Fernbedienung<\/p>\n<p>- Magnetischer Clip h\u00e4lt den ergonomisch geformten Moxie+ an Ort und Stelle f\u00fcr diskrete, freih\u00e4ndige Orgasmen<\/p>\n<p>- Verbinde dich mit der kostenlosen Bluetooth We-Vibe App f\u00fcr endlose Vergn\u00fcgungsm\u00f6glichkeiten im ganzen Raum oder auf der ganzen Welt<\/p>\n<p>- Hergestellt aus 100% wasserfestem, schwarzem Satin-Silikon f\u00fcr Spa\u00df im Schlafzimmer, Bad und dar\u00fcber hinaus!<\/p>\n<p>- Aufladen mit dem magnetischen USB-Anschluss f\u00fcr bis zu 2 Stunden Energie mit dem akkusparenden Sleep-Modus<\/p>\n<p>- Registrieren Sie sich bei We-Vibe f\u00fcr eine 2-Jahres-Garantie<\/p>","protected":false},"featured_media":6350,"comment_status":"open","ping_status":"closed","template":"","meta":{"_seopress_robots_primary_cat":"none","_seopress_titles_title":"","_seopress_titles_desc":"","_seopress_robots_index":""},"product_brand":[],"product_cat":[15,133,115],"product_tag":[189,138,186,161],"class_list":{"0":"post-6347","1":"product","2":"type-product","3":"status-publish","4":"has-post-thumbnail","6":"product_cat-all-products","7":"product_cat-sex-toys","8":"product_cat-vibrators","9":"product_tag-all","10":"product_tag-app-controlled-vibrators","11":"product_tag-female","12":"product_tag-rechargeable","13":"pa_color-black","15":"first","16":"instock","17":"taxable","18":"shipping-taxable","19":"purchasable","20":"product-type-variable","21":"wvs-archive-product-wrapper"},"acf":[],"_links":{"self":[{"href":"https:\/\/tucbo.com\/de\/wp-json\/wp\/v2\/product\/6347","targetHints":{"allow":["GET"]}}],"collection":[{"href":"https:\/\/tucbo.com\/de\/wp-json\/wp\/v2\/product"}],"about":[{"href":"https:\/\/tucbo.com\/de\/wp-json\/wp\/v2\/types\/product"}],"replies":[{"embeddable":true,"href":"https:\/\/tucbo.com\/de\/wp-json\/wp\/v2\/comments?post=6347"}],"wp:featuredmedia":[{"embeddable":true,"href":"https:\/\/tucbo.com\/de\/wp-json\/wp\/v2\/media\/6350"}],"wp:attachment":[{"href":"https:\/\/tucbo.com\/de\/wp-json\/wp\/v2\/media?parent=6347"}],"wp:term":[{"taxonomy":"product_brand","embeddable":true,"href":"https:\/\/tucbo.com\/de\/wp-json\/wp\/v2\/product_brand?post=6347"},{"taxonomy":"product_cat","embeddable":true,"href":"https:\/\/tucbo.com\/de\/wp-json\/wp\/v2\/product_cat?post=6347"},{"taxonomy":"product_tag","embeddable":true,"href":"https:\/\/tucbo.com\/de\/wp-json\/wp\/v2\/product_tag?post=6347"}],"curies":[{"name":"wp","href":"https:\/\/api.w.org\/{rel}","templated":true}]}}