{"id":6337,"date":"2025-06-24T23:45:10","date_gmt":"2025-06-24T15:45:10","guid":{"rendered":"https:\/\/tucbo.com\/?post_type=product&#038;p=6337"},"modified":"2025-08-08T21:19:25","modified_gmt":"2025-08-08T13:19:25","slug":"we-vibe-sync-go-purple-10-function-app-controlled-couples-vibrator","status":"publish","type":"product","link":"https:\/\/tucbo.com\/de\/produkt\/we-vibe-sync-go-purple-10-function-app-controlled-couples-vibrator\/","title":{"rendered":"We-Vibe Sync Go Lila 10 Funktionen App-gesteuerter Vibrator f\u00fcr Paare"},"content":{"rendered":"<table class=\"contacttbl\" cellspacing=\"0\">\n<tbody>\n<tr>\n<td>Farbe<\/td>\n<td>Lila<\/td>\n<\/tr>\n<tr>\n<td>Material<\/td>\n<td>Silikon<\/td>\n<\/tr>\n<tr>\n<td>Funktionen<\/td>\n<td>Ergonomisches Design erm\u00f6glicht gemeinsame Vibrationen. Gesteuert \u00fcber eine App f\u00fcr die Verwendung allein oder zu zweit. Mehrere Vibrationseinstellungen zur Auswahl.<\/td>\n<\/tr>\n<tr>\n<td>Einf\u00fchrbare L\u00e4nge<\/td>\n<td>3 Zoll<\/td>\n<\/tr>\n<tr>\n<td>Umfang<\/td>\n<td>2,2 Zoll<\/td>\n<\/tr>\n<tr>\n<td>Wasserdicht?<\/td>\n<td>Ja<\/td>\n<\/tr>\n<tr>\n<td>Strom<\/td>\n<td>Magnetisch USB Wiederaufladbar<\/td>\n<\/tr>\n<\/tbody>\n<\/table>","protected":false},"excerpt":{"rendered":"<p>- Begeben Sie sich mit dem neuesten reisefreundlichen Paarvibrator von We-Vibe auf ein Lustabenteuer<\/p>\n<p>- Die ergonomische Form erm\u00f6glicht es Ihnen, die Vibrationen w\u00e4hrend des Geschlechtsverkehrs mit seinen zwei leistungsstarken Motoren zu teilen<\/p>\n<p>- Verbinde dich mit der kostenlosen Bluetooth We-Vibe App f\u00fcr sensationelle Vibrationen, egal ob du alleine oder mit deinem Liebhaber spielst<\/p>\n<p>- Langlebiges, diskretes Etui h\u00e4lt Ihr Sync Go in perfektem Zustand f\u00fcr den Spa\u00df zwischendurch<\/p>\n<p>- Magnetisches USB-Laden und k\u00f6rpervertr\u00e4gliches, wasserdichtes Silikon f\u00fcr m\u00fchelose Stimulation, wo immer Sie sind!<\/p>\n<p>- Registrieren Sie sich bei We-Vibe f\u00fcr eine 2-Jahres-Garantie<\/p>","protected":false},"featured_media":6340,"comment_status":"open","ping_status":"closed","template":"","meta":{"_seopress_robots_primary_cat":"none","_seopress_titles_title":"","_seopress_titles_desc":"","_seopress_robots_index":""},"product_brand":[],"product_cat":[15,133,115],"product_tag":[189,138,186,161],"class_list":{"0":"post-6337","1":"product","2":"type-product","3":"status-publish","4":"has-post-thumbnail","6":"product_cat-all-products","7":"product_cat-sex-toys","8":"product_cat-vibrators","9":"product_tag-all","10":"product_tag-app-controlled-vibrators","11":"product_tag-female","12":"product_tag-rechargeable","13":"pa_color-purple","15":"first","16":"instock","17":"taxable","18":"shipping-taxable","19":"purchasable","20":"product-type-variable","21":"wvs-archive-product-wrapper"},"acf":[],"_links":{"self":[{"href":"https:\/\/tucbo.com\/de\/wp-json\/wp\/v2\/product\/6337","targetHints":{"allow":["GET"]}}],"collection":[{"href":"https:\/\/tucbo.com\/de\/wp-json\/wp\/v2\/product"}],"about":[{"href":"https:\/\/tucbo.com\/de\/wp-json\/wp\/v2\/types\/product"}],"replies":[{"embeddable":true,"href":"https:\/\/tucbo.com\/de\/wp-json\/wp\/v2\/comments?post=6337"}],"wp:featuredmedia":[{"embeddable":true,"href":"https:\/\/tucbo.com\/de\/wp-json\/wp\/v2\/media\/6340"}],"wp:attachment":[{"href":"https:\/\/tucbo.com\/de\/wp-json\/wp\/v2\/media?parent=6337"}],"wp:term":[{"taxonomy":"product_brand","embeddable":true,"href":"https:\/\/tucbo.com\/de\/wp-json\/wp\/v2\/product_brand?post=6337"},{"taxonomy":"product_cat","embeddable":true,"href":"https:\/\/tucbo.com\/de\/wp-json\/wp\/v2\/product_cat?post=6337"},{"taxonomy":"product_tag","embeddable":true,"href":"https:\/\/tucbo.com\/de\/wp-json\/wp\/v2\/product_tag?post=6337"}],"curies":[{"name":"wp","href":"https:\/\/api.w.org\/{rel}","templated":true}]}}