{"id":6328,"date":"2025-06-24T23:42:44","date_gmt":"2025-06-24T15:42:44","guid":{"rendered":"https:\/\/tucbo.com\/?post_type=product&#038;p=6328"},"modified":"2025-08-08T21:20:03","modified_gmt":"2025-08-08T13:20:03","slug":"we-vibe-jive-pink-10-funktion-app-steuerung-aufladbar-liebe-ei","status":"publish","type":"product","link":"https:\/\/tucbo.com\/de\/produkt\/we-vibe-jive-pink-10-funktion-app-steuerung-aufladbar-liebe-ei\/","title":{"rendered":"We-Vibe Jive Pink 10 Funktionen App-Steuerung Wiederaufladbares Liebes-Ei"},"content":{"rendered":"<table class=\"contacttbl\" cellspacing=\"0\">\n<tbody>\n<tr>\n<td>Farbe<\/td>\n<td>Rosa<\/td>\n<\/tr>\n<tr>\n<td>Material<\/td>\n<td>Silikon<\/td>\n<\/tr>\n<tr>\n<td>Funktionen<\/td>\n<td>10 Starke, rumpelnde Vibrationen, komfortables Design, kompatibel mit der We-Connect App, erm\u00f6glicht das Spielen im selben Raum oder \u00fcberall auf der Welt<\/td>\n<\/tr>\n<tr>\n<td>L\u00e4nge<\/td>\n<td>3,5 Zoll<\/td>\n<\/tr>\n<tr>\n<td>Breite<\/td>\n<td>2,5 Zoll<\/td>\n<\/tr>\n<tr>\n<td>Wasserdicht?<\/td>\n<td>Ja<\/td>\n<\/tr>\n<tr>\n<td>Strom<\/td>\n<td>USB Wiederaufladbar<\/td>\n<\/tr>\n<tr>\n<td>Gut f\u00fcr<\/td>\n<td>Menschen mit Mobilit\u00e4tsproblemen<\/td>\n<\/tr>\n<\/tbody>\n<\/table>","protected":false},"excerpt":{"rendered":"<p>- Luxuri\u00f6ses Liebes-Ei mit 10 Vibrationsmodi f\u00fcr diskretes, freih\u00e4ndiges G-Punkt-Vergn\u00fcgen<\/p>\n<p>- Das weiche Silikon-Ei schmiegt sich an Ihren G-Punkt und ist mit einer flexiblen Schnur versehen, die das Herausziehen erleichtert<\/p>\n<p>- Ob zu Hause, in der \u00d6ffentlichkeit oder im Ausland - mit der kostenlosen We-Connect\u2122-App ist das P\u00e4rchenspiel nur einen Klick entfernt.<\/p>\n<p>- \u00dcber USB aufladbar; eine LED-Stromwarnung sorgt daf\u00fcr, dass der Jive immer einsatzbereit ist, wenn Sie es sind<\/p>\n<p>- Tragbares Design und App-Steuerung sind ideal f\u00fcr Benutzer mit eingeschr\u00e4nkter Mobilit\u00e4t<\/p>\n<p>- Registrieren Sie Ihren Kauf bei We-Vibe f\u00fcr eine 2-Jahres-Garantie<\/p>","protected":false},"featured_media":6331,"comment_status":"open","ping_status":"closed","template":"","meta":{"_seopress_robots_primary_cat":"none","_seopress_titles_title":"","_seopress_titles_desc":"","_seopress_robots_index":""},"product_brand":[],"product_cat":[15,133,115],"product_tag":[189,138,186,161],"class_list":{"0":"post-6328","1":"product","2":"type-product","3":"status-publish","4":"has-post-thumbnail","6":"product_cat-all-products","7":"product_cat-sex-toys","8":"product_cat-vibrators","9":"product_tag-all","10":"product_tag-app-controlled-vibrators","11":"product_tag-female","12":"product_tag-rechargeable","13":"pa_color-pink","15":"first","16":"instock","17":"taxable","18":"shipping-taxable","19":"purchasable","20":"product-type-variable","21":"wvs-archive-product-wrapper"},"acf":[],"_links":{"self":[{"href":"https:\/\/tucbo.com\/de\/wp-json\/wp\/v2\/product\/6328","targetHints":{"allow":["GET"]}}],"collection":[{"href":"https:\/\/tucbo.com\/de\/wp-json\/wp\/v2\/product"}],"about":[{"href":"https:\/\/tucbo.com\/de\/wp-json\/wp\/v2\/types\/product"}],"replies":[{"embeddable":true,"href":"https:\/\/tucbo.com\/de\/wp-json\/wp\/v2\/comments?post=6328"}],"wp:featuredmedia":[{"embeddable":true,"href":"https:\/\/tucbo.com\/de\/wp-json\/wp\/v2\/media\/6331"}],"wp:attachment":[{"href":"https:\/\/tucbo.com\/de\/wp-json\/wp\/v2\/media?parent=6328"}],"wp:term":[{"taxonomy":"product_brand","embeddable":true,"href":"https:\/\/tucbo.com\/de\/wp-json\/wp\/v2\/product_brand?post=6328"},{"taxonomy":"product_cat","embeddable":true,"href":"https:\/\/tucbo.com\/de\/wp-json\/wp\/v2\/product_cat?post=6328"},{"taxonomy":"product_tag","embeddable":true,"href":"https:\/\/tucbo.com\/de\/wp-json\/wp\/v2\/product_tag?post=6328"}],"curies":[{"name":"wp","href":"https:\/\/api.w.org\/{rel}","templated":true}]}}