{"id":6320,"date":"2025-06-24T23:31:18","date_gmt":"2025-06-24T15:31:18","guid":{"rendered":"https:\/\/tucbo.com\/?post_type=product&#038;p=6320"},"modified":"2025-08-08T21:20:38","modified_gmt":"2025-08-08T13:20:38","slug":"we-vibe-melt-12-funktion-app-gesteuerter-klitoris-stimulator","status":"publish","type":"product","link":"https:\/\/tucbo.com\/de\/produkt\/we-vibe-melt-12-funktion-app-gesteuerter-klitoris-stimulator\/","title":{"rendered":"We-Vibe Melt 12 Funktionen App-gesteuerter Klitoris-Stimulator"},"content":{"rendered":"<table class=\"contacttbl\" cellspacing=\"0\">\n<tbody>\n<tr>\n<td>Farbe<\/td>\n<td>Rosa<\/td>\n<\/tr>\n<tr>\n<td>Material<\/td>\n<td>Silikon<\/td>\n<\/tr>\n<tr>\n<td>Funktionen<\/td>\n<td>12 Saugfunktionen mit App-Steuerung, Schlafmodus und Alarm bei niedrigem Stromverbrauch<\/td>\n<\/tr>\n<tr>\n<td>Gesamtl\u00e4nge<\/td>\n<td>6 Zoll<\/td>\n<\/tr>\n<tr>\n<td>Durchmesser<\/td>\n<td>1,4 Zoll<\/td>\n<\/tr>\n<tr>\n<td>Durchmesser des Kanals<\/td>\n<td>0,5 Zoll<\/td>\n<\/tr>\n<tr>\n<td>Wasserdicht?<\/td>\n<td>Ja<\/td>\n<\/tr>\n<tr>\n<td>Strom<\/td>\n<td>Wiederaufladbar<\/td>\n<\/tr>\n<\/tbody>\n<\/table>","protected":false},"excerpt":{"rendered":"<p>- Der einzige Saugstimulator, der f\u00fcr Paare entwickelt wurde; passt zwischen Sie und Ihren Partner in jeder Position f\u00fcr zus\u00e4tzliche klitorale Orgasmen<\/p>\n<p>- Sanftes Saugen und intensive Luftvibrationen in zw\u00f6lf fl\u00fcsterleisen Modi der ber\u00fchrungslosen Pleasure Air\u2122 Technologie<\/p>\n<p>- Paare, die weit voneinander entfernt wohnen, teilen sich die Steuerung \u00fcber die kostenlose We-Connect\u2122 App mit Bluetooth-Bindung f\u00fcr nahtlose Konnektivit\u00e4t und erweiterte Sicherheit<\/p>\n<p>- Praktisch und umweltfreundlich; per USB aufladbar f\u00fcr bis zu 2 Stunden Leistung pro Ladung mit Warnfunktion bei niedrigem Stromverbrauch und erweitertem Schlafmodus<\/p>\n<p>- Verw\u00f6hnen Sie sich \u00fcberall mit dem 100% wasserdichten Design f\u00fcr sinnliche Duschen, Badefreuden und einfache Hygiene<\/p>\n<p>- Eingeschr\u00e4nkte Beweglichkeit? Halten Sie ihn einfach gegen Ihren Sweet Spot f\u00fcr m\u00fchelose Stimulation<\/p>\n<p>- Hergestellt aus rosafarbenem, k\u00f6rpervertr\u00e4glichem Silikon, das phthalat-, BPA- und latexfrei ist<\/p>\n<p>- Registrieren Sie Ihren Kauf bei Womanizer f\u00fcr eine 2-j\u00e4hrige Garantie<\/p>","protected":false},"featured_media":6323,"comment_status":"open","ping_status":"closed","template":"","meta":{"_seopress_robots_primary_cat":"none","_seopress_titles_title":"","_seopress_titles_desc":"","_seopress_robots_index":""},"product_brand":[],"product_cat":[15,133,115],"product_tag":[189,138,186,161],"class_list":{"0":"post-6320","1":"product","2":"type-product","3":"status-publish","4":"has-post-thumbnail","6":"product_cat-all-products","7":"product_cat-sex-toys","8":"product_cat-vibrators","9":"product_tag-all","10":"product_tag-app-controlled-vibrators","11":"product_tag-female","12":"product_tag-rechargeable","13":"pa_color-pink","15":"first","16":"instock","17":"taxable","18":"shipping-taxable","19":"purchasable","20":"product-type-variable","21":"wvs-archive-product-wrapper"},"acf":[],"_links":{"self":[{"href":"https:\/\/tucbo.com\/de\/wp-json\/wp\/v2\/product\/6320","targetHints":{"allow":["GET"]}}],"collection":[{"href":"https:\/\/tucbo.com\/de\/wp-json\/wp\/v2\/product"}],"about":[{"href":"https:\/\/tucbo.com\/de\/wp-json\/wp\/v2\/types\/product"}],"replies":[{"embeddable":true,"href":"https:\/\/tucbo.com\/de\/wp-json\/wp\/v2\/comments?post=6320"}],"wp:featuredmedia":[{"embeddable":true,"href":"https:\/\/tucbo.com\/de\/wp-json\/wp\/v2\/media\/6323"}],"wp:attachment":[{"href":"https:\/\/tucbo.com\/de\/wp-json\/wp\/v2\/media?parent=6320"}],"wp:term":[{"taxonomy":"product_brand","embeddable":true,"href":"https:\/\/tucbo.com\/de\/wp-json\/wp\/v2\/product_brand?post=6320"},{"taxonomy":"product_cat","embeddable":true,"href":"https:\/\/tucbo.com\/de\/wp-json\/wp\/v2\/product_cat?post=6320"},{"taxonomy":"product_tag","embeddable":true,"href":"https:\/\/tucbo.com\/de\/wp-json\/wp\/v2\/product_tag?post=6320"}],"curies":[{"name":"wp","href":"https:\/\/api.w.org\/{rel}","templated":true}]}}