{"id":6293,"date":"2025-06-23T22:50:31","date_gmt":"2025-06-23T14:50:31","guid":{"rendered":"https:\/\/tucbo.com\/?post_type=product&#038;p=6293"},"modified":"2025-08-08T21:21:40","modified_gmt":"2025-08-08T13:21:40","slug":"we-vibe-nova-2-app-gesteuerter-rabbit-vibrator","status":"publish","type":"product","link":"https:\/\/tucbo.com\/de\/produkt\/we-vibe-nova-2-app-gesteuerter-rabbit-vibrator\/","title":{"rendered":"We-Vibe Nova 2 App-gesteuerter Rabbit-Vibrator"},"content":{"rendered":"<table class=\"contacttbl\" cellspacing=\"0\">\n<tbody>\n<tr>\n<td>Farbe<\/td>\n<td>Rosa<\/td>\n<\/tr>\n<tr>\n<td>Material<\/td>\n<td>Silikon<\/td>\n<\/tr>\n<tr>\n<td>Funktionen<\/td>\n<td>10 Vibrationsstufen, flexibel, G-Punkt- und Klitorisstimulation, App-Steuerung und 2 Jahre Garantie durch We Vibe<\/td>\n<\/tr>\n<tr>\n<td>Einf\u00fchrbare L\u00e4nge<\/td>\n<td>5 Zoll<\/td>\n<\/tr>\n<tr>\n<td>Gesamtl\u00e4nge<\/td>\n<td>8,8 Zoll<\/td>\n<\/tr>\n<tr>\n<td>Durchmesser<\/td>\n<td>1,4 Zoll<\/td>\n<\/tr>\n<tr>\n<td>Wasserdicht?<\/td>\n<td>Ja<\/td>\n<\/tr>\n<tr>\n<td>Strom<\/td>\n<td>USB Wiederaufladbar<\/td>\n<\/tr>\n<\/tbody>\n<\/table>","protected":false},"excerpt":{"rendered":"<p>\u2022 Genie\u00dfen Sie zehn unwiderstehliche Modi mit zwei Motoren f\u00fcr eine kombinierte Stimulation.<\/p>\n<p>\u2022 Flexible Klitorisstimulation passt sich Ihrem K\u00f6rper an und sorgt f\u00fcr konstanten Vibrationskontakt.<\/p>\n<p>\u2022 Der bewegliche 5-Zoll-G-Punkt-Stimulator passt sich Ihrer Intimform an und sorgt f\u00fcr pr\u00e4zises Vergn\u00fcgen.<\/p>\n<p>\u2022 100 % wasserdicht mit USB-Aufladung, Warnung bei niedrigem Akkustand und praktischer Reisesicherung<\/p>\n<p>\u2022 \u00dcber die We-Connect-App k\u00f6nnen Sie aus der Ferne interagieren und benutzerdefinierte Funktionen von Ihrem Smartphone aus erkunden.<\/p>\n<p>\u2022 Zwei Jahre Garantie, Gebrauchsanweisung, Aufbewahrungstasche und Pjur-Gleitmittel im Lieferumfang enthalten<\/p>\n<p>\u2022 Registrieren Sie Ihren Kauf bei We-Vibe, um eine 2-j\u00e4hrige Garantie zu erhalten.<\/p>","protected":false},"featured_media":6296,"comment_status":"open","ping_status":"closed","template":"","meta":{"_seopress_robots_primary_cat":"none","_seopress_titles_title":"","_seopress_titles_desc":"","_seopress_robots_index":""},"product_brand":[],"product_cat":[15,133,115],"product_tag":[189,138,186,161],"class_list":{"0":"post-6293","1":"product","2":"type-product","3":"status-publish","4":"has-post-thumbnail","6":"product_cat-all-products","7":"product_cat-sex-toys","8":"product_cat-vibrators","9":"product_tag-all","10":"product_tag-app-controlled-vibrators","11":"product_tag-female","12":"product_tag-rechargeable","13":"pa_color-pink","15":"first","16":"instock","17":"taxable","18":"shipping-taxable","19":"purchasable","20":"product-type-variable","21":"wvs-archive-product-wrapper"},"acf":[],"_links":{"self":[{"href":"https:\/\/tucbo.com\/de\/wp-json\/wp\/v2\/product\/6293","targetHints":{"allow":["GET"]}}],"collection":[{"href":"https:\/\/tucbo.com\/de\/wp-json\/wp\/v2\/product"}],"about":[{"href":"https:\/\/tucbo.com\/de\/wp-json\/wp\/v2\/types\/product"}],"replies":[{"embeddable":true,"href":"https:\/\/tucbo.com\/de\/wp-json\/wp\/v2\/comments?post=6293"}],"wp:featuredmedia":[{"embeddable":true,"href":"https:\/\/tucbo.com\/de\/wp-json\/wp\/v2\/media\/6296"}],"wp:attachment":[{"href":"https:\/\/tucbo.com\/de\/wp-json\/wp\/v2\/media?parent=6293"}],"wp:term":[{"taxonomy":"product_brand","embeddable":true,"href":"https:\/\/tucbo.com\/de\/wp-json\/wp\/v2\/product_brand?post=6293"},{"taxonomy":"product_cat","embeddable":true,"href":"https:\/\/tucbo.com\/de\/wp-json\/wp\/v2\/product_cat?post=6293"},{"taxonomy":"product_tag","embeddable":true,"href":"https:\/\/tucbo.com\/de\/wp-json\/wp\/v2\/product_tag?post=6293"}],"curies":[{"name":"wp","href":"https:\/\/api.w.org\/{rel}","templated":true}]}}