{"id":6194,"date":"2025-06-21T20:18:30","date_gmt":"2025-06-21T12:18:30","guid":{"rendered":"https:\/\/tucbo.com\/?post_type=product&#038;p=6194"},"modified":"2025-08-08T21:22:51","modified_gmt":"2025-08-08T13:22:51","slug":"we-vibe-sync-o-10-funktionen-fernbedienung-app-steuerung-paare-vibrator","status":"publish","type":"product","link":"https:\/\/tucbo.com\/de\/produkt\/we-vibe-sync-o-10-funktionen-fernbedienung-app-steuerung-paare-vibrator\/","title":{"rendered":"We-Vibe Sync O 10 Funktion Fernbedienung &amp; App-Steuerung Paare Vibrator"},"content":{"rendered":"<table class=\"contacttbl\" cellspacing=\"0\">\n<tbody>\n<tr>\n<td>Farbe<\/td>\n<td>Lila<\/td>\n<\/tr>\n<tr>\n<td>Material<\/td>\n<td>Silikon<\/td>\n<\/tr>\n<tr>\n<td>Fetaures<\/td>\n<td>Einzigartiger O-f\u00f6rmiger Innenarm mit verstellbarem Scharnier h\u00e4lt das Toy beim Penetrations- und Solospiel in Position. 10 Intensit\u00e4tsstufen. App-gesteuert.<\/td>\n<\/tr>\n<tr>\n<td>Gesamtl\u00e4nge<\/td>\n<td>3,5 Zoll<\/td>\n<\/tr>\n<tr>\n<td>Einf\u00fchrbare L\u00e4nge<\/td>\n<td>2,5 Zoll<\/td>\n<\/tr>\n<tr>\n<td>Durchmesser<\/td>\n<td>1,27 Zoll<\/td>\n<\/tr>\n<tr>\n<td>Wasserdicht?<\/td>\n<td>Ja<\/td>\n<\/tr>\n<tr>\n<td>Strom<\/td>\n<td>Wiederaufladbar<\/td>\n<\/tr>\n<tr>\n<td>Type of Charger<\/td>\n<td>Magnetic<\/td>\n<\/tr>\n<\/tbody>\n<\/table>","protected":false},"excerpt":{"rendered":"<p>- Erh\u00f6hen Sie Ihre Intimit\u00e4t mit diesem revolution\u00e4ren Vibrator f\u00fcr Paare<\/p>\n<p>- Einzigartiger \u201aO\u2018-f\u00f6rmiger Arm h\u00e4lt den Sync O bequem an Ort und Stelle beim Solo- und Partnersex<\/p>\n<p>- Perfekt f\u00fcr alle K\u00f6rpertypen - Sync O ist leicht und unaufdringlich f\u00fcr ablenkungsfreie Vibes<\/p>\n<p>- Entdecken Sie 10 leistungsstarke voreingestellte Vibrationsmodi \u00fcber die praktische, diskrete Fernbedienung<\/p>\n<p>- Verbinde dich mit der Bluetooth We-Vibe App, um mit unbegrenzten, aufregenden Spieloptionen aus der ganzen Welt zu necken<\/p>\n<p>- Einfaches magnetisches USB-Laden und wasserdichtes Silikon lassen Sie das Vergn\u00fcgen \u00fcberall erleben<\/p>\n<p>- Registrieren Sie sich bei We-Vibe f\u00fcr eine 2-Jahres-Garantie<\/p>","protected":false},"featured_media":6198,"comment_status":"open","ping_status":"closed","template":"","meta":{"_seopress_robots_primary_cat":"none","_seopress_titles_title":"","_seopress_titles_desc":"","_seopress_robots_index":""},"product_brand":[],"product_cat":[15,133,115],"product_tag":[189,138,186,161],"class_list":{"0":"post-6194","1":"product","2":"type-product","3":"status-publish","4":"has-post-thumbnail","6":"product_cat-all-products","7":"product_cat-sex-toys","8":"product_cat-vibrators","9":"product_tag-all","10":"product_tag-app-controlled-vibrators","11":"product_tag-female","12":"product_tag-rechargeable","13":"pa_color-purple","15":"first","16":"instock","17":"taxable","18":"shipping-taxable","19":"purchasable","20":"product-type-variable","21":"wvs-archive-product-wrapper"},"acf":[],"_links":{"self":[{"href":"https:\/\/tucbo.com\/de\/wp-json\/wp\/v2\/product\/6194","targetHints":{"allow":["GET"]}}],"collection":[{"href":"https:\/\/tucbo.com\/de\/wp-json\/wp\/v2\/product"}],"about":[{"href":"https:\/\/tucbo.com\/de\/wp-json\/wp\/v2\/types\/product"}],"replies":[{"embeddable":true,"href":"https:\/\/tucbo.com\/de\/wp-json\/wp\/v2\/comments?post=6194"}],"wp:featuredmedia":[{"embeddable":true,"href":"https:\/\/tucbo.com\/de\/wp-json\/wp\/v2\/media\/6198"}],"wp:attachment":[{"href":"https:\/\/tucbo.com\/de\/wp-json\/wp\/v2\/media?parent=6194"}],"wp:term":[{"taxonomy":"product_brand","embeddable":true,"href":"https:\/\/tucbo.com\/de\/wp-json\/wp\/v2\/product_brand?post=6194"},{"taxonomy":"product_cat","embeddable":true,"href":"https:\/\/tucbo.com\/de\/wp-json\/wp\/v2\/product_cat?post=6194"},{"taxonomy":"product_tag","embeddable":true,"href":"https:\/\/tucbo.com\/de\/wp-json\/wp\/v2\/product_tag?post=6194"}],"curies":[{"name":"wp","href":"https:\/\/api.w.org\/{rel}","templated":true}]}}