{"id":6185,"date":"2025-06-21T19:36:52","date_gmt":"2025-06-21T11:36:52","guid":{"rendered":"https:\/\/tucbo.com\/?post_type=product&#038;p=6185"},"modified":"2025-08-08T21:22:48","modified_gmt":"2025-08-08T13:22:48","slug":"satisfyer-curvy-1-app-gesteuerter-wiederaufladbarer-klitorisstimulator","status":"publish","type":"product","link":"https:\/\/tucbo.com\/de\/produkt\/satisfyer-curvy-1-app-gesteuerter-wiederaufladbarer-klitorisstimulator\/","title":{"rendered":"Satisfyer Curvy 1+ App-gesteuerter wiederaufladbarer Klitoris-Stimulator"},"content":{"rendered":"<table class=\"contacttbl\" cellspacing=\"0\">\n<tbody>\n<tr>\n<td>Farbe<\/td>\n<td>Burgund<\/td>\n<\/tr>\n<tr>\n<td>Material<\/td>\n<td>Silikon<\/td>\n<\/tr>\n<tr>\n<td>Funktionen<\/td>\n<td>Druckwellen und Vibrationen stimulieren die Klitoris, voreingestellte App-Muster oder personalisierte Einstellungen, kann mit oder ohne App verwendet werden, benutzerfreundliche Touch-Tasten, 2 leise, leistungsstarke Motoren, vollst\u00e4ndig wasserdicht<\/td>\n<\/tr>\n<tr>\n<td>L\u00e4nge<\/td>\n<td>6 Zoll<\/td>\n<\/tr>\n<tr>\n<td>Durchmesser<\/td>\n<td>1,25 bis 1,75 Zoll an der breitesten Stelle<\/td>\n<\/tr>\n<tr>\n<td>Wasserdicht<\/td>\n<td>Ja<\/td>\n<\/tr>\n<tr>\n<td>Strom<\/td>\n<td>USB Wiederaufladbar<\/td>\n<\/tr>\n<\/tbody>\n<\/table>","protected":false},"excerpt":{"rendered":"<p>\u2022 Der Klitorisvibrator der n\u00e4chsten Generation kombiniert Luftimpulsstimulation mit intensiven Vibrationen.<\/p>\n<p>\u2022 Spielen Sie offline oder ber\u00fchrungslos mit der preisgekr\u00f6nten Fernbedienung Satisfyer App f\u00fcr unendliches, individuell anpassbares Vergn\u00fcgen.<\/p>\n<p>\u2022 Diskrete Vibration mit Whisper-Modus f\u00fcr nahezu ger\u00e4uschlose Stimulation auf Knopfdruck<\/p>\n<p>\u2022 Magnetisches USB-Laden f\u00fcr umweltfreundliche und reisefreundliche Vorteile<\/p>\n<p>\u2022 Rotes, k\u00f6rpersicheres Silikon ist bis zu einer Tiefe von 1 Meter f\u00fcr 30 Minuten wasserdicht.<\/p>\n<p>\u2022 Kompatibel mit allen Bluetooth-f\u00e4higen Android- oder Apple-Smartphones, Tablets und Apple Watches<\/p>\n<p>\u2022 Registrieren Sie Ihren Kauf bei Satisfyer und erhalten Sie eine 15-j\u00e4hrige Garantie.<\/p>","protected":false},"featured_media":6189,"comment_status":"open","ping_status":"closed","template":"","meta":{"_seopress_robots_primary_cat":"none","_seopress_titles_title":"","_seopress_titles_desc":"","_seopress_robots_index":""},"product_brand":[],"product_cat":[15,133,115],"product_tag":[189,138,186,161],"class_list":{"0":"post-6185","1":"product","2":"type-product","3":"status-publish","4":"has-post-thumbnail","6":"product_cat-all-products","7":"product_cat-sex-toys","8":"product_cat-vibrators","9":"product_tag-all","10":"product_tag-app-controlled-vibrators","11":"product_tag-female","12":"product_tag-rechargeable","13":"pa_color-burgundy","15":"first","16":"instock","17":"taxable","18":"shipping-taxable","19":"purchasable","20":"product-type-variable","21":"wvs-archive-product-wrapper"},"acf":[],"_links":{"self":[{"href":"https:\/\/tucbo.com\/de\/wp-json\/wp\/v2\/product\/6185","targetHints":{"allow":["GET"]}}],"collection":[{"href":"https:\/\/tucbo.com\/de\/wp-json\/wp\/v2\/product"}],"about":[{"href":"https:\/\/tucbo.com\/de\/wp-json\/wp\/v2\/types\/product"}],"replies":[{"embeddable":true,"href":"https:\/\/tucbo.com\/de\/wp-json\/wp\/v2\/comments?post=6185"}],"wp:featuredmedia":[{"embeddable":true,"href":"https:\/\/tucbo.com\/de\/wp-json\/wp\/v2\/media\/6189"}],"wp:attachment":[{"href":"https:\/\/tucbo.com\/de\/wp-json\/wp\/v2\/media?parent=6185"}],"wp:term":[{"taxonomy":"product_brand","embeddable":true,"href":"https:\/\/tucbo.com\/de\/wp-json\/wp\/v2\/product_brand?post=6185"},{"taxonomy":"product_cat","embeddable":true,"href":"https:\/\/tucbo.com\/de\/wp-json\/wp\/v2\/product_cat?post=6185"},{"taxonomy":"product_tag","embeddable":true,"href":"https:\/\/tucbo.com\/de\/wp-json\/wp\/v2\/product_tag?post=6185"}],"curies":[{"name":"wp","href":"https:\/\/api.w.org\/{rel}","templated":true}]}}