{"id":6147,"date":"2025-06-21T15:04:22","date_gmt":"2025-06-21T07:04:22","guid":{"rendered":"https:\/\/tucbo.com\/?post_type=product&#038;p=6147"},"modified":"2025-08-08T21:23:58","modified_gmt":"2025-08-08T13:23:58","slug":"multifunktionale-app-steuert-das-love-vibrating-egg","status":"publish","type":"product","link":"https:\/\/tucbo.com\/de\/produkt\/multifunktionale-app-steuert-das-love-vibrating-egg\/","title":{"rendered":"Multifunktionale App steuert das Liebesvibro-Ei"},"content":{"rendered":"<table class=\"contacttbl\" cellspacing=\"0\">\n<tbody>\n<tr>\n<td>Farbe<\/td>\n<td>Rosa<\/td>\n<\/tr>\n<tr>\n<td>Material<\/td>\n<td>Silikonbeschichtetes ABS<\/td>\n<\/tr>\n<tr>\n<td>Funktionen<\/td>\n<td>Rosa App-gesteuertes Liebesei mit 4 Funktionen \u2013 Automatisch (voreingestellte Vibrationsmuster), Immersion (Steuerung der Vibrationsgeschwindigkeit und -intensit\u00e4t durch \u201eZeichnen\u201d auf dem Smartphone-Bildschirm), Musik (vibriert im Takt Ihrer Musikbibliothek), Fernsteuerung (erm\u00f6glicht es Ihrem Partner, das Spielzeug von \u00fcberall auf der Welt aus zu steuern)<\/td>\n<\/tr>\n<tr>\n<td>Gesamtl\u00e4nge<\/td>\n<td>7 Zoll<\/td>\n<\/tr>\n<tr>\n<td>Einf\u00fchrl\u00e4nge<\/td>\n<td>2,75 Zoll<\/td>\n<\/tr>\n<tr>\n<td>Durchmesser<\/td>\n<td>1,25 Zoll<\/td>\n<\/tr>\n<tr>\n<td>Gewicht<\/td>\n<td>46 g mit Batterien<\/td>\n<\/tr>\n<tr>\n<td>Wasserdicht?<\/td>\n<td>Ja<\/td>\n<\/tr>\n<tr>\n<td>Strom<\/td>\n<td>1 x AAA-Batterie (nicht im Lieferumfang enthalten)<\/td>\n<\/tr>\n<tr>\n<td>App-Details<\/td>\n<td>Laden Sie die PrettyLove-App aus dem Apple App Store herunter. Kompatibel mit Apple iOS 7 und h\u00f6her sowie Android 4 und h\u00f6her.<\/td>\n<\/tr>\n<\/tbody>\n<\/table>","protected":false},"excerpt":{"rendered":"<p>\u2022 Verw\u00f6hnen Sie sich mit Ihren wildesten Fantasien mit diesem leistungsstarken und dennoch diskreten vibrierenden Liebes-Ei.<\/p>\n<p>\u2022 Verbinden Sie Ihr Smartphone, um 12 verschiedene Vibrationsmodi und 4 Fernbedienungsfunktionen zu entdecken.<\/p>\n<p>\u2022 Vergn\u00fcgen f\u00fcr unterwegs auf Knopfdruck; genie\u00dfen Sie Fernsteuerung \u00fcber Bluetooth mit der kostenlosen Pretty Love App.<\/p>\n<p>\u2022 Sp\u00fcren Sie das prickelnde Kribbeln, das aus der festen H\u00fclle direkt auf Ihren G-Punkt \u00fcbergeht.<\/p>\n<p>\u2022 Ultra-glatte Silikonoberfl\u00e4che, die sich weich auf Ihrer Haut anf\u00fchlt, leicht einzuf\u00fchren ist und zu 100 % wasserdicht ist.<\/p>\n<p>\u2022 Ideales Ei f\u00fcr die erste Liebe mit flexibler Silikonschnur zum einfachen Entfernen, schlankem Design und Batteriebetrieb<\/p>\n<p>\u2022 Kompatibel mit Apple iOS 7 und h\u00f6her sowie Android 4 und h\u00f6her<\/p>","protected":false},"featured_media":6150,"comment_status":"open","ping_status":"closed","template":"","meta":{"_seopress_robots_primary_cat":"none","_seopress_titles_title":"","_seopress_titles_desc":"","_seopress_robots_index":""},"product_brand":[],"product_cat":[15,133,115],"product_tag":[189,138,186,161],"class_list":{"0":"post-6147","1":"product","2":"type-product","3":"status-publish","4":"has-post-thumbnail","6":"product_cat-all-products","7":"product_cat-sex-toys","8":"product_cat-vibrators","9":"product_tag-all","10":"product_tag-app-controlled-vibrators","11":"product_tag-female","12":"product_tag-rechargeable","13":"pa_color-pink","15":"first","16":"instock","17":"taxable","18":"shipping-taxable","19":"purchasable","20":"product-type-variable","21":"wvs-archive-product-wrapper"},"acf":[],"_links":{"self":[{"href":"https:\/\/tucbo.com\/de\/wp-json\/wp\/v2\/product\/6147","targetHints":{"allow":["GET"]}}],"collection":[{"href":"https:\/\/tucbo.com\/de\/wp-json\/wp\/v2\/product"}],"about":[{"href":"https:\/\/tucbo.com\/de\/wp-json\/wp\/v2\/types\/product"}],"replies":[{"embeddable":true,"href":"https:\/\/tucbo.com\/de\/wp-json\/wp\/v2\/comments?post=6147"}],"wp:featuredmedia":[{"embeddable":true,"href":"https:\/\/tucbo.com\/de\/wp-json\/wp\/v2\/media\/6150"}],"wp:attachment":[{"href":"https:\/\/tucbo.com\/de\/wp-json\/wp\/v2\/media?parent=6147"}],"wp:term":[{"taxonomy":"product_brand","embeddable":true,"href":"https:\/\/tucbo.com\/de\/wp-json\/wp\/v2\/product_brand?post=6147"},{"taxonomy":"product_cat","embeddable":true,"href":"https:\/\/tucbo.com\/de\/wp-json\/wp\/v2\/product_cat?post=6147"},{"taxonomy":"product_tag","embeddable":true,"href":"https:\/\/tucbo.com\/de\/wp-json\/wp\/v2\/product_tag?post=6147"}],"curies":[{"name":"wp","href":"https:\/\/api.w.org\/{rel}","templated":true}]}}