{"id":6107,"date":"2025-06-16T23:57:06","date_gmt":"2025-06-16T15:57:06","guid":{"rendered":"https:\/\/tucbo.com\/?post_type=product&#038;p=6107"},"modified":"2025-08-08T21:24:56","modified_gmt":"2025-08-08T13:24:56","slug":"schmetterlingseffekt-wiederaufladbarer-stosvibrator","status":"publish","type":"product","link":"https:\/\/tucbo.com\/de\/produkt\/schmetterlingseffekt-wiederaufladbarer-stosvibrator\/","title":{"rendered":"Schmetterlingseffekt Wiederaufladbarer Schubvibrator"},"content":{"rendered":"<p>Entdecken Sie drei aufregende Funktionen in einem mit dem Butterfly Effect 12 Function Rechargeable Thrusting Vibe f\u00fcr einen wundersch\u00f6n abgestimmten H\u00f6hepunkt!<\/p>\n<p>Dieses dynamische Design verf\u00fcgt \u00fcber einen kristallklaren 5-Zoll-Schaft, der Ihren G-Punkt mit einer kraftvollen Sto\u00dffunktion, intern rotierenden Perlen und intensiv stimulierenden Texturen aktiviert. Gleichzeitig flattert der einzigartige Schmetterlingsklitorisstimulator gegen Ihre weibliche Bl\u00fcte und sorgt f\u00fcr ein gl\u00fcckseliges Lustempfinden, das Sie schweben l\u00e4sst!<\/p>\n<p>Der gro\u00dfe Sockel liegt gut in der Hand und ist bequem zu halten, w\u00e4hrend Sie zw\u00f6lf dynamische Funktionen bequem erkunden k\u00f6nnen, von sanftem Flattern bis hin zu kraftvollem Vergn\u00fcgen. Der Butterfly Effect ist wasserdicht und wiederaufladbar und jederzeit einsatzbereit. Au\u00dferdem k\u00f6nnen Sie ihn mit in die Badewanne oder Dusche nehmen, um sich sinnlich zu entspannen.<\/p>\n<table class=\"contacttbl\" cellspacing=\"0\">\n<tbody>\n<tr>\n<td>Farbe<\/td>\n<td>Lila<\/td>\n<\/tr>\n<tr>\n<td>Material<\/td>\n<td>TPE<\/td>\n<\/tr>\n<tr>\n<td>Funktionen<\/td>\n<td>Sto\u00dfendes Kaninchen mit Perlen und einem wundersch\u00f6nen Schmetterlings-Klitorisstimulator<\/td>\n<\/tr>\n<tr>\n<td>Gesamtl\u00e4nge<\/td>\n<td>11 Zoll<\/td>\n<\/tr>\n<tr>\n<td>Einf\u00fchrl\u00e4nge<\/td>\n<td>5 Zoll<\/td>\n<\/tr>\n<tr>\n<td>Durchmesser<\/td>\n<td>1,4 Zoll<\/td>\n<\/tr>\n<tr>\n<td>Wasserdicht?<\/td>\n<td>Ja<\/td>\n<\/tr>\n<tr>\n<td>Strom<\/td>\n<td>Wiederaufladbar USB<\/td>\n<\/tr>\n<\/tbody>\n<\/table>","protected":false},"excerpt":{"rendered":"<p>\u2022 Verlieren Sie sich in stossendem und rotierendem Vergn\u00fcgen und einem wohltuenden vibrierenden Schmetterling.<\/p>\n<p>\u2022 Multifunktionales Kaninchen mit drehbarem Perlenband zur Stimulation des G-Punkts<\/p>\n<p>\u2022 Die kraftvolle Sto\u00dffunktion sorgt f\u00fcr eine atemberaubende Penetration.<\/p>\n<p>\u2022 Der Butterfly-Klitorisstimulator befriedigt Ihren Sweet Spot.<\/p>\n<p>\u2022 Die gro\u00dfe Basis liegt gut in der Hand und l\u00e4sst sich einfach bedienen.<\/p>\n<p>\u2022 Wasserdicht und wiederaufladbar f\u00fcr feuchte Orgasmen im Handumdrehen!<\/p>\n<p>&nbsp;<\/p>","protected":false},"featured_media":6110,"comment_status":"open","ping_status":"closed","template":"","meta":{"_seopress_robots_primary_cat":"none","_seopress_titles_title":"","_seopress_titles_desc":"","_seopress_robots_index":""},"product_brand":[],"product_cat":[15,133,115],"product_tag":[189,138,188,186,161],"class_list":{"0":"post-6107","1":"product","2":"type-product","3":"status-publish","4":"has-post-thumbnail","6":"product_cat-all-products","7":"product_cat-sex-toys","8":"product_cat-vibrators","9":"product_tag-all","10":"product_tag-app-controlled-vibrators","11":"product_tag-couples","12":"product_tag-female","13":"product_tag-rechargeable","14":"pa_color-purple","16":"first","17":"instock","18":"taxable","19":"shipping-taxable","20":"purchasable","21":"product-type-variable","22":"wvs-archive-product-wrapper"},"acf":[],"_links":{"self":[{"href":"https:\/\/tucbo.com\/de\/wp-json\/wp\/v2\/product\/6107","targetHints":{"allow":["GET"]}}],"collection":[{"href":"https:\/\/tucbo.com\/de\/wp-json\/wp\/v2\/product"}],"about":[{"href":"https:\/\/tucbo.com\/de\/wp-json\/wp\/v2\/types\/product"}],"replies":[{"embeddable":true,"href":"https:\/\/tucbo.com\/de\/wp-json\/wp\/v2\/comments?post=6107"}],"wp:featuredmedia":[{"embeddable":true,"href":"https:\/\/tucbo.com\/de\/wp-json\/wp\/v2\/media\/6110"}],"wp:attachment":[{"href":"https:\/\/tucbo.com\/de\/wp-json\/wp\/v2\/media?parent=6107"}],"wp:term":[{"taxonomy":"product_brand","embeddable":true,"href":"https:\/\/tucbo.com\/de\/wp-json\/wp\/v2\/product_brand?post=6107"},{"taxonomy":"product_cat","embeddable":true,"href":"https:\/\/tucbo.com\/de\/wp-json\/wp\/v2\/product_cat?post=6107"},{"taxonomy":"product_tag","embeddable":true,"href":"https:\/\/tucbo.com\/de\/wp-json\/wp\/v2\/product_tag?post=6107"}],"curies":[{"name":"wp","href":"https:\/\/api.w.org\/{rel}","templated":true}]}}