{"id":6072,"date":"2025-06-05T22:50:50","date_gmt":"2025-06-05T14:50:50","guid":{"rendered":"https:\/\/tucbo.com\/?page_id=6072"},"modified":"2025-06-19T00:33:00","modified_gmt":"2025-06-18T16:33:00","slug":"lieferinformationen","status":"publish","type":"page","link":"https:\/\/tucbo.com\/de\/lieferinformationen\/","title":{"rendered":"Informationen zur Lieferung"},"content":{"rendered":"<div data-elementor-type=\"wp-page\" data-elementor-id=\"6072\" class=\"elementor elementor-6072\" data-elementor-settings=\"{&quot;ha_cmc_init_switcher&quot;:&quot;no&quot;}\" data-elementor-post-type=\"page\">\n\t\t\t\t<div data-particle_enable=\"false\" data-particle-mobile-disabled=\"false\" class=\"elementor-element elementor-element-cca2081 e-flex e-con-boxed wpr-particle-no wpr-jarallax-no wpr-parallax-no wpr-sticky-section-no e-con e-parent\" data-id=\"cca2081\" data-element_type=\"container\" data-settings=\"{&quot;_ha_eqh_enable&quot;:false}\">\n\t\t\t\t\t<div class=\"e-con-inner\">\n\t\t\t\t<div class=\"elementor-element elementor-element-fa8fcaf elementor-widget elementor-widget-woocommerce-breadcrumb\" data-id=\"fa8fcaf\" data-element_type=\"widget\" data-widget_type=\"woocommerce-breadcrumb.default\">\n\t\t\t\t\t<nav class=\"woocommerce-breadcrumb\" aria-label=\"Breadcrumb\" data-no-translation=\"\" data-trp-gettext=\"\">Startseite<\/nav>\t\t\t\t<\/div>\n\t\t\t\t\t<\/div>\n\t\t\t\t<\/div>\n\t\t<div data-particle_enable=\"false\" data-particle-mobile-disabled=\"false\" class=\"elementor-element elementor-element-e521ec2 e-flex e-con-boxed wpr-particle-no wpr-jarallax-no wpr-parallax-no wpr-sticky-section-no e-con e-parent\" data-id=\"e521ec2\" data-element_type=\"container\" data-settings=\"{&quot;background_background&quot;:&quot;classic&quot;,&quot;_ha_eqh_enable&quot;:false}\">\n\t\t\t\t\t<div class=\"e-con-inner\">\n\t\t<div data-particle_enable=\"false\" data-particle-mobile-disabled=\"false\" class=\"elementor-element elementor-element-acf4883 e-con-full elementor-hidden-mobile e-flex wpr-particle-no wpr-jarallax-no wpr-parallax-no wpr-sticky-section-no e-con e-child\" data-id=\"acf4883\" data-element_type=\"container\" data-settings=\"{&quot;_ha_eqh_enable&quot;:false}\">\n\t\t\t\t<div class=\"elementor-element elementor-element-98e605a elementor-widget-tablet__width-initial wpr-page-list-vertical wpr-pl-badge-center wpr-pl-icon-center elementor-widget elementor-widget-wpr-page-list\" data-id=\"98e605a\" data-element_type=\"widget\" data-widget_type=\"wpr-page-list.default\">\n\t\t\t\t\t<div class=\"wpr-page-list-wrap\"><ul class=\"wpr-page-list\"><li class=\"wpr-page-list-item elementor-repeater-item-78636b8 wpr-pointer-none wpr-pointer-line-fx wpr-pointer-fx-\"><div><a  href=\"https:\/\/tucbo.com\/de\/login-register\/\" target=\"_blank\" rel=\"nofollow\" class=\"wpr-no-pointer wpr-pl-title\">Anmelden\/Registrieren<\/a><\/div><\/li><li class=\"wpr-page-list-item elementor-repeater-item-1e3929e wpr-pointer-none wpr-pointer-line-fx wpr-pointer-fx-\"><div><a  href=\"https:\/\/tucbo.com\/de\/uber-uns\/\" target=\"_blank\" rel=\"nofollow\" class=\"wpr-no-pointer wpr-pl-title\">\u00dcber uns<\/a><\/div><\/li><li class=\"wpr-page-list-item elementor-repeater-item-398910b wpr-pointer-none wpr-pointer-line-fx wpr-pointer-fx-\"><div><a  href=\"https:\/\/tucbo.com\/de\/diskreter-service\/\" target=\"_blank\" rel=\"nofollow\" class=\"wpr-no-pointer wpr-pl-title\">Diskreter Service<\/a><\/div><\/li><li class=\"wpr-page-list-item elementor-repeater-item-2c91efa wpr-pointer-none wpr-pointer-line-fx wpr-pointer-fx-\"><div><a  href=\"https:\/\/tucbo.com\/de\/lieferinformationen\/\" target=\"_blank\" rel=\"nofollow\" class=\"wpr-no-pointer wpr-pl-title\">Lieferoptionen<\/a><\/div><\/li><li class=\"wpr-page-list-item elementor-repeater-item-ede3842 wpr-pointer-none wpr-pointer-line-fx wpr-pointer-fx-\"><div><a  href=\"https:\/\/tucbo.com\/de\/erstattung-ruckgabe\/\" target=\"_blank\" rel=\"nofollow\" class=\"wpr-no-pointer wpr-pl-title\">R\u00fcckgabepolitik<\/a><\/div><\/li><li class=\"wpr-page-list-item elementor-repeater-item-66863f4 wpr-pointer-none wpr-pointer-line-fx wpr-pointer-fx-\"><div><a  href=\"https:\/\/tucbo.com\/de\/kontakt\/\" target=\"_blank\" rel=\"nofollow\" class=\"wpr-no-pointer wpr-pl-title\">Kontakt Tucbo<\/a><\/div><\/li><li class=\"wpr-page-list-item elementor-repeater-item-1d5b492 wpr-pointer-none wpr-pointer-line-fx wpr-pointer-fx-\"><div><a  href=\"https:\/\/tucbo.com\/de\/datenschutzbestimmungen\/\" target=\"_blank\" rel=\"nofollow\" class=\"wpr-no-pointer wpr-pl-title\">Datenschutzbestimmungen<\/a><\/div><\/li><li class=\"wpr-page-list-item elementor-repeater-item-b4d8c39 wpr-pointer-none wpr-pointer-line-fx wpr-pointer-fx-\"><div><a   class=\"wpr-no-pointer wpr-pl-title\">Wie man bei Tucbo kauft<\/a><\/div><\/li><li class=\"wpr-page-list-item elementor-repeater-item-96956e7 wpr-pointer-none wpr-pointer-line-fx wpr-pointer-fx-\"><div><a   class=\"wpr-no-pointer wpr-pl-title\">Bedingungen und Konditionen<\/a><\/div><\/li><li class=\"wpr-page-list-item elementor-repeater-item-c5dd11c wpr-pointer-none wpr-pointer-line-fx wpr-pointer-fx-\"><div><a   class=\"wpr-no-pointer wpr-pl-title\">Leitf\u00e4den<\/a><\/div><\/li><li class=\"wpr-page-list-item elementor-repeater-item-62fc213 wpr-pointer-none wpr-pointer-line-fx wpr-pointer-fx-\"><div><a   class=\"wpr-no-pointer wpr-pl-title\">Gutschein-Codes<\/a><\/div><\/li><li class=\"wpr-page-list-item elementor-repeater-item-dbab9c7 wpr-pointer-none wpr-pointer-line-fx wpr-pointer-fx-\"><div><a   class=\"wpr-no-pointer wpr-pl-title\">Geschenkgutscheine<\/a><\/div><\/li><li class=\"wpr-page-list-item elementor-repeater-item-c845b2e wpr-pointer-none wpr-pointer-line-fx wpr-pointer-fx-\"><div><a  href=\"https:\/\/tucbo.com\/de\/sichere-online-zahlungen\/\" target=\"_blank\" rel=\"nofollow\" class=\"wpr-no-pointer wpr-pl-title\">Sichere Online-Zahlungen<\/a><\/div><\/li><li class=\"wpr-page-list-item elementor-repeater-item-4dedf8b wpr-pointer-none wpr-pointer-line-fx wpr-pointer-fx-\"><div><a  href=\"https:\/\/tucbo.com\/de\/cookie-richtlinie\/\" target=\"_blank\" rel=\"nofollow\" class=\"wpr-no-pointer wpr-pl-title\">Cookie-Richtlinie<\/a><\/div><\/li><li class=\"wpr-page-list-item elementor-repeater-item-06079d0 wpr-pointer-none wpr-pointer-line-fx wpr-pointer-fx-\"><div><a   class=\"wpr-no-pointer wpr-pl-title\">Blog&amp;Nachrichten<\/a><\/div><\/li><li class=\"wpr-page-list-item elementor-repeater-item-7f75aa6 wpr-pointer-none wpr-pointer-line-fx wpr-pointer-fx-\"><div><a  href=\"https:\/\/tucbo.com\/de\/wagen\/\" target=\"_blank\" rel=\"nofollow\" class=\"wpr-no-pointer wpr-pl-title\">Korb<\/a><\/div><\/li><\/ul><\/div>\t\t\t\t<\/div>\n\t\t\t\t<\/div>\n\t\t<div data-particle_enable=\"false\" data-particle-mobile-disabled=\"false\" class=\"elementor-element elementor-element-e5c0c5a e-con-full e-flex wpr-particle-no wpr-jarallax-no wpr-parallax-no wpr-sticky-section-no e-con e-child\" data-id=\"e5c0c5a\" data-element_type=\"container\" data-settings=\"{&quot;_ha_eqh_enable&quot;:false}\">\n\t\t<div data-particle_enable=\"false\" data-particle-mobile-disabled=\"false\" class=\"elementor-element elementor-element-ba131b8 e-con-full e-flex wpr-particle-no wpr-jarallax-no wpr-parallax-no wpr-sticky-section-no e-con e-child\" data-id=\"ba131b8\" data-element_type=\"container\" data-settings=\"{&quot;_ha_eqh_enable&quot;:false}\">\n\t\t\t\t<div class=\"elementor-element elementor-element-d8e31f0 elementor-widget elementor-widget-text-editor\" data-id=\"d8e31f0\" data-element_type=\"widget\" data-widget_type=\"text-editor.default\">\n\t\t\t\t\t\t\t\t\t<h1 class=\"main-page-title page-title h0 scroll-trigger animate--fade-in\">Lieferung<\/h1><div class=\"rte scroll-trigger animate--slide-in\"><header class=\"PageHeader\"><div class=\"SectionHeader SectionHeader--center\"><h2 class=\"SectionHeader__Heading Heading u-h1\">Gesamtlieferzeit = Bearbeitungszeit + Versandzeit<\/h2><\/div><\/header><div class=\"PageContent PageContent--narrow Rte\"><p>Bearbeitungszeit: Vor der Auslieferung f\u00fchren wir Qualit\u00e4tskontrollen und Tests durch, um die Qualit\u00e4t des Produkts vor dem Versand zu gew\u00e4hrleisten. Normalerweise 4-7 Arbeitstage. Sie kann jedoch auch vom Lagerbestand des Artikels beeinflusst werden. Bei beliebten Artikeln, bei denen es Probleme mit der Lagerverf\u00fcgbarkeit gibt, kann die Bearbeitungszeit 5-10 Arbeitstage betragen.<\/p><div class=\"TableWrapper\"><table class=\"tg\"><thead><tr><th class=\"tg-0ys1\">Versandmethoden<\/th><th class=\"tg-0ys1\">Bereich<\/th><th class=\"tg-0ys1\">Versandzeit<\/th><\/tr><\/thead><tbody><tr><td class=\"tg-jxgv\" rowspan=\"3\">Standard-Versand<\/td><td class=\"tg-jxgv\">Vereinigte Staaten, Kanada, Israel<\/td><td class=\"tg-jxgv\" rowspan=\"2\">5-15 Arbeitstage<\/td><\/tr><tr><td class=\"tg-0ys1\">5-15 Arbeitstage<\/td><\/tr><tr><td class=\"tg-0ys1\">5-15 ArbeitstageRest der Welt<\/td><td class=\"tg-0ys1\">7-20 Arbeitstage<\/td><\/tr><tr><td class=\"tg-ktyi\" rowspan=\"3\">Versandt<\/td><td class=\"tg-ktyi\">Vereinigte Staaten, Kanada, Israel<\/td><td class=\"tg-ktyi\" rowspan=\"2\">3-7 Arbeitstage<\/td><\/tr><tr><td class=\"tg-ktyi\">5-15 Arbeitstage<\/td><\/tr><tr><td class=\"tg-ktyi\">5-15 ArbeitstageRest der Welt<\/td><td class=\"tg-ktyi\">5-15 Arbeitstage<\/td><\/tr><\/tbody><\/table><\/div><p>Versandgeb\u00fchr<\/p><p>Start von 5 USD \/ 400g, \u00fcber 400g kosten 1USD\/100g<\/p><p>z.B.. 400 g = 5 USD \/ 500 g =5+(500-400)\/100=6 USD \/ 800 g =5+(800-400)\/100=9 USD<\/p><p>\u00a0- Alle gesch\u00e4tzten\/typischen Lieferzeiten sind von realen Daten abgeleitet, die bei fr\u00fcheren Bestellungen gesammelt wurden. Sie sind nur ungef\u00e4hre Zeiten als Referenz.\u00a0<\/p><p>- Die Versandzeiten werden durch Feiertage beeinflusst; Hersteller und Kurierdienste schr\u00e4nken ihren Betrieb zu diesen Zeiten ein. Dies liegt au\u00dferhalb unserer Kontrolle.<\/p><p><strong>Hinweis f\u00fcr Steuern:<\/strong><\/p><p>In den meisten L\u00e4ndern m\u00fcssen unsere Kunden keine Einfuhrgeb\u00fchren, Z\u00f6lle oder Mehrwertsteuer (Valued Additional Tax) zahlen. Jedoch f\u00fcr einige begrenzte L\u00e4nder (vor allem f\u00fcr einige europ\u00e4ische L\u00e4nder wie Deutschland, Italien, Gro\u00dfbritannien und Kanada, usw.) m\u00fcssen m\u00f6glicherweise Z\u00f6lle oder Mehrwertsteuer nach Ihrem Land Erhebungsregeln zu zahlen.<\/p><p>Wir freuen uns, internationalen Versand an die meisten Orte der Welt anbieten zu k\u00f6nnen. Die Standardoption dauert 5 bis 20 Werktage. F\u00fcr eine schnellere Lieferung bieten wir einen Eilversand an, der die meisten internationalen Ziele innerhalb von 3 bis 15 Werktagen erreichen kann. Wenn Sie weitere Fragen haben, wenden Sie sich bitte an unseren Kundenservice unter <a href=\"mailto:service@tucbo.com\">service@tucbo.com<\/a><\/p><h3><strong>Wo ist meine Bestellung?<\/strong><\/h3><p>Ihre Versandbest\u00e4tigung erhalten Sie erst, wenn Ihre Bestellung erf\u00fcllt ist. Bitte geben Sie sowohl Ihre E-Mail-Adresse als auch Ihre Bestellnummer ein, um den Status Ihrer Bestellung zu verfolgen.\u00a0<\/p><\/div><\/div>\t\t\t\t\t\t\t\t<\/div>\n\t\t\t\t<\/div>\n\t\t\t\t<\/div>\n\t\t\t\t\t<\/div>\n\t\t\t\t<\/div>\n\t\t\t\t<\/div>","protected":false},"excerpt":{"rendered":"<p>Log In\/Register About Us Discreet Service Delivery Options Returns Policy Contact Tucbo Privacy Policy How To Buy From Tucbo Terms &#038; Conditions Guides Voucher Codes Gift Vouchers Secure Online Payments Cookie Policy Blog&#038;News Basket Delivery Total Delivery Time = Processing Time + Shipping Time Process Time: Before ships out we conduct Quality Control checks and testing in order to ensure the product&#8217;s quality prior to shipment.\u00a04-7 business days Normally. However, it can also be affected by the item&#8217;s stock status. For popular items experiencing stock availability issues, the processing time may be\u00a05-10 business days. Shipping\u00a0Methods Area Shipping Time Standard Shipping United States, Canada, Israel 5-15 business days The United Kingdom\uff0cAustralia The Rest Of The World 7-20 business days Expedited United States, Canada, Israel 3-7 business days The United Kingdom\uff0cAustralia The Rest Of The World 5-15 business days Shipping Fee Start From 5 USD \/ 400g, over 400g will cost 1USD\/100g eg. 400 g = 5 USD\u00a0 \/ 500 g =5+(500-400)\/100=6 USD \/ 800 g =5+(800-400)\/100=9 USD \u00a0\u2022 All estimated\/typical delivery times are derived from real-world data collected from past orders. They are approximate times for reference only.\u00a0 \u2022 Shipping times will be affected by public holidays; manufacturers and couriers will limit their operations at these times. This is out of our control. Note For Taxes: For most of the countries, our customers do not need to pay import fees, duties, or VAT(Valued Additional Tax). However, for some limited countries (especially for some European countries such as Germany, Italy, The UK, and Canada, etc.) may need to pay duties or VAT according to your countries&#8217; levying rules. We are excited to offer international shipping to most destinations in the world. The Standard option will take 5 to 20 business days. For faster delivery, we offer an Expedited Shipping Service that can ship to most of the international locations in 3 to 15 business days. If you have any further questions, please contact our customer services at service@tucbo.com Where is my order? Your shipping confirmation will be received only when your items are fulfilled. Please fill in your both account email and order number in order to monitor order status.\u00a0<\/p>","protected":false},"author":3,"featured_media":0,"parent":0,"menu_order":0,"comment_status":"closed","ping_status":"closed","template":"","meta":{"_seopress_robots_primary_cat":"","_seopress_titles_title":"","_seopress_titles_desc":"","_seopress_robots_index":"","footnotes":""},"class_list":["post-6072","page","type-page","status-publish"],"acf":[],"_links":{"self":[{"href":"https:\/\/tucbo.com\/de\/wp-json\/wp\/v2\/pages\/6072","targetHints":{"allow":["GET"]}}],"collection":[{"href":"https:\/\/tucbo.com\/de\/wp-json\/wp\/v2\/pages"}],"about":[{"href":"https:\/\/tucbo.com\/de\/wp-json\/wp\/v2\/types\/page"}],"author":[{"embeddable":true,"href":"https:\/\/tucbo.com\/de\/wp-json\/wp\/v2\/users\/3"}],"replies":[{"embeddable":true,"href":"https:\/\/tucbo.com\/de\/wp-json\/wp\/v2\/comments?post=6072"}],"version-history":[{"count":13,"href":"https:\/\/tucbo.com\/de\/wp-json\/wp\/v2\/pages\/6072\/revisions"}],"predecessor-version":[{"id":6129,"href":"https:\/\/tucbo.com\/de\/wp-json\/wp\/v2\/pages\/6072\/revisions\/6129"}],"wp:attachment":[{"href":"https:\/\/tucbo.com\/de\/wp-json\/wp\/v2\/media?parent=6072"}],"curies":[{"name":"wp","href":"https:\/\/api.w.org\/{rel}","templated":true}]}}