{"id":5717,"date":"2025-05-21T23:52:01","date_gmt":"2025-05-21T15:52:01","guid":{"rendered":"https:\/\/tucbo.com\/?page_id=5717"},"modified":"2025-07-22T14:30:49","modified_gmt":"2025-07-22T06:30:49","slug":"datenschutzbestimmungen","status":"publish","type":"page","link":"https:\/\/tucbo.com\/de\/datenschutzbestimmungen\/","title":{"rendered":"Datenschutzbestimmungen"},"content":{"rendered":"<div data-elementor-type=\"wp-page\" data-elementor-id=\"5717\" class=\"elementor elementor-5717\" data-elementor-settings=\"{&quot;ha_cmc_init_switcher&quot;:&quot;no&quot;}\" data-elementor-post-type=\"page\">\n\t\t\t\t<div data-particle_enable=\"false\" data-particle-mobile-disabled=\"false\" class=\"elementor-element elementor-element-a0ebeb2 e-flex e-con-boxed wpr-particle-no wpr-jarallax-no wpr-parallax-no wpr-sticky-section-no e-con e-parent\" data-id=\"a0ebeb2\" data-element_type=\"container\" data-settings=\"{&quot;_ha_eqh_enable&quot;:false}\">\n\t\t\t\t\t<div class=\"e-con-inner\">\n\t\t\t\t<div class=\"elementor-element elementor-element-476c50e elementor-widget elementor-widget-woocommerce-breadcrumb\" data-id=\"476c50e\" data-element_type=\"widget\" data-widget_type=\"woocommerce-breadcrumb.default\">\n\t\t\t\t\t<nav class=\"woocommerce-breadcrumb\" aria-label=\"Breadcrumb\" data-no-translation=\"\" data-trp-gettext=\"\">Startseite<\/nav>\t\t\t\t<\/div>\n\t\t\t\t\t<\/div>\n\t\t\t\t<\/div>\n\t\t<div data-particle_enable=\"false\" data-particle-mobile-disabled=\"false\" class=\"elementor-element elementor-element-04ff952 e-flex e-con-boxed wpr-particle-no wpr-jarallax-no wpr-parallax-no wpr-sticky-section-no e-con e-parent\" data-id=\"04ff952\" data-element_type=\"container\" data-settings=\"{&quot;background_background&quot;:&quot;classic&quot;,&quot;_ha_eqh_enable&quot;:false}\">\n\t\t\t\t\t<div class=\"e-con-inner\">\n\t\t<div data-particle_enable=\"false\" data-particle-mobile-disabled=\"false\" class=\"elementor-element elementor-element-5f476b1 e-con-full elementor-hidden-mobile e-flex wpr-particle-no wpr-jarallax-no wpr-parallax-no wpr-sticky-section-no e-con e-child\" data-id=\"5f476b1\" data-element_type=\"container\" data-settings=\"{&quot;_ha_eqh_enable&quot;:false}\">\n\t\t\t\t<div class=\"elementor-element elementor-element-681b9a6 elementor-widget-tablet__width-initial wpr-page-list-vertical wpr-pl-badge-center wpr-pl-icon-center elementor-widget elementor-widget-wpr-page-list\" data-id=\"681b9a6\" data-element_type=\"widget\" data-widget_type=\"wpr-page-list.default\">\n\t\t\t\t\t<div class=\"wpr-page-list-wrap\"><ul class=\"wpr-page-list\"><li class=\"wpr-page-list-item elementor-repeater-item-78636b8 wpr-pointer-none wpr-pointer-line-fx wpr-pointer-fx-\"><div><a  href=\"https:\/\/tucbo.com\/de\/login-register\/\" target=\"_blank\" rel=\"nofollow\" class=\"wpr-no-pointer wpr-pl-title\">Anmelden\/Registrieren<\/a><\/div><\/li><li class=\"wpr-page-list-item elementor-repeater-item-1e3929e wpr-pointer-none wpr-pointer-line-fx wpr-pointer-fx-\"><div><a  href=\"https:\/\/tucbo.com\/de\/uber-uns\/\" target=\"_blank\" rel=\"nofollow\" class=\"wpr-no-pointer wpr-pl-title\">\u00dcber uns<\/a><\/div><\/li><li class=\"wpr-page-list-item elementor-repeater-item-398910b wpr-pointer-none wpr-pointer-line-fx wpr-pointer-fx-\"><div><a  href=\"https:\/\/tucbo.com\/de\/diskreter-service\/\" target=\"_blank\" rel=\"nofollow\" class=\"wpr-no-pointer wpr-pl-title\">Diskreter Service<\/a><\/div><\/li><li class=\"wpr-page-list-item elementor-repeater-item-2c91efa wpr-pointer-none wpr-pointer-line-fx wpr-pointer-fx-\"><div><a  href=\"https:\/\/tucbo.com\/de\/lieferinformationen\/\" target=\"_blank\" rel=\"nofollow\" class=\"wpr-no-pointer wpr-pl-title\">Lieferoptionen<\/a><\/div><\/li><li class=\"wpr-page-list-item elementor-repeater-item-ede3842 wpr-pointer-none wpr-pointer-line-fx wpr-pointer-fx-\"><div><a  href=\"https:\/\/tucbo.com\/de\/erstattung-ruckgabe\/\" target=\"_blank\" rel=\"nofollow\" class=\"wpr-no-pointer wpr-pl-title\">R\u00fcckgabepolitik<\/a><\/div><\/li><li class=\"wpr-page-list-item elementor-repeater-item-66863f4 wpr-pointer-none wpr-pointer-line-fx wpr-pointer-fx-\"><div><a  href=\"https:\/\/tucbo.com\/de\/kontakt\/\" target=\"_blank\" rel=\"nofollow\" class=\"wpr-no-pointer wpr-pl-title\">Kontakt Tucbo<\/a><\/div><\/li><li class=\"wpr-page-list-item elementor-repeater-item-1d5b492 wpr-pointer-none wpr-pointer-line-fx wpr-pointer-fx-\"><div><a  href=\"https:\/\/tucbo.com\/de\/datenschutzbestimmungen\/\" target=\"_blank\" rel=\"nofollow\" class=\"wpr-no-pointer wpr-pl-title\">Datenschutzbestimmungen<\/a><\/div><\/li><li class=\"wpr-page-list-item elementor-repeater-item-b4d8c39 wpr-pointer-none wpr-pointer-line-fx wpr-pointer-fx-\"><div><a   class=\"wpr-no-pointer wpr-pl-title\">Wie man bei Tucbo kauft<\/a><\/div><\/li><li class=\"wpr-page-list-item elementor-repeater-item-96956e7 wpr-pointer-none wpr-pointer-line-fx wpr-pointer-fx-\"><div><a   class=\"wpr-no-pointer wpr-pl-title\">Bedingungen und Konditionen<\/a><\/div><\/li><li class=\"wpr-page-list-item elementor-repeater-item-c5dd11c wpr-pointer-none wpr-pointer-line-fx wpr-pointer-fx-\"><div><a   class=\"wpr-no-pointer wpr-pl-title\">Leitf\u00e4den<\/a><\/div><\/li><li class=\"wpr-page-list-item elementor-repeater-item-62fc213 wpr-pointer-none wpr-pointer-line-fx wpr-pointer-fx-\"><div><a   class=\"wpr-no-pointer wpr-pl-title\">Gutschein-Codes<\/a><\/div><\/li><li class=\"wpr-page-list-item elementor-repeater-item-dbab9c7 wpr-pointer-none wpr-pointer-line-fx wpr-pointer-fx-\"><div><a   class=\"wpr-no-pointer wpr-pl-title\">Geschenkgutscheine<\/a><\/div><\/li><li class=\"wpr-page-list-item elementor-repeater-item-c845b2e wpr-pointer-none wpr-pointer-line-fx wpr-pointer-fx-\"><div><a   class=\"wpr-no-pointer wpr-pl-title\">Sichere Online-Zahlungen<\/a><\/div><\/li><li class=\"wpr-page-list-item elementor-repeater-item-4dedf8b wpr-pointer-none wpr-pointer-line-fx wpr-pointer-fx-\"><div><a  href=\"https:\/\/tucbo.com\/de\/cookie-richtlinie\/\" target=\"_blank\" rel=\"nofollow\" class=\"wpr-no-pointer wpr-pl-title\">Cookie-Richtlinie<\/a><\/div><\/li><li class=\"wpr-page-list-item elementor-repeater-item-06079d0 wpr-pointer-none wpr-pointer-line-fx wpr-pointer-fx-\"><div><a   class=\"wpr-no-pointer wpr-pl-title\">Blog&amp;Nachrichten<\/a><\/div><\/li><li class=\"wpr-page-list-item elementor-repeater-item-7f75aa6 wpr-pointer-none wpr-pointer-line-fx wpr-pointer-fx-\"><div><a  href=\"https:\/\/tucbo.com\/de\/wagen\/\" target=\"_blank\" rel=\"nofollow\" class=\"wpr-no-pointer wpr-pl-title\">Korb<\/a><\/div><\/li><\/ul><\/div>\t\t\t\t<\/div>\n\t\t\t\t<\/div>\n\t\t<div data-particle_enable=\"false\" data-particle-mobile-disabled=\"false\" class=\"elementor-element elementor-element-a5158b2 e-con-full e-flex wpr-particle-no wpr-jarallax-no wpr-parallax-no wpr-sticky-section-no e-con e-child\" data-id=\"a5158b2\" data-element_type=\"container\" data-settings=\"{&quot;_ha_eqh_enable&quot;:false}\">\n\t\t<div data-particle_enable=\"false\" data-particle-mobile-disabled=\"false\" class=\"elementor-element elementor-element-006e959 e-con-full e-flex wpr-particle-no wpr-jarallax-no wpr-parallax-no wpr-sticky-section-no e-con e-child\" data-id=\"006e959\" data-element_type=\"container\" data-settings=\"{&quot;_ha_eqh_enable&quot;:false}\">\n\t\t\t\t<div class=\"elementor-element elementor-element-49b19dd elementor-widget elementor-widget-text-editor\" data-id=\"49b19dd\" data-element_type=\"widget\" data-widget_type=\"text-editor.default\">\n\t\t\t\t\t\t\t\t\t<h1 data-start=\"108\" data-end=\"126\"><strong data-start=\"108\" data-end=\"126\">DATENSCHUTZPOLITIK<\/strong><\/h1><p data-start=\"128\" data-end=\"429\">Wir bei Tucbo.com respektieren Ihre Privatsph\u00e4re und verpflichten uns, die pers\u00f6nlichen Daten, die Sie uns zur Verf\u00fcgung stellen, zu sch\u00fctzen. Diese Datenschutzrichtlinie erkl\u00e4rt, wie wir Ihre Daten sammeln, verwenden, offenlegen und sch\u00fctzen, wenn Sie unsere Website besuchen <a class=\"\" href=\"https:\/\/tucbo.com\/de\/\" target=\"_new\" rel=\"noopener\" data-start=\"360\" data-end=\"377\">https:\/\/tucbo.com<\/a> (die \u201eWebsite\u201c). Bitte lesen Sie diese Richtlinie sorgf\u00e4ltig durch.<\/p><p data-start=\"431\" data-end=\"542\">Indem Sie auf die Website zugreifen oder sie nutzen, erkennen Sie die in dieser Datenschutzrichtlinie beschriebenen Praktiken an und stimmen ihnen zu.<\/p><p data-start=\"544\" data-end=\"626\"><strong data-start=\"544\" data-end=\"573\">1. INFORMATIONEN, DIE WIR SAMMELN<\/strong><br data-start=\"573\" data-end=\"576\" \/>Wir k\u00f6nnen die folgenden Arten von Informationen sammeln:<\/p><p data-start=\"628\" data-end=\"748\"><strong data-start=\"628\" data-end=\"656\">1.1 Pers\u00f6nliche Informationen<\/strong><br data-start=\"656\" data-end=\"659\" \/>Informationen, die Sie uns freiwillig zur Verf\u00fcgung stellen und die Sie pers\u00f6nlich identifizieren, wie zum Beispiel:<\/p><ul data-start=\"749\" data-end=\"944\"><li data-start=\"749\" data-end=\"757\"><p data-start=\"751\" data-end=\"757\">Name<\/p><\/li><li data-start=\"758\" data-end=\"775\"><p data-start=\"760\" data-end=\"775\">E-Mail Adresse<\/p><\/li><li data-start=\"776\" data-end=\"792\"><p data-start=\"778\" data-end=\"792\">Rufnummer<\/p><\/li><li data-start=\"793\" data-end=\"825\"><p data-start=\"795\" data-end=\"825\">Rechnungs- und Lieferadresse<\/p><\/li><li data-start=\"826\" data-end=\"904\"><p data-start=\"828\" data-end=\"904\">Zahlungsinformationen (sicher verarbeitet \u00fcber Drittanbieter)<\/p><\/li><li data-start=\"905\" data-end=\"944\"><p data-start=\"907\" data-end=\"944\">Zugangsdaten zum Konto (falls zutreffend)<\/p><\/li><\/ul><p data-start=\"946\" data-end=\"1031\"><strong data-start=\"946\" data-end=\"978\">1.2 Nicht-personenbezogene Informationen<\/strong><br data-start=\"978\" data-end=\"981\" \/>Informationen, mit denen Sie nicht direkt identifiziert werden k\u00f6nnen:<\/p><ul data-start=\"1032\" data-end=\"1182\"><li data-start=\"1032\" data-end=\"1046\"><p data-start=\"1034\" data-end=\"1046\">IP-Adresse<\/p><\/li><li data-start=\"1047\" data-end=\"1075\"><p data-start=\"1049\" data-end=\"1075\">Browsertyp und -version<\/p><\/li><li data-start=\"1076\" data-end=\"1112\"><p data-start=\"1078\" data-end=\"1112\">Ger\u00e4tetyp und Betriebssystem<\/p><\/li><li data-start=\"1113\" data-end=\"1182\"><p data-start=\"1115\" data-end=\"1182\">Website-Nutzungsdaten (z. B. besuchte Seiten, Verweildauer, verweisende URL)<\/p><\/li><\/ul><p data-start=\"1184\" data-end=\"1362\"><strong data-start=\"1184\" data-end=\"1225\">1.3 Cookies und Tracking-Technologien<\/strong><br data-start=\"1225\" data-end=\"1228\" \/>Wir verwenden Cookies und \u00e4hnliche Technologien, um Ihre Erfahrung auf unserer Website zu verbessern. Bitte lesen Sie unsere Cookie-Richtlinie f\u00fcr weitere Details.<\/p><p data-start=\"1364\" data-end=\"1434\"><strong data-start=\"1364\" data-end=\"1398\">2. WIE WIR IHRE INFORMATIONEN VERWENDEN<\/strong><br data-start=\"1398\" data-end=\"1401\" \/>Wir k\u00f6nnen Ihre Informationen verwenden, um:<\/p><ul data-start=\"1435\" data-end=\"1739\"><li data-start=\"1435\" data-end=\"1481\"><p data-start=\"1437\" data-end=\"1481\">Bereitstellung, Betrieb und Wartung unserer Website<\/p><\/li><li data-start=\"1482\" data-end=\"1529\"><p data-start=\"1484\" data-end=\"1529\">Transaktionen verarbeiten und Best\u00e4tigungen senden<\/p><\/li><li data-start=\"1530\" data-end=\"1558\"><p data-start=\"1532\" data-end=\"1558\">Verbesserung des Kundendienstes<\/p><\/li><li data-start=\"1559\" data-end=\"1628\"><p data-start=\"1561\" data-end=\"1628\">Versenden von Werbe- und Marketingmitteilungen (mit Ihrer Zustimmung)<\/p><\/li><li data-start=\"1629\" data-end=\"1660\"><p data-start=\"1631\" data-end=\"1660\">Personalisieren Sie Ihr Erlebnis<\/p><\/li><li data-start=\"1661\" data-end=\"1703\"><p data-start=\"1663\" data-end=\"1703\">Durchf\u00fchrung von Analysen und Nutzungs\u00fcberwachung<\/p><\/li><li data-start=\"1704\" data-end=\"1739\"><p data-start=\"1706\" data-end=\"1739\">Verhinderung von Betrug und Gew\u00e4hrleistung der Sicherheit<\/p><\/li><\/ul><p data-start=\"1741\" data-end=\"1979\"><strong data-start=\"1741\" data-end=\"1785\">3. RECHTSGRUNDLAGE F\u00dcR DIE VERARBEITUNG (EU-NUTZER)<\/strong><br data-start=\"1785\" data-end=\"1788\" \/>Wenn Sie sich im Europ\u00e4ischen Wirtschaftsraum (EWR) befinden, h\u00e4ngt die Rechtsgrundlage f\u00fcr die Erhebung und Verwendung Ihrer personenbezogenen Daten von dem Kontext ab, in dem sie erhoben werden. Dies kann Folgendes umfassen:<\/p><ul data-start=\"1980\" data-end=\"2104\"><li data-start=\"1980\" data-end=\"1996\"><p data-start=\"1982\" data-end=\"1996\">Ihre Zustimmung<\/p><\/li><li data-start=\"1997\" data-end=\"2030\"><p data-start=\"1999\" data-end=\"2030\">Die Erf\u00fcllung eines Vertrags<\/p><\/li><li data-start=\"2031\" data-end=\"2068\"><p data-start=\"2033\" data-end=\"2068\">Einhaltung der rechtlichen Verpflichtungen<\/p><\/li><li data-start=\"2069\" data-end=\"2104\"><p data-start=\"2071\" data-end=\"2104\">Unsere legitimen Gesch\u00e4ftsinteressen<\/p><\/li><\/ul><p data-start=\"2106\" data-end=\"2221\"><strong data-start=\"2106\" data-end=\"2137\">4. WEITERGABE IHRER INFORMATIONEN<\/strong><br data-start=\"2137\" data-end=\"2140\" \/>Wir verkaufen Ihre pers\u00f6nlichen Daten nicht. Wir k\u00f6nnen Ihre Daten jedoch weitergeben an:<\/p><ul data-start=\"2222\" data-end=\"2490\"><li data-start=\"2222\" data-end=\"2345\"><p data-start=\"2224\" data-end=\"2345\">Dienstanbieter: Dritte, die in unserem Auftrag Dienstleistungen erbringen (z. B. Hosting, Zahlungsabwicklung, E-Mail-Versand)<\/p><\/li><li data-start=\"2346\" data-end=\"2420\"><p data-start=\"2348\" data-end=\"2420\">Gesetzliche Beh\u00f6rden: Wenn dies gesetzlich vorgeschrieben ist oder zum Schutz unserer gesetzlichen Rechte<\/p><\/li><li data-start=\"2421\" data-end=\"2490\"><p data-start=\"2423\" data-end=\"2490\">Unternehmens\u00fcbertragungen: Im Falle einer Fusion, \u00dcbernahme oder eines Verkaufs von Verm\u00f6genswerten<\/p><\/li><\/ul><p data-start=\"2492\" data-end=\"2679\"><strong data-start=\"2492\" data-end=\"2513\">5. DATENAUFBEWAHRUNG<\/strong><br data-start=\"2513\" data-end=\"2516\" \/>Wir bewahren personenbezogene Daten nur so lange auf, wie es zur Erf\u00fcllung der in dieser Datenschutzrichtlinie genannten Zwecke erforderlich ist, es sei denn, eine l\u00e4ngere Aufbewahrungsfrist ist gesetzlich vorgeschrieben.<\/p><p data-start=\"2681\" data-end=\"2924\"><strong data-start=\"2681\" data-end=\"2701\">6. DATENSICHERHEIT<\/strong><br data-start=\"2701\" data-end=\"2704\" \/>Wir setzen geeignete technische und organisatorische Ma\u00dfnahmen ein, um Ihre personenbezogenen Daten vor unbefugtem Zugriff, unbefugter Nutzung, Ver\u00e4nderung oder Zerst\u00f6rung zu sch\u00fctzen. Allerdings ist keine Methode der \u00dcbertragung \u00fcber das Internet 100% sicher.<\/p><p data-start=\"2926\" data-end=\"3021\"><strong data-start=\"2926\" data-end=\"2956\">7. IHRE RECHTE UND WAHLM\u00d6GLICHKEITEN<\/strong><br data-start=\"2956\" data-end=\"2959\" \/>Je nach Ihrem Wohnort haben Sie unter Umst\u00e4nden die folgenden Rechte:<\/p><p data-start=\"3023\" data-end=\"3052\"><strong data-start=\"3023\" data-end=\"3050\">7.1 Allgemeine Benutzerrechte<\/strong><\/p><ul data-start=\"3053\" data-end=\"3227\"><li data-start=\"3053\" data-end=\"3082\"><p data-start=\"3055\" data-end=\"3082\">Zugang zu Ihren pers\u00f6nlichen Daten<\/p><\/li><li data-start=\"3083\" data-end=\"3124\"><p data-start=\"3085\" data-end=\"3124\">Berichtigen Sie ungenaue oder unvollst\u00e4ndige Daten<\/p><\/li><li data-start=\"3125\" data-end=\"3171\"><p data-start=\"3127\" data-end=\"3171\">L\u00f6schen Ihrer Daten (\u201eRecht auf Vergessenwerden\u201c)<\/p><\/li><li data-start=\"3172\" data-end=\"3208\"><p data-start=\"3174\" data-end=\"3208\">Widerspruch gegen die Verarbeitung oder Einschr\u00e4nkung der Verarbeitung<\/p><\/li><li data-start=\"3209\" data-end=\"3227\"><p data-start=\"3211\" data-end=\"3227\">Zustimmung zur\u00fcckziehen<\/p><\/li><\/ul><p data-start=\"3229\" data-end=\"3256\"><strong data-start=\"3229\" data-end=\"3254\">7.2 EU\/UK GDPR-Rechte<\/strong><\/p><ul data-start=\"3257\" data-end=\"3336\"><li data-start=\"3257\" data-end=\"3280\"><p data-start=\"3259\" data-end=\"3280\">\u00dcbertragbarkeit von Daten<\/p><\/li><li data-start=\"3281\" data-end=\"3336\"><p data-start=\"3283\" data-end=\"3336\">Einreichung einer Beschwerde bei Ihrer Datenschutzbeh\u00f6rde<\/p><\/li><\/ul><p data-start=\"3338\" data-end=\"3375\"><strong data-start=\"3338\" data-end=\"3373\">7.3 In Kalifornien ans\u00e4ssige Personen (CCPA)<\/strong><\/p><ul data-start=\"3376\" data-end=\"3546\"><li data-start=\"3376\" data-end=\"3422\"><p data-start=\"3378\" data-end=\"3422\">Wissen, welche pers\u00f6nlichen Daten gesammelt werden<\/p><\/li><li data-start=\"3423\" data-end=\"3460\"><p data-start=\"3425\" data-end=\"3460\">Beantragung der L\u00f6schung von personenbezogenen Daten<\/p><\/li><li data-start=\"3461\" data-end=\"3546\"><p data-start=\"3463\" data-end=\"3546\">Ablehnung des Verkaufs von pers\u00f6nlichen Informationen (Tucbo.com verkauft keine pers\u00f6nlichen Daten)<\/p><\/li><\/ul><p data-start=\"3548\" data-end=\"3623\">Sie k\u00f6nnen jedes dieser Rechte aus\u00fcben, indem Sie sich mit uns in Verbindung setzen <a class=\"cursor-pointer\" rel=\"noopener\" data-start=\"3605\" data-end=\"3622\">support@tucbo.com<\/a>.<\/p><p data-start=\"3625\" data-end=\"3881\"><strong data-start=\"3625\" data-end=\"3650\">8. PRIVATSPH\u00c4RE DER KINDER<\/strong><br data-start=\"3650\" data-end=\"3653\" \/>Unsere Website ist nicht f\u00fcr Kinder unter 13 Jahren (bzw. 16 Jahren gem\u00e4\u00df der GDPR) bestimmt. Wir sammeln nicht wissentlich Daten von Kindern. Wenn wir erfahren, dass ein Kind personenbezogene Daten \u00fcbermittelt hat, werden wir diese umgehend l\u00f6schen.<\/p><p data-start=\"3883\" data-end=\"4059\"><strong data-start=\"3883\" data-end=\"3907\">9. LINKS ZU DRITTEN<\/strong><br data-start=\"3907\" data-end=\"3910\" \/>Unsere Website kann Links zu anderen Websites enthalten, die nicht von uns betrieben werden. Wir sind nicht verantwortlich f\u00fcr die Datenschutzpraktiken dieser Drittparteien.<\/p><p data-start=\"4061\" data-end=\"4330\"><strong data-start=\"4061\" data-end=\"4099\">10. \u00c4NDERUNGEN AN DIESER DATENSCHUTZRICHTLINIE<\/strong><br data-start=\"4099\" data-end=\"4102\" \/>Wir k\u00f6nnen diese Datenschutzrichtlinie von Zeit zu Zeit aktualisieren. Wir werden Sie \u00fcber alle wesentlichen \u00c4nderungen informieren, indem wir die neue Richtlinie auf dieser Seite ver\u00f6ffentlichen und das Datum \u201eLetzte Aktualisierung\u201c aktualisieren. Wir empfehlen Ihnen, diese Richtlinie regelm\u00e4\u00dfig zu \u00fcberpr\u00fcfen.<\/p><p data-start=\"4332\" data-end=\"4494\"><strong data-start=\"4332\" data-end=\"4350\">11. KONTAKT<\/strong><br data-start=\"4350\" data-end=\"4353\" \/>Wenn Sie Fragen zu dieser Datenschutzrichtlinie oder zum Umgang mit Ihren pers\u00f6nlichen Daten haben, wenden Sie sich bitte an uns:<br data-start=\"4467\" data-end=\"4470\" \/>Email: <a class=\"cursor-pointer\" href=\"mailto:service@tucbo.com\" rel=\"noopener\" data-start=\"4477\" data-end=\"4494\">service@tucbo.com<\/a><\/p><p data-start=\"4634\" data-end=\"4664\">\u00a0<\/p>\t\t\t\t\t\t\t\t<\/div>\n\t\t\t\t<\/div>\n\t\t\t\t<\/div>\n\t\t\t\t\t<\/div>\n\t\t\t\t<\/div>\n\t\t\t\t<\/div>","protected":false},"excerpt":{"rendered":"<p>Log In\/Register About Us Discreet Service Delivery Options Returns Policy Contact Tucbo Privacy Policy How To Buy From Tucbo Terms &#038; Conditions Guides Voucher Codes Gift Vouchers Secure Online Payments Cookie Policy Blog&#038;News Basket PRIVACY POLICY At Tucbo.com, we respect your privacy and are committed to protecting the personal information you provide to us. This Privacy Policy explains how we collect, use, disclose, and safeguard your information when you visit our website https:\/\/tucbo.com (the \u201cWebsite\u201d). Please read this policy carefully. By accessing or using the Website, you acknowledge and agree to the practices described in this Privacy Policy. 1. INFORMATION WE COLLECTWe may collect the following types of information: 1.1 Personal InformationInformation that you voluntarily provide to us that identifies you personally, such as: Name Email address Phone number Billing and shipping address Payment information (processed securely via third-party payment providers) Account login details (if applicable) 1.2 Non-Personal InformationInformation that does not directly identify you: IP address Browser type and version Device type and operating system Website usage data (e.g., pages visited, time spent, referring URL) 1.3 Cookies and Tracking TechnologiesWe use cookies and similar technologies to enhance your experience on our Website. Please refer to our Cookie Policy for more details. 2. HOW WE USE YOUR INFORMATIONWe may use your information to: Provide, operate, and maintain our Website Process transactions and send confirmations Improve customer service Send promotional and marketing communications (with your consent) Personalize your experience Conduct analytics and usage monitoring Prevent fraud and ensure security 3. LEGAL BASIS FOR PROCESSING (EU USERS)If you are located in the European Economic Area (EEA), our legal basis for collecting and using your personal information depends on the context in which it is collected. This may include: Your consent The performance of a contract Compliance with legal obligations Our legitimate business interests 4. SHARING YOUR INFORMATIONWe do not sell your personal information. However, we may share your data with: Service Providers: Third parties who perform services on our behalf (e.g., hosting, payment processing, email delivery) Legal Authorities: When required by law or to protect our legal rights Business Transfers: In case of a merger, acquisition, or asset sale 5. DATA RETENTIONWe retain personal data only for as long as necessary to fulfill the purposes outlined in this Privacy Policy, unless a longer retention period is required by law. 6. DATA SECURITYWe implement appropriate technical and organizational measures to protect your personal data from unauthorized access, use, alteration, or destruction. However, no method of transmission over the Internet is 100% secure. 7. YOUR RIGHTS AND CHOICESDepending on your location, you may have the following rights: 7.1 General User Rights Access your personal data Correct inaccurate or incomplete data Delete your data (\u201cRight to be forgotten\u201d) Object to or restrict processing Withdraw consent 7.2 EU\/UK GDPR Rights Portability of data Lodge a complaint with your data protection authority 7.3 California Residents (CCPA) Know what personal data is being collected Request deletion of personal data Opt-out of the sale of personal information (Tucbo.com does not sell personal data) You can exercise any of these rights by contacting us at support@tucbo.com. 8. CHILDREN\u2019S PRIVACYOur Website is not intended for children under the age of 13 (or 16 under the GDPR). We do not knowingly collect data from children. If we become aware that a child has submitted personal information, we will delete it promptly. 9. THIRD-PARTY LINKSOur Website may contain links to other websites that are not operated by us. We are not responsible for the privacy practices of those third parties. 10. CHANGES TO THIS PRIVACY POLICYWe may update this Privacy Policy from time to time. We will notify you of any significant changes by posting the new policy on this page and updating the \u201cLast Updated\u201d date. We encourage you to review this policy periodically. 11. CONTACT USIf you have any questions about this Privacy Policy or how we handle your personal information, please contact us:Email: service@tucbo.com \u00a0<\/p>","protected":false},"author":3,"featured_media":0,"parent":0,"menu_order":0,"comment_status":"closed","ping_status":"closed","template":"","meta":{"_seopress_robots_primary_cat":"","_seopress_titles_title":"","_seopress_titles_desc":"","_seopress_robots_index":"","footnotes":""},"class_list":["post-5717","page","type-page","status-publish"],"acf":[],"_links":{"self":[{"href":"https:\/\/tucbo.com\/de\/wp-json\/wp\/v2\/pages\/5717","targetHints":{"allow":["GET"]}}],"collection":[{"href":"https:\/\/tucbo.com\/de\/wp-json\/wp\/v2\/pages"}],"about":[{"href":"https:\/\/tucbo.com\/de\/wp-json\/wp\/v2\/types\/page"}],"author":[{"embeddable":true,"href":"https:\/\/tucbo.com\/de\/wp-json\/wp\/v2\/users\/3"}],"replies":[{"embeddable":true,"href":"https:\/\/tucbo.com\/de\/wp-json\/wp\/v2\/comments?post=5717"}],"version-history":[{"count":40,"href":"https:\/\/tucbo.com\/de\/wp-json\/wp\/v2\/pages\/5717\/revisions"}],"predecessor-version":[{"id":6985,"href":"https:\/\/tucbo.com\/de\/wp-json\/wp\/v2\/pages\/5717\/revisions\/6985"}],"wp:attachment":[{"href":"https:\/\/tucbo.com\/de\/wp-json\/wp\/v2\/media?parent=5717"}],"curies":[{"name":"wp","href":"https:\/\/api.w.org\/{rel}","templated":true}]}}